{"id":30514,"date":"2026-03-25T14:40:40","date_gmt":"2026-03-25T14:40:40","guid":{"rendered":"https:\/\/store.wattsc.com\/?post_type=product&#038;p=30514"},"modified":"2026-03-25T14:40:53","modified_gmt":"2026-03-25T14:40:53","slug":"borne-de-recharge-wallbox-h-lctc-22kw-c","status":"publish","type":"product","link":"https:\/\/store.wattsc.com\/?product=borne-de-recharge-wallbox-h-lctc-22kw-c","title":{"rendered":"Borne de recharge Wallbox H-LCTC 22KW (C)"},"content":{"rendered":"<section id=\"projector_productname\" class=\"product_name mb-4\">\n<div class=\"product_name__block --description mt-3\">\n<p class=\"font-claude-response-body break-words whitespace-normal leading-[1.7]\"><strong>Wallbox H-LCTC<\/strong> est une borne de recharge intelligente pour v\u00e9hicules \u00e9lectriques d&rsquo;une puissance allant jusqu&rsquo;\u00e0 22 kW, \u00e9quip\u00e9e d&rsquo;une prise de recharge. La Wallbox est dot\u00e9e de nombreuses fonctions avanc\u00e9es permettant une recharge efficace de la batterie, garantissant une disponibilit\u00e9 compl\u00e8te du v\u00e9hicule en un minimum de temps.<\/p>\n<p class=\"font-claude-response-body break-words whitespace-normal leading-[1.7]\"><em>La borne peut prendre en charge de nombreuses fonctionnalit\u00e9s avanc\u00e9es telles que : <strong>le syst\u00e8me d&rsquo;autorisation RFID, l&rsquo;\u00e9quilibrage de charge, l&rsquo;int\u00e9gration avec les syst\u00e8mes photovolta\u00efques<\/strong>, permettant l&rsquo;utilisation de l&rsquo;\u00e9nergie solaire exc\u00e9dentaire. Pour en b\u00e9n\u00e9ficier, il est n\u00e9cessaire de l&rsquo;\u00e9quiper de composants suppl\u00e9mentaires tels qu&rsquo;un compteur intelligent (Smart Meter) ou une pince amp\u00e8rem\u00e9trique (CT clamp).<\/em><\/p>\n<\/div>\n<p><img decoding=\"async\" class=\"aligncenter\" src=\"https:\/\/diagprog4.com\/pics\/Lctcc_shop2.png\" alt=\"launch\" \/><\/p>\n<div class=\"product_name__block --description mt-3\">\n<hr class=\"border-border-200 border-t-0.5 my-3 mx-1.5\" \/>\n<p class=\"font-claude-response-body break-words whitespace-normal leading-[1.7]\"><strong>Principaux avantages de la Wallbox H-LCTC :<\/strong><\/p>\n<p class=\"font-claude-response-body break-words whitespace-normal leading-[1.7]\"><strong>1. PUISSANCE DE RECHARGE \u00c9LEV\u00c9E<\/strong> Selon le mod\u00e8le, une recharge <strong>jusqu&rsquo;\u00e0 22 kW<\/strong> est possible, r\u00e9duisant ainsi le temps d&rsquo;attente avant que le v\u00e9hicule soit pleinement charg\u00e9.<\/p>\n<p class=\"font-claude-response-body break-words whitespace-normal leading-[1.7]\"><strong>2. DE NOMBREUSES FONCTIONNALIT\u00c9S AVANC\u00c9ES<\/strong> La borne est \u00e9quip\u00e9e d&rsquo;un lecteur de carte RFID, permettant uniquement aux personnes autoris\u00e9es d&rsquo;initier le processus de recharge gr\u00e2ce \u00e0 leur propre carte. La fonctionnalit\u00e9 d&rsquo;autorisation RFID est particuli\u00e8rement utile dans les parkings publics ou les \u00e9tablissements commerciaux tels que les h\u00f4tels ou les restaurants.<\/p>\n<p class=\"font-claude-response-body break-words whitespace-normal leading-[1.7]\"><strong>3. DESIGN UNIQUE ET MODERNE<\/strong> La borne H-LCTC se distingue par un design moderne et \u00e9l\u00e9gant, un bo\u00eetier robuste et une qualit\u00e9 de fabrication fiable, m\u00eame dans les conditions m\u00e9t\u00e9orologiques les plus difficiles. Sa finition soign\u00e9e et son interface intuitive la d\u00e9marquent de la concurrence. Ses <strong>dimensions compactes (260 x 260 x 100 mm)<\/strong> et sa finition partiellement mate lui permettent de s&rsquo;int\u00e9grer harmonieusement devant une maison ou une entreprise, s&rsquo;adaptant \u00e0 tout environnement. Son installation facile gr\u00e2ce \u00e0 un support de montage constitue un avantage suppl\u00e9mentaire.<\/p>\n<p class=\"font-claude-response-body break-words whitespace-normal leading-[1.7]\"><strong>4. \u00c9QUILIBRAGE DYNAMIQUE DE CHARGE<\/strong> FONCTION ADDITIONNELLE : La <strong>Wallbox H-LCTC<\/strong> assure une distribution optimale de l&rsquo;\u00e9nergie pendant le processus de recharge. La Wallbox surveille la consommation d&rsquo;\u00e9nergie et ajuste la puissance de recharge afin d&rsquo;\u00e9viter toute surcharge de l&rsquo;installation \u00e9lectrique, contribuant ainsi \u00e0 la stabilit\u00e9 du r\u00e9seau \u00e9lectrique.<\/p>\n<p class=\"font-claude-response-body break-words whitespace-normal leading-[1.7]\"><strong>5. APPLICATION MOBILE<\/strong> <strong>L&rsquo;application mobile \u00ab Hcharger \u00bb offre un contr\u00f4le total sur le processus de recharge.<\/strong> Les utilisateurs peuvent d\u00e9marrer et arr\u00eater la recharge \u00e0 distance, ajuster l&rsquo;intensit\u00e9 de courant souhait\u00e9e, cr\u00e9er des plannings et surveiller l&rsquo;historique et le statut de l&rsquo;appareil en temps r\u00e9el.<\/p>\n<p class=\"font-claude-response-body break-words whitespace-normal leading-[1.7]\"><strong>6. GESTION INTELLIGENTE<\/strong> Surveillez l&rsquo;\u00e9tat de charge du v\u00e9hicule et planifiez la recharge aux heures o\u00f9 le tarif est le plus avantageux, tout en consultant les statistiques en temps r\u00e9el.<\/p>\n<p class=\"font-claude-response-body break-words whitespace-normal leading-[1.7]\"><strong>7. S\u00c9CURIT\u00c9<\/strong> Surveillez l&rsquo;\u00e9tat de charge du v\u00e9hicule et planifiez la recharge \u00e0 tout moment selon le tarif le plus avantageux, avec consultation des statistiques en temps r\u00e9el. Indice de protection IP65 \/ IP55.<\/p>\n<p class=\"font-claude-response-body break-words whitespace-normal leading-[1.7]\"><strong>8. FONCTIONNALIT\u00c9 OCPP<\/strong> Conforme au protocole de communication <strong>OCPP 1.6 (Open Charge Point Protocol)<\/strong>, permettant la surveillance et la gestion \u00e0 distance du processus de recharge. Gr\u00e2ce \u00e0 cela, les utilisateurs disposent d&rsquo;un contr\u00f4le total sur leurs sessions de recharge, et les op\u00e9rateurs de bornes peuvent g\u00e9rer efficacement l&rsquo;ensemble de leur r\u00e9seau de stations de recharge.<\/p>\n<\/div>\n<p><img decoding=\"async\" class=\"aligncenter\" src=\"https:\/\/diagprog4.com\/pics\/\/Lctc_shop1.png\" alt=\"launch\" \/><\/p>\n<div class=\"product_name__block --description mt-3\">\n<hr class=\"border-border-200 border-t-0.5 my-3 mx-1.5\" \/>\n<p class=\"font-claude-response-body break-words whitespace-normal leading-[1.7]\"><strong>La borne saura r\u00e9pondre aux besoins de tout propri\u00e9taire de v\u00e9hicule \u00e9lectrique !<\/strong><\/p>\n<hr class=\"border-border-200 border-t-0.5 my-3 mx-1.5\" \/>\n<p class=\"font-claude-response-body break-words whitespace-normal leading-[1.7]\"><strong>CONTENU DU COFFRET :<\/strong><\/p>\n<ul class=\"[li_&amp;]:mb-0 [li_&amp;]:mt-1 [li_&amp;]:gap-1 [&amp;:not(:last-child)_ul]:pb-1 [&amp;:not(:last-child)_ol]:pb-1 list-disc flex flex-col gap-1 pl-8 mb-3\">\n<li class=\"whitespace-normal break-words pl-2\">Chargeur EV intelligent H-LCTC<\/li>\n<li class=\"whitespace-normal break-words pl-2\">Cartes RFID pour la recharge<\/li>\n<li class=\"whitespace-normal break-words pl-2\">Support de c\u00e2ble<\/li>\n<li class=\"whitespace-normal break-words pl-2\">Kit de montage avec support mural<\/li>\n<li class=\"whitespace-normal break-words pl-2\">Manuel d&rsquo;utilisation<\/li>\n<\/ul>\n<hr class=\"border-border-200 border-t-0.5 my-3 mx-1.5\" \/>\n<p class=\"font-claude-response-body break-words whitespace-normal leading-[1.7]\"><strong>L&rsquo;application mobile d\u00e9di\u00e9e permet de :<\/strong><\/p>\n<ul>\n<li style=\"list-style-type: none;\">\n<ul class=\"[li_&amp;]:mb-0 [li_&amp;]:mt-1 [li_&amp;]:gap-1 [&amp;:not(:last-child)_ul]:pb-1 [&amp;:not(:last-child)_ol]:pb-1 list-disc flex flex-col gap-1 pl-8 mb-3\">\n<li class=\"whitespace-normal break-words pl-2\">Op\u00e9rer \/ Configurer \/ G\u00e9rer le processus de recharge<\/li>\n<li class=\"whitespace-normal break-words pl-2\">D\u00e9marrer \/ Arr\u00eater la session de recharge<\/li>\n<li class=\"whitespace-normal break-words pl-2\">R\u00e9gler et modifier l&rsquo;intensit\u00e9 de recharge<\/li>\n<li class=\"whitespace-normal break-words pl-2\">Configurer un planning de recharge<\/li>\n<li class=\"whitespace-normal break-words pl-2\">Suivre la progression de la recharge<\/li>\n<li class=\"whitespace-normal break-words pl-2\">V\u00e9rifier le statut op\u00e9rationnel et les messages d&rsquo;alerte<\/li>\n<\/ul>\n<\/li>\n<\/ul>\n<\/div>\n<p><img decoding=\"async\" src=\"https:\/\/diagprog4.com\/pics\/H_series_1.png\" alt=\"launch\" \/><\/p>\n<\/section>\n","protected":false},"excerpt":{"rendered":"<p>Wallbox H-LCTC est une borne de recharge intelligente pour v\u00e9hicules \u00e9lectriques d&rsquo;une puissance allant jusqu&rsquo;\u00e0 22 kW, \u00e9quip\u00e9e d&rsquo;une prise [&hellip;]<\/p>\n","protected":false},"featured_media":30515,"comment_status":"open","ping_status":"closed","template":"","meta":{"content-type":"","rop_custom_images_group":[],"rop_custom_messages_group":[],"rop_publish_now":"no","rop_publish_now_accounts":{"gmb_114395098992411388296_accounts\/114395098992411388296\/locations\/12006445379806666969":"","linkedin_vd11fNtDAd_vd11fNtDAd":"","twitter_1300405782383558656_1300405782383558656":"","tumblr_wattscdotcom_wattscdotcom":"","facebook_1791781087687796_116085383271852":"","gmb_107160579247662550978_accounts\/107160579247662550978\/locations\/12097786389432444087":"","gmb_107160579247662550978_accounts\/107160579247662550978\/locations\/10051390009109310933":"","gmb_107160579247662550978_accounts\/107160579247662550978\/locations\/12006445379806666969":"","facebook_1791781087687796_17841456517942081":"","linkedin_PK5Ejlb2VU_105025086":"","linkedin_PK5Ejlb2VU_37419926":""},"rop_publish_now_history":[{"account":"gmb_114395098992411388296_accounts\/114395098992411388296\/locations\/12006445379806666969","service":"gmb","timestamp":1774449710,"status":"error"},{"account":"linkedin_vd11fNtDAd_vd11fNtDAd","service":"linkedin","timestamp":1774449711,"status":"error"},{"account":"twitter_1300405782383558656_1300405782383558656","service":"twitter","timestamp":1774449711,"status":"error"},{"account":"tumblr_wattscdotcom_wattscdotcom","service":"tumblr","timestamp":1774449712,"status":"error"},{"account":"facebook_1791781087687796_116085383271852","service":"facebook","timestamp":1774449653,"status":"queued"},{"account":"gmb_107160579247662550978_accounts\/107160579247662550978\/locations\/12097786389432444087","service":"gmb","timestamp":1774449653,"status":"queued"},{"account":"gmb_107160579247662550978_accounts\/107160579247662550978\/locations\/10051390009109310933","service":"gmb","timestamp":1774449653,"status":"queued"},{"account":"gmb_107160579247662550978_accounts\/107160579247662550978\/locations\/12006445379806666969","service":"gmb","timestamp":1774449653,"status":"queued"},{"account":"facebook_1791781087687796_17841456517942081","service":"facebook","timestamp":1774449653,"status":"queued"},{"account":"linkedin_PK5Ejlb2VU_105025086","service":"linkedin","timestamp":1774449653,"status":"queued"},{"account":"linkedin_PK5Ejlb2VU_37419926","service":"linkedin","timestamp":1774449653,"status":"queued"}],"rop_publish_now_status":"queued","site-sidebar-layout":"default","site-content-layout":"","ast-site-content-layout":"default","site-content-style":"default","site-sidebar-style":"default","ast-global-header-display":"","ast-banner-title-visibility":"","ast-main-header-display":"","ast-hfb-above-header-display":"","ast-hfb-below-header-display":"","ast-hfb-mobile-header-display":"","site-post-title":"","ast-breadcrumbs-content":"","ast-featured-img":"","footer-sml-layout":"","ast-disable-related-posts":"","theme-transparent-header-meta":"default","adv-header-id-meta":"","stick-header-meta":"","header-above-stick-meta":"","header-main-stick-meta":"","header-below-stick-meta":"","astra-migrate-meta-layouts":"set","ast-page-background-enabled":"default","ast-page-background-meta":{"desktop":{"background-color":"var(--ast-global-color-5)","background-image":"","background-repeat":"repeat","background-position":"center center","background-size":"auto","background-attachment":"scroll","background-type":"","background-media":"","overlay-type":"","overlay-color":"","overlay-opacity":"","overlay-gradient":""},"tablet":{"background-color":"","background-image":"","background-repeat":"repeat","background-position":"center center","background-size":"auto","background-attachment":"scroll","background-type":"","background-media":"","overlay-type":"","overlay-color":"","overlay-opacity":"","overlay-gradient":""},"mobile":{"background-color":"","background-image":"","background-repeat":"repeat","background-position":"center center","background-size":"auto","background-attachment":"scroll","background-type":"","background-media":"","overlay-type":"","overlay-color":"","overlay-opacity":"","overlay-gradient":""}},"ast-content-background-meta":{"desktop":{"background-color":"var(--ast-global-color-4)","background-image":"","background-repeat":"repeat","background-position":"center center","background-size":"auto","background-attachment":"scroll","background-type":"","background-media":"","overlay-type":"","overlay-color":"","overlay-opacity":"","overlay-gradient":""},"tablet":{"background-color":"var(--ast-global-color-4)","background-image":"","background-repeat":"repeat","background-position":"center center","background-size":"auto","background-attachment":"scroll","background-type":"","background-media":"","overlay-type":"","overlay-color":"","overlay-opacity":"","overlay-gradient":""},"mobile":{"background-color":"var(--ast-global-color-4)","background-image":"","background-repeat":"repeat","background-position":"center center","background-size":"auto","background-attachment":"scroll","background-type":"","background-media":"","overlay-type":"","overlay-color":"","overlay-opacity":"","overlay-gradient":""}}},"product_brand":[270],"product_cat":[145,135],"product_tag":[271],"class_list":{"0":"post-30514","1":"product","2":"type-product","3":"status-publish","4":"has-post-thumbnail","6":"product_brand-lctc","7":"product_cat-bornes-de-recharge-copropriete","8":"product_cat-bornes-de-recharge","9":"product_tag-lctc","10":"desktop-align-left","11":"tablet-align-left","12":"mobile-align-left","14":"first","15":"instock","16":"taxable","17":"shipping-taxable","18":"purchasable","19":"product-type-simple"},"_links":{"self":[{"href":"https:\/\/store.wattsc.com\/index.php?rest_route=\/wp\/v2\/product\/30514","targetHints":{"allow":["GET"]}}],"collection":[{"href":"https:\/\/store.wattsc.com\/index.php?rest_route=\/wp\/v2\/product"}],"about":[{"href":"https:\/\/store.wattsc.com\/index.php?rest_route=\/wp\/v2\/types\/product"}],"replies":[{"embeddable":true,"href":"https:\/\/store.wattsc.com\/index.php?rest_route=%2Fwp%2Fv2%2Fcomments&post=30514"}],"version-history":[{"count":2,"href":"https:\/\/store.wattsc.com\/index.php?rest_route=\/wp\/v2\/product\/30514\/revisions"}],"predecessor-version":[{"id":30521,"href":"https:\/\/store.wattsc.com\/index.php?rest_route=\/wp\/v2\/product\/30514\/revisions\/30521"}],"wp:featuredmedia":[{"embeddable":true,"href":"https:\/\/store.wattsc.com\/index.php?rest_route=\/wp\/v2\/media\/30515"}],"wp:attachment":[{"href":"https:\/\/store.wattsc.com\/index.php?rest_route=%2Fwp%2Fv2%2Fmedia&parent=30514"}],"wp:term":[{"taxonomy":"product_brand","embeddable":true,"href":"https:\/\/store.wattsc.com\/index.php?rest_route=%2Fwp%2Fv2%2Fproduct_brand&post=30514"},{"taxonomy":"product_cat","embeddable":true,"href":"https:\/\/store.wattsc.com\/index.php?rest_route=%2Fwp%2Fv2%2Fproduct_cat&post=30514"},{"taxonomy":"product_tag","embeddable":true,"href":"https:\/\/store.wattsc.com\/index.php?rest_route=%2Fwp%2Fv2%2Fproduct_tag&post=30514"}],"curies":[{"name":"wp","href":"https:\/\/api.w.org\/{rel}","templated":true}]}}