{"id":30431,"date":"2025-05-21T15:04:41","date_gmt":"2025-05-21T15:04:41","guid":{"rendered":"https:\/\/store.wattsc.com\/?post_type=product&#038;p=30431"},"modified":"2026-01-21T16:22:14","modified_gmt":"2026-01-21T16:22:14","slug":"chargeur-rapide-dc-mobile-20kw-40kw-60kw","status":"publish","type":"product","link":"https:\/\/store.wattsc.com\/?product=chargeur-rapide-dc-mobile-20kw-40kw-60kw","title":{"rendered":"Chargeur Rapide DC Mobile 20kW\/40kW\/60kW"},"content":{"rendered":"\r\n<h1 class=\"wp-block-heading\">Chargeur Rapide DC Mobile 20kW\/40kW\/60kW<\/h1>\r\n<p>&nbsp;<\/p>\r\n\r\n\r\n\r\n<p><img fetchpriority=\"high\" decoding=\"async\" class=\"aligncenter wp-image-30432 size-full\" src=\"http:\/\/store.wattsc.com\/wp-content\/uploads\/2025\/05\/1747028856780429349865582592-scaled.webp\" alt=\"\" width=\"2560\" height=\"1201\" srcset=\"https:\/\/store.wattsc.com\/wp-content\/uploads\/2025\/05\/1747028856780429349865582592-scaled.webp 2560w, https:\/\/store.wattsc.com\/wp-content\/uploads\/2025\/05\/1747028856780429349865582592-1536x720.webp 1536w, https:\/\/store.wattsc.com\/wp-content\/uploads\/2025\/05\/1747028856780429349865582592-2048x961.webp 2048w, https:\/\/store.wattsc.com\/wp-content\/uploads\/2025\/05\/1747028856780429349865582592-600x281.webp 600w\" sizes=\"(max-width: 2560px) 100vw, 2560px\" \/> <img decoding=\"async\" class=\"aligncenter wp-image-30433 size-full\" src=\"http:\/\/store.wattsc.com\/wp-content\/uploads\/2025\/05\/1747011527780356667304243200.webp\" alt=\"\" width=\"1920\" height=\"901\" srcset=\"https:\/\/store.wattsc.com\/wp-content\/uploads\/2025\/05\/1747011527780356667304243200.webp 1920w, https:\/\/store.wattsc.com\/wp-content\/uploads\/2025\/05\/1747011527780356667304243200-1536x721.webp 1536w, https:\/\/store.wattsc.com\/wp-content\/uploads\/2025\/05\/1747011527780356667304243200-600x282.webp 600w\" sizes=\"(max-width: 1920px) 100vw, 1920px\" \/> <img decoding=\"async\" class=\"alignnone wp-image-30435 size-full\" src=\"http:\/\/store.wattsc.com\/wp-content\/uploads\/2025\/05\/1745733527774996344376143872.webp\" alt=\"\" width=\"1920\" height=\"900\" srcset=\"https:\/\/store.wattsc.com\/wp-content\/uploads\/2025\/05\/1745733527774996344376143872.webp 1920w, https:\/\/store.wattsc.com\/wp-content\/uploads\/2025\/05\/1745733527774996344376143872-1536x720.webp 1536w, https:\/\/store.wattsc.com\/wp-content\/uploads\/2025\/05\/1745733527774996344376143872-600x281.webp 600w\" sizes=\"(max-width: 1920px) 100vw, 1920px\" \/><\/p>\r\n<div class=\"wp-block-buttons\"><\/div>\r\n<!-- \/wp:post-content -->\r\n\r\n<!-- wp:heading -->\r\n<h2>CARACT\u00c9RISTIQUES\/AVANTAGES<\/h2>\r\n<!-- \/wp:heading -->\r\n\r\n<!-- wp:heading {\"level\":3} -->\r\n<h3>CARACT\u00c9RISTIQUES<\/h3>\r\n<!-- \/wp:heading -->\r\n\r\n<!-- wp:list -->\r\n<ul>\r\n<li>Mesures de s\u00e9curit\u00e9 int\u00e9gr\u00e9es<\/li>\r\n<li>Interface conviviale<\/li>\r\n<li>Conception flexible multi-protocole<\/li>\r\n<li>Compatible avec les protocoles CHAdeMO et CCS<\/li>\r\n<li>Bo\u00eetier durable<\/li>\r\n<li>Large plage de temp\u00e9rature: -25\u00baC \u00e0 +50\u00baC<\/li>\r\n<li>Options de gestion des donn\u00e9es et de mesure<\/li>\r\n<\/ul>\r\n<!-- \/wp:list -->\r\n\r\n<!-- wp:heading {\"level\":3} -->\r\n<h3>APPLICATIONS<\/h3>\r\n<!-- \/wp:heading -->\r\n\r\n<!-- wp:list -->\r\n<ul>\r\n<li>Op\u00e9rateurs de stations-service<\/li>\r\n<li>Recharge le long des autoroutes<\/li>\r\n<li>Zones urbaines \u00e0 forte affluence<\/li>\r\n<li>Exploitants de flottes commerciales<\/li>\r\n<li>Op\u00e9rateurs d&rsquo;infrastructure VE et fournisseurs de EVSE<\/li>\r\n<\/ul>\r\n<!-- \/wp:list -->\r\n\r\n<!-- wp:heading -->\r\n<h2>Param\u00e8tres<\/h2>\r\n<!-- \/wp:heading -->\r\n\r\n<!-- wp:table {\"className\":\"is-style-stripes\"} -->\r\n<figure class=\"wp-block-table is-style-stripes\">\r\n<table>\r\n<tbody>\r\n<tr>\r\n<th colspan=\"3\">Sp\u00e9cification<\/th>\r\n<\/tr>\r\n<tr>\r\n<td>Mod\u00e8le<\/td>\r\n<td colspan=\"2\">DC Mobile Mini<\/td>\r\n<\/tr>\r\n<tr>\r\n<th colspan=\"3\">Propri\u00e9t\u00e9s \u00c9lectriques<\/th>\r\n<\/tr>\r\n<tr>\r\n<td>Tension d&rsquo;entr\u00e9e<\/td>\r\n<td colspan=\"2\">AC 400V\u00b110%<\/td>\r\n<\/tr>\r\n<tr>\r\n<td>Courant d&rsquo;entr\u00e9e<\/td>\r\n<td>31A<\/td>\r\n<td>61A<\/td>\r\n<\/tr>\r\n<tr>\r\n<td>Puissance de sortie<\/td>\r\n<td>20kW<\/td>\r\n<td>40kW<\/td>\r\n<\/tr>\r\n<tr>\r\n<td>Tension de sortie<\/td>\r\n<td colspan=\"2\">200-1000V<\/td>\r\n<\/tr>\r\n<tr>\r\n<td>Courant de sortie<\/td>\r\n<td>66A<\/td>\r\n<td>133A<\/td>\r\n<\/tr>\r\n<tr>\r\n<td>Fr\u00e9quence de travail<\/td>\r\n<td colspan=\"2\">50\/60Hz<\/td>\r\n<\/tr>\r\n<tr>\r\n<td>Efficacit\u00e9<\/td>\r\n<td colspan=\"2\">\u226594% (Plus de la moiti\u00e9 d&rsquo;une charge)<\/td>\r\n<\/tr>\r\n<tr>\r\n<td>Facteur de puissance<\/td>\r\n<td colspan=\"2\">\u22650.99<\/td>\r\n<\/tr>\r\n<tr>\r\n<td>Pr\u00e9cision de stabilisation de tension<\/td>\r\n<td colspan=\"2\">\u2264\u00b10.5%<\/td>\r\n<\/tr>\r\n<tr>\r\n<td>Pr\u00e9cision du courant stable<\/td>\r\n<td colspan=\"2\">\u2264\u00b11%<\/td>\r\n<\/tr>\r\n<tr>\r\n<td>Courant harmonique<\/td>\r\n<td colspan=\"2\">\u22644%<\/td>\r\n<\/tr>\r\n<\/tbody>\r\n<\/table>\r\n<\/figure>\r\n<!-- \/wp:table -->\r\n\r\n<!-- wp:heading {\"level\":3} -->\r\n<h3>Interface Utilisateur &amp; Contr\u00f4le<\/h3>\r\n<!-- \/wp:heading -->\r\n\r\n<!-- wp:table {\"className\":\"is-style-stripes\"} -->\r\n<figure class=\"wp-block-table is-style-stripes\">\r\n<table>\r\n<tbody>\r\n<tr>\r\n<td>Affichage<\/td>\r\n<td>\u00c9cran tactile 10.1&Prime;<\/td>\r\n<\/tr>\r\n<tr>\r\n<td>Mat\u00e9riau d&rsquo;\u00e9cran<\/td>\r\n<td>LCD<\/td>\r\n<\/tr>\r\n<tr>\r\n<td>Langue d&rsquo;\u00e9cran<\/td>\r\n<td>Anglais (Personnalisation prise en charge)<\/td>\r\n<\/tr>\r\n<tr>\r\n<td>Bouton<\/td>\r\n<td>Mise en marche\/Arr\u00eat d&rsquo;urgence<\/td>\r\n<\/tr>\r\n<tr>\r\n<td>Mode de d\u00e9marrage<\/td>\r\n<td>OCPP, Code QR, APP, Mot de passe<\/td>\r\n<\/tr>\r\n<\/tbody>\r\n<\/table>\r\n<\/figure>\r\n<!-- \/wp:table -->\r\n\r\n<!-- wp:heading {\"level\":3} -->\r\n<h3>Communication<\/h3>\r\n<!-- \/wp:heading -->\r\n\r\n<!-- wp:table {\"className\":\"is-style-stripes\"} -->\r\n<figure class=\"wp-block-table is-style-stripes\">\r\n<table>\r\n<tbody>\r\n<tr>\r\n<td>R\u00e9seau<\/td>\r\n<td>WiFi, Ethernet<\/td>\r\n<\/tr>\r\n<tr>\r\n<td>Plateforme<\/td>\r\n<td>OCPP 1.6J<\/td>\r\n<\/tr>\r\n<tr>\r\n<td>Connexion<\/td>\r\n<td>CAN, RS485, RS232<\/td>\r\n<\/tr>\r\n<\/tbody>\r\n<\/table>\r\n<\/figure>\r\n<!-- \/wp:table -->\r\n\r\n<!-- wp:heading {\"level\":3} -->\r\n<h3>Environnement<\/h3>\r\n<!-- \/wp:heading -->\r\n\r\n<!-- wp:table {\"className\":\"is-style-stripes\"} -->\r\n<figure class=\"wp-block-table is-style-stripes\">\r\n<table>\r\n<tbody>\r\n<tr>\r\n<td>Temp\u00e9rature de fonctionnement<\/td>\r\n<td>-30\u00b0C \u00e0 50\u00b0C<\/td>\r\n<\/tr>\r\n<tr>\r\n<td>Humidit\u00e9<\/td>\r\n<td>\u226495% (Sans condensation)<\/td>\r\n<\/tr>\r\n<tr>\r\n<td>Altitude<\/td>\r\n<td>\u22642000m (6000 pieds)<\/td>\r\n<\/tr>\r\n<\/tbody>\r\n<\/table>\r\n<\/figure>\r\n<!-- \/wp:table -->\r\n\r\n<!-- wp:heading {\"level\":3} -->\r\n<h3>M\u00e9canique<\/h3>\r\n<!-- \/wp:heading -->\r\n\r\n<!-- wp:table {\"className\":\"is-style-stripes\"} -->\r\n<figure class=\"wp-block-table is-style-stripes\">\r\n<table>\r\n<tbody>\r\n<tr>\r\n<td>Indice de protection<\/td>\r\n<td>IP54<\/td>\r\n<\/tr>\r\n<tr>\r\n<td>Indice anti-explosion<\/td>\r\n<td>IK10<\/td>\r\n<\/tr>\r\n<tr>\r\n<td>Refroidissement<\/td>\r\n<td>Refroidissement par air<\/td>\r\n<\/tr>\r\n<tr>\r\n<td>M\u00e9thode d&rsquo;installation<\/td>\r\n<td>Portable<\/td>\r\n<\/tr>\r\n<\/tbody>\r\n<\/table>\r\n<\/figure>\r\n<!-- \/wp:table -->\r\n\r\n<!-- wp:heading {\"level\":3} -->\r\n<h3>Protection<\/h3>\r\n<!-- \/wp:heading -->\r\n\r\n<!-- wp:table {\"className\":\"is-style-stripes\"} -->\r\n<figure class=\"wp-block-table is-style-stripes\">\r\n<table>\r\n<tbody>\r\n<tr>\r\n<td>Protection<\/td>\r\n<td>Surtension, sous-tension, surintensit\u00e9, court-circuit, surchauffe, d\u00e9faut d&rsquo;isolation, d\u00e9faut de mise \u00e0 la terre<\/td>\r\n<\/tr>\r\n<\/tbody>\r\n<\/table>\r\n<\/figure>\r\n<!-- \/wp:table -->\r\n\r\n<!-- wp:heading {\"level\":3} -->\r\n<h3>Norme<\/h3>\r\n<!-- \/wp:heading -->\r\n\r\n<!-- wp:table {\"className\":\"is-style-stripes\"} -->\r\n<figure class=\"wp-block-table is-style-stripes\">\r\n<table>\r\n<tbody>\r\n<tr>\r\n<td>Norme<\/td>\r\n<td>IEC 61851-1\uff1a2019, IEC 61851-23\uff1a2014, IEC 61851-24\uff1a2014, IEC 61851-21-2\uff1a2021<\/td>\r\n<\/tr>\r\n<\/tbody>\r\n<\/table>\r\n<\/figure>\r\n<!-- \/wp:table -->\r\n\r\n<!-- wp:heading {\"level\":3} -->\r\n<h3>Options<\/h3>\r\n<!-- \/wp:heading -->\r\n\r\n<!-- wp:table {\"className\":\"is-style-stripes\"} -->\r\n<figure class=\"wp-block-table is-style-stripes\">\r\n<table>\r\n<tbody>\r\n<tr>\r\n<td>R\u00e9seau<\/td>\r\n<td>4G<\/td>\r\n<\/tr>\r\n<tr>\r\n<td>M\u00e9thode de paiement<\/td>\r\n<td>Terminal POS<\/td>\r\n<\/tr>\r\n<\/tbody>\r\n<\/table>\r\n<\/figure>\r\n<!-- \/wp:table -->\r\n\r\n<!-- wp:heading -->\r\n<h2>Sp\u00e9cifications du Mod\u00e8le DC Mobile ESS<\/h2>\r\n<!-- \/wp:heading -->\r\n\r\n<!-- wp:table {\"className\":\"is-style-stripes\"} -->\r\n<figure class=\"wp-block-table is-style-stripes\">\r\n<table>\r\n<tbody>\r\n<tr>\r\n<th>Mod\u00e8le<\/th>\r\n<td>DC Mobile ESS (TS-EDMB60)<\/td>\r\n<\/tr>\r\n<\/tbody>\r\n<\/table>\r\n<\/figure>\r\n<!-- \/wp:table -->\r\n\r\n<!-- wp:heading {\"level\":3} -->\r\n<h3>Propri\u00e9t\u00e9s \u00c9lectriques &#8211; Entr\u00e9e<\/h3>\r\n<!-- \/wp:heading -->\r\n\r\n<!-- wp:table {\"className\":\"is-style-stripes\"} -->\r\n<figure class=\"wp-block-table is-style-stripes\">\r\n<table>\r\n<tbody>\r\n<tr>\r\n<td>Tension nominale d&rsquo;entr\u00e9e AC<\/td>\r\n<td>323V~477VAC<\/td>\r\n<\/tr>\r\n<tr>\r\n<td>Connexion d&rsquo;entr\u00e9e AC<\/td>\r\n<td>3P+N+PE<\/td>\r\n<\/tr>\r\n<tr>\r\n<td>Courant nominal d&rsquo;entr\u00e9e AC<\/td>\r\n<td>3*45A<\/td>\r\n<\/tr>\r\n<tr>\r\n<td>Fr\u00e9quence<\/td>\r\n<td>50\/60Hz<\/td>\r\n<\/tr>\r\n<tr>\r\n<td>Facteur de puissance<\/td>\r\n<td>\u22650.98<\/td>\r\n<\/tr>\r\n<tr>\r\n<td>Efficacit\u00e9 AC<\/td>\r\n<td>\u226595%<\/td>\r\n<\/tr>\r\n<tr>\r\n<td>Tension d&rsquo;entr\u00e9e DC<\/td>\r\n<td>250V~850V<\/td>\r\n<\/tr>\r\n<tr>\r\n<td>Efficacit\u00e9 DC<\/td>\r\n<td>\u226596%<\/td>\r\n<\/tr>\r\n<\/tbody>\r\n<\/table>\r\n<\/figure>\r\n<!-- \/wp:table -->\r\n\r\n<!-- wp:heading {\"level\":3} -->\r\n<h3>Propri\u00e9t\u00e9s \u00c9lectriques &#8211; Sortie<\/h3>\r\n<!-- \/wp:heading -->\r\n\r\n<!-- wp:table {\"className\":\"is-style-stripes\"} -->\r\n<figure class=\"wp-block-table is-style-stripes\">\r\n<table>\r\n<tbody>\r\n<tr>\r\n<td>Plage de tension de sortie DC<\/td>\r\n<td>200V~1000V<\/td>\r\n<\/tr>\r\n<tr>\r\n<td>Courant de sortie max DC<\/td>\r\n<td>60A<\/td>\r\n<\/tr>\r\n<tr>\r\n<td>Puissance de sortie max DC<\/td>\r\n<td>60kW<\/td>\r\n<\/tr>\r\n<tr>\r\n<td>Pr\u00e9cision de tension DC<\/td>\r\n<td>\u00b10.5%<\/td>\r\n<\/tr>\r\n<tr>\r\n<td>Pr\u00e9cision de courant DC<\/td>\r\n<td>\u00b11%<\/td>\r\n<\/tr>\r\n<tr>\r\n<td>Tension nominale de sortie AC<\/td>\r\n<td>380V\/400V\/415V (220V\/230V\/240V)<\/td>\r\n<\/tr>\r\n<tr>\r\n<td>Connexion d&rsquo;entr\u00e9e AC<\/td>\r\n<td>3P+N+PE<\/td>\r\n<\/tr>\r\n<tr>\r\n<td>Puissance de sortie max AC<\/td>\r\n<td>30kW<\/td>\r\n<\/tr>\r\n<\/tbody>\r\n<\/table>\r\n<\/figure>\r\n<!-- \/wp:table -->\r\n\r\n<!-- wp:heading {\"level\":3} -->\r\n<h3>Syst\u00e8me de Stockage d&rsquo;\u00c9nergie<\/h3>\r\n<!-- \/wp:heading -->\r\n\r\n<!-- wp:table {\"className\":\"is-style-stripes\"} -->\r\n<figure class=\"wp-block-table is-style-stripes\">\r\n<table>\r\n<tbody>\r\n<tr>\r\n<td>Capacit\u00e9 de batterie<\/td>\r\n<td>64.5kWh<\/td>\r\n<\/tr>\r\n<tr>\r\n<td>\u00c9nergie utilisable (SAT)<\/td>\r\n<td>61.3kWh (95% DOD)<\/td>\r\n<\/tr>\r\n<tr>\r\n<td>Tension nominale de batterie<\/td>\r\n<td>614.4V<\/td>\r\n<\/tr>\r\n<tr>\r\n<td>Mat\u00e9riau de batterie<\/td>\r\n<td>LiFePO4<\/td>\r\n<\/tr>\r\n<tr>\r\n<td>Puissance de recharge max<\/td>\r\n<td>30kW<\/td>\r\n<\/tr>\r\n<tr>\r\n<td>Puissance de d\u00e9charge max<\/td>\r\n<td>30kW<\/td>\r\n<\/tr>\r\n<tr>\r\n<td>Dur\u00e9e de vie de la batterie (25\u00b0C)<\/td>\r\n<td>\u22656000 (80% DOD)<\/td>\r\n<\/tr>\r\n<\/tbody>\r\n<\/table>\r\n<\/figure>\r\n<!-- \/wp:table -->\r\n\r\n<!-- wp:heading {\"level\":3} -->\r\n<h3>Sp\u00e9cifications du Produit<\/h3>\r\n<!-- \/wp:heading -->\r\n\r\n<!-- wp:table {\"className\":\"is-style-stripes\"} -->\r\n<figure class=\"wp-block-table is-style-stripes\">\r\n<table>\r\n<tbody>\r\n<tr>\r\n<td>Dimensions<\/td>\r\n<td>0.95*2.05*1.3m (L*P*H)<\/td>\r\n<\/tr>\r\n<tr>\r\n<td>Mat\u00e9riau<\/td>\r\n<td>Alliage de qualit\u00e9 industrielle<\/td>\r\n<\/tr>\r\n<tr>\r\n<td>Couleur<\/td>\r\n<td>Rev\u00eatement blanc r\u00e9sistant aux intemp\u00e9ries<\/td>\r\n<\/tr>\r\n<\/tbody>\r\n<\/table>\r\n<\/figure>\r\n<!-- \/wp:table -->\r\n\r\n<!-- wp:heading {\"level\":3} -->\r\n<h3>Interface Utilisateur &amp; Contr\u00f4le<\/h3>\r\n<!-- \/wp:heading -->\r\n\r\n<!-- wp:table {\"className\":\"is-style-stripes\"} -->\r\n<figure class=\"wp-block-table is-style-stripes\">\r\n<table>\r\n<tbody>\r\n<tr>\r\n<td>Affichage<\/td>\r\n<td>\u00c9cran tactile 10.1&Prime;<\/td>\r\n<\/tr>\r\n<tr>\r\n<td>Mat\u00e9riau d&rsquo;\u00e9cran<\/td>\r\n<td>LCD<\/td>\r\n<\/tr>\r\n<tr>\r\n<td>Compteur<\/td>\r\n<td>Compteur DC (MID PTB en option)<\/td>\r\n<\/tr>\r\n<tr>\r\n<td>Boutons<\/td>\r\n<td>Boutons d&rsquo;op\u00e9ration \/ Boutons d&rsquo;urgence \/ Bouton incendie<\/td>\r\n<\/tr>\r\n<tr>\r\n<td>Authentification utilisateur<\/td>\r\n<td>Authentification utilisateur RFID, OCPP, Code QR, Mot de passe, Application<\/td>\r\n<\/tr>\r\n<tr>\r\n<td>Langues support\u00e9es<\/td>\r\n<td>Anglais (Autres langues disponibles sur demande)<\/td>\r\n<\/tr>\r\n<\/tbody>\r\n<\/table>\r\n<\/figure>\r\n<!-- \/wp:table -->\r\n\r\n<!-- wp:heading {\"level\":3} -->\r\n<h3>Communication<\/h3>\r\n<!-- \/wp:heading -->\r\n\r\n<!-- wp:table {\"className\":\"is-style-stripes\"} -->\r\n<figure class=\"wp-block-table is-style-stripes\">\r\n<table>\r\n<tbody>\r\n<tr>\r\n<td>Protocole de communication<\/td>\r\n<td>OCPP 1.6J<\/td>\r\n<\/tr>\r\n<tr>\r\n<td>Externe<\/td>\r\n<td>Ethernet, WIFI<\/td>\r\n<\/tr>\r\n<tr>\r\n<td>Interne<\/td>\r\n<td>CAN, RS485, RS232<\/td>\r\n<\/tr>\r\n<\/tbody>\r\n<\/table>\r\n<\/figure>\r\n<!-- \/wp:table -->\r\n\r\n<!-- wp:heading {\"level\":3} -->\r\n<h3>Environnemental<\/h3>\r\n<!-- \/wp:heading -->\r\n\r\n<!-- wp:table {\"className\":\"is-style-stripes\"} -->\r\n<figure class=\"wp-block-table is-style-stripes\">\r\n<table>\r\n<tbody>\r\n<tr>\r\n<td>Temp\u00e9rature de fonctionnement<\/td>\r\n<td>-25\u00b0C \u00e0 50\u00b0C (d\u00e9classement au-dessus de 45\u00b0C)<\/td>\r\n<\/tr>\r\n<tr>\r\n<td>Humidit\u00e9<\/td>\r\n<td>&lt;95% d&rsquo;humidit\u00e9 relative, sans condensation<\/td>\r\n<\/tr>\r\n<tr>\r\n<td>\u00c9mission CEM<\/td>\r\n<td>Type B<\/td>\r\n<\/tr>\r\n<tr>\r\n<td>Altitude<\/td>\r\n<td>\u22642000m (6000 pieds)<\/td>\r\n<\/tr>\r\n<\/tbody>\r\n<\/table>\r\n<\/figure>\r\n<!-- \/wp:table -->\r\n\r\n<!-- wp:heading {\"level\":3} -->\r\n<h3>M\u00e9canique<\/h3>\r\n<!-- \/wp:heading -->\r\n\r\n<!-- wp:table {\"className\":\"is-style-stripes\"} -->\r\n<figure class=\"wp-block-table is-style-stripes\">\r\n<table>\r\n<tbody>\r\n<tr>\r\n<td>Protection contre les infiltrations<\/td>\r\n<td>IP55<\/td>\r\n<\/tr>\r\n<tr>\r\n<td>Protection du bo\u00eetier<\/td>\r\n<td>IK10<\/td>\r\n<\/tr>\r\n<tr>\r\n<td>Syst\u00e8me anti-incendie<\/td>\r\n<td>D\u00e9tecteur composite + Agent d&rsquo;extinction \u00e0 a\u00e9rosol<\/td>\r\n<\/tr>\r\n<tr>\r\n<td>Syst\u00e8me de refroidissement<\/td>\r\n<td>Refroidissement par air\/Climatisation<\/td>\r\n<\/tr>\r\n<tr>\r\n<td>M\u00e9thode d&rsquo;installation<\/td>\r\n<td>Montage au sol<\/td>\r\n<\/tr>\r\n<\/tbody>\r\n<\/table>\r\n<\/figure>\r\n<!-- \/wp:table -->\r\n\r\n<!-- wp:heading {\"level\":3} -->\r\n<h3>S\u00e9curit\u00e9<\/h3>\r\n<!-- \/wp:heading -->\r\n\r\n<!-- wp:table {\"className\":\"is-style-stripes\"} -->\r\n<figure class=\"wp-block-table is-style-stripes\">\r\n<table>\r\n<tbody>\r\n<tr>\r\n<td>Protection d&rsquo;entr\u00e9e<\/td>\r\n<td>Sous-tension, Surtension, Surintensit\u00e9, Surchauffe, Fuite<\/td>\r\n<\/tr>\r\n<tr>\r\n<td>Protection de sortie<\/td>\r\n<td>Court-circuit, Surchauffe, Courant r\u00e9siduel, Surintensit\u00e9, Fuite<\/td>\r\n<\/tr>\r\n<tr>\r\n<td>Protection d&rsquo;urgence<\/td>\r\n<td>Protection contre les surtensions, D\u00e9faut de mise \u00e0 la terre, Surveillance d&rsquo;isolation de sortie haute pr\u00e9cision<\/td>\r\n<\/tr>\r\n<\/tbody>\r\n<\/table>\r\n<\/figure>\r\n<!-- \/wp:table -->\r\n\r\n<!-- wp:heading {\"level\":3} -->\r\n<h3>R\u00e9glementation<\/h3>\r\n<!-- \/wp:heading -->\r\n\r\n<!-- wp:table {\"className\":\"is-style-stripes\"} -->\r\n<figure class=\"wp-block-table is-style-stripes\">\r\n<table>\r\n<tbody>\r\n<tr>\r\n<td>Certificat<\/td>\r\n<td>CE CB MSDS UN38.3<\/td>\r\n<\/tr>\r\n<tr>\r\n<td>Norme<\/td>\r\n<td>IEC61851-1, IEC61851-23, IEC61851-21-2, IEC61851-24, IEC61000-6-2, IEC61000-6-4, IEC 62619, IEC61000-6-1\/3<\/td>\r\n<\/tr>\r\n<\/tbody>\r\n<\/table>\r\n<\/figure>\r\n<!-- \/wp:table -->\r\n\r\n<!-- wp:heading {\"level\":3} -->\r\n<h3>Configuration Optionnelle<\/h3>\r\n<!-- \/wp:heading -->\r\n\r\n<!-- wp:table {\"className\":\"is-style-stripes\"} -->\r\n<figure class=\"wp-block-table is-style-stripes\">\r\n<table>\r\n<tbody>\r\n<tr>\r\n<td>Passerelle r\u00e9seau<\/td>\r\n<td>4G<\/td>\r\n<\/tr>\r\n<tr>\r\n<td>M\u00e9thode de paiement<\/td>\r\n<td>Terminal POS<\/td>\r\n<\/tr>\r\n<tr>\r\n<td>Gestion des c\u00e2bles<\/td>\r\n<td>Optionnel<\/td>\r\n<\/tr>\r\n<tr>\r\n<td>\u00c9cran publicitaire<\/td>\r\n<td>Optionnel<\/td>\r\n<\/tr>\r\n<tr>\r\n<td>Port de charge<\/td>\r\n<td>Optionnel (CCS1 CCS2 par d\u00e9faut)<\/td>\r\n<\/tr>\r\n<tr>\r\n<td>Port solaire<\/td>\r\n<td>R\u00e9serv\u00e9<\/td>\r\n<\/tr>\r\n<\/tbody>\r\n<\/table>\r\n<\/figure>\r\n<!-- \/wp:table -->\r\n\r\n<!-- wp:heading -->\r\n<div class=\"wp-block-columns\">\r\n<div class=\"wp-block-column\">\r\n<h3>Solutions de Charge<\/h3>\r\n<!-- \/wp:heading -->\r\n\r\n<!-- wp:list -->\r\n<ul>\r\n<li>\u00c9quilibrage de charge<\/li>\r\n<li>Charge avec surplus solaire<\/li>\r\n<li>Plateforme intelligente OCPP<\/li>\r\n<li>Refroidissement liquide<\/li>\r\n<\/ul>\r\n<!-- \/wp:list --><\/div>\r\n<!-- \/wp:column -->\r\n\r\n<!-- wp:column -->\r\n<div class=\"wp-block-column\"><!-- wp:heading {\"level\":3} --><\/div>\r\n<\/div>","protected":false},"excerpt":{"rendered":"<p>Le Chargeur Rapide DC Mobile est une solution de recharge portable et polyvalente disponible en configurations de 20kW, 40kW et 60kW. Con\u00e7u avec une grande mobilit\u00e9 gr\u00e2ce \u00e0 ses roues robustes, ce chargeur peut \u00eatre facilement d\u00e9plac\u00e9 selon les besoins. Il offre deux m\u00e9thodes d&rsquo;entr\u00e9e (c\u00e2blage direct ou prise aviation) et prend en charge divers types de connecteurs (CCS1\/2, CHAdeMO et NACS). Dot\u00e9 d&rsquo;un \u00e9cran tactile LCD de 10,1 pouces et compatible avec le protocole OCPP 1.6J, il garantit une exp\u00e9rience utilisateur intuitive. Le syst\u00e8me est \u00e9quip\u00e9 de multiples fonctions de protection (surtension, court-circuit, surchauffe) et peut fonctionner dans des conditions climatiques vari\u00e9es (-30\u00b0C \u00e0 50\u00b0C). Id\u00e9al pour les op\u00e9rateurs de stations-service, les flottes commerciales et les zones urbaines \u00e0 forte affluence, ce chargeur allie puissance, flexibilit\u00e9 et fiabilit\u00e9 dans un format mobile.<\/p>\n","protected":false},"featured_media":30443,"comment_status":"open","ping_status":"closed","template":"","meta":{"content-type":"","rop_custom_images_group":[],"rop_custom_messages_group":[],"rop_publish_now":"no","rop_publish_now_accounts":{"gmb_114395098992411388296_accounts\/114395098992411388296\/locations\/12006445379806666969":"","linkedin_vd11fNtDAd_vd11fNtDAd":"","twitter_1300405782383558656_1300405782383558656":"","tumblr_wattscdotcom_wattscdotcom":"","facebook_1791781087687796_116085383271852":"","gmb_107160579247662550978_accounts\/107160579247662550978\/locations\/12097786389432444087":"","gmb_107160579247662550978_accounts\/107160579247662550978\/locations\/10051390009109310933":"","gmb_107160579247662550978_accounts\/107160579247662550978\/locations\/12006445379806666969":"","facebook_1791781087687796_17841456517942081":"","linkedin_PK5Ejlb2VU_105025086":"","linkedin_PK5Ejlb2VU_37419926":""},"rop_publish_now_history":[{"account":"gmb_114395098992411388296_accounts\/114395098992411388296\/locations\/12006445379806666969","service":"gmb","timestamp":1769012569,"status":"error"},{"account":"linkedin_vd11fNtDAd_vd11fNtDAd","service":"linkedin","timestamp":1769012570,"status":"error"},{"account":"twitter_1300405782383558656_1300405782383558656","service":"twitter","timestamp":1769012571,"status":"error"},{"account":"tumblr_wattscdotcom_wattscdotcom","service":"tumblr","timestamp":1769012572,"status":"success"},{"account":"linkedin_PK5Ejlb2VU_37419926","service":"linkedin","timestamp":1769012573,"status":"error"},{"account":"facebook_1791781087687796_116085383271852","service":"facebook","timestamp":1769012543,"status":"queued"},{"account":"gmb_107160579247662550978_accounts\/107160579247662550978\/locations\/12097786389432444087","service":"gmb","timestamp":1769012543,"status":"queued"},{"account":"gmb_107160579247662550978_accounts\/107160579247662550978\/locations\/10051390009109310933","service":"gmb","timestamp":1769012543,"status":"queued"},{"account":"gmb_107160579247662550978_accounts\/107160579247662550978\/locations\/12006445379806666969","service":"gmb","timestamp":1769012543,"status":"queued"},{"account":"facebook_1791781087687796_17841456517942081","service":"facebook","timestamp":1769012543,"status":"queued"}],"rop_publish_now_status":"queued","site-sidebar-layout":"default","site-content-layout":"","ast-site-content-layout":"default","site-content-style":"default","site-sidebar-style":"default","ast-global-header-display":"","ast-banner-title-visibility":"","ast-main-header-display":"","ast-hfb-above-header-display":"","ast-hfb-below-header-display":"","ast-hfb-mobile-header-display":"","site-post-title":"","ast-breadcrumbs-content":"","ast-featured-img":"","footer-sml-layout":"","ast-disable-related-posts":"","theme-transparent-header-meta":"default","adv-header-id-meta":"","stick-header-meta":"","header-above-stick-meta":"","header-main-stick-meta":"","header-below-stick-meta":"","astra-migrate-meta-layouts":"set","ast-page-background-enabled":"default","ast-page-background-meta":{"desktop":{"background-color":"var(--ast-global-color-5)","background-image":"","background-repeat":"repeat","background-position":"center center","background-size":"auto","background-attachment":"scroll","background-type":"","background-media":"","overlay-type":"","overlay-color":"","overlay-opacity":"","overlay-gradient":""},"tablet":{"background-color":"","background-image":"","background-repeat":"repeat","background-position":"center center","background-size":"auto","background-attachment":"scroll","background-type":"","background-media":"","overlay-type":"","overlay-color":"","overlay-opacity":"","overlay-gradient":""},"mobile":{"background-color":"","background-image":"","background-repeat":"repeat","background-position":"center center","background-size":"auto","background-attachment":"scroll","background-type":"","background-media":"","overlay-type":"","overlay-color":"","overlay-opacity":"","overlay-gradient":""}},"ast-content-background-meta":{"desktop":{"background-color":"var(--ast-global-color-4)","background-image":"","background-repeat":"repeat","background-position":"center center","background-size":"auto","background-attachment":"scroll","background-type":"","background-media":"","overlay-type":"","overlay-color":"","overlay-opacity":"","overlay-gradient":""},"tablet":{"background-color":"var(--ast-global-color-4)","background-image":"","background-repeat":"repeat","background-position":"center center","background-size":"auto","background-attachment":"scroll","background-type":"","background-media":"","overlay-type":"","overlay-color":"","overlay-opacity":"","overlay-gradient":""},"mobile":{"background-color":"var(--ast-global-color-4)","background-image":"","background-repeat":"repeat","background-position":"center center","background-size":"auto","background-attachment":"scroll","background-type":"","background-media":"","overlay-type":"","overlay-color":"","overlay-opacity":"","overlay-gradient":""}}},"product_brand":[255],"product_cat":[267],"product_tag":[268],"class_list":{"0":"post-30431","1":"product","2":"type-product","3":"status-publish","4":"has-post-thumbnail","6":"product_brand-teison","7":"product_cat-chargeur-rapide-dc-mobile","8":"product_tag-chargeur-rapide-dc-mobile","9":"desktop-align-left","10":"tablet-align-left","11":"mobile-align-left","13":"first","14":"outofstock","15":"taxable","16":"shipping-taxable","17":"product-type-simple"},"_links":{"self":[{"href":"https:\/\/store.wattsc.com\/index.php?rest_route=\/wp\/v2\/product\/30431","targetHints":{"allow":["GET"]}}],"collection":[{"href":"https:\/\/store.wattsc.com\/index.php?rest_route=\/wp\/v2\/product"}],"about":[{"href":"https:\/\/store.wattsc.com\/index.php?rest_route=\/wp\/v2\/types\/product"}],"replies":[{"embeddable":true,"href":"https:\/\/store.wattsc.com\/index.php?rest_route=%2Fwp%2Fv2%2Fcomments&post=30431"}],"version-history":[{"count":2,"href":"https:\/\/store.wattsc.com\/index.php?rest_route=\/wp\/v2\/product\/30431\/revisions"}],"predecessor-version":[{"id":30449,"href":"https:\/\/store.wattsc.com\/index.php?rest_route=\/wp\/v2\/product\/30431\/revisions\/30449"}],"wp:featuredmedia":[{"embeddable":true,"href":"https:\/\/store.wattsc.com\/index.php?rest_route=\/wp\/v2\/media\/30443"}],"wp:attachment":[{"href":"https:\/\/store.wattsc.com\/index.php?rest_route=%2Fwp%2Fv2%2Fmedia&parent=30431"}],"wp:term":[{"taxonomy":"product_brand","embeddable":true,"href":"https:\/\/store.wattsc.com\/index.php?rest_route=%2Fwp%2Fv2%2Fproduct_brand&post=30431"},{"taxonomy":"product_cat","embeddable":true,"href":"https:\/\/store.wattsc.com\/index.php?rest_route=%2Fwp%2Fv2%2Fproduct_cat&post=30431"},{"taxonomy":"product_tag","embeddable":true,"href":"https:\/\/store.wattsc.com\/index.php?rest_route=%2Fwp%2Fv2%2Fproduct_tag&post=30431"}],"curies":[{"name":"wp","href":"https:\/\/api.w.org\/{rel}","templated":true}]}}