{"id":30092,"date":"2024-07-15T18:18:54","date_gmt":"2024-07-15T18:18:54","guid":{"rendered":"https:\/\/store.wattsc.com\/?post_type=product&#038;p=30092"},"modified":"2024-07-15T21:27:55","modified_gmt":"2024-07-15T21:27:55","slug":"bornes-de-recharge-ac-double","status":"publish","type":"product","link":"https:\/\/store.wattsc.com\/?product=bornes-de-recharge-ac-double","title":{"rendered":"Bornes de recharge AC Double"},"content":{"rendered":"<h1>Bornes de recharge AC\u00a0Double<\/h1>\n<p>Le Chargeur EV Double au Sol est une station de charge AC \u00e0 double pistolet\/prise triphas\u00e9e, dot\u00e9e de nombreuses fonctionnalit\u00e9s et id\u00e9ale pour une utilisation domestique et commerciale.<\/p>\n<p><img decoding=\"async\" class=\"aligncenter\" src=\"https:\/\/usimg.bjyyb.net\/sites\/64500\/64807\/20230707170646978.webp\" \/><\/p>\n<div id=\"c96emoi\" class=\"c96emoi row_line \">\n<div id=\"c9665tq\" class=\"c9665tqrow_col rowcol \">\n<div id=\"c96bmtr\" class=\"listTxt c96bmtrA automatic \" data-name=\"bottomslide\">\n<div class=\"textLineP\">\n<h2>Caract\u00e9ristiques du produit<\/h2>\n<\/div>\n<\/div>\n<\/div>\n<\/div>\n<div id=\"c96uvfb\" class=\"c96uvfb row_line \" data-name=\"bottomslide\">\n<div id=\"c9653m7\" class=\"c9653m7row_col rowcol \">\n<div class=\"rowListBg lazyloaded\" data-src=\"\"><\/div>\n<div id=\"cb1ecru\" class=\"cb1ecru ImghidCont \">\n<div class=\"imgHoverAn Imgbox clearfix \"><img fetchpriority=\"high\" decoding=\"async\" class=\"cb1ecruImg img ls-is-cached lazyloaded\" src=\"https:\/\/usimg.bjyyb.net\/sites\/64500\/64807\/20230707170846825.webp\" width=\"264\" height=\"264\" data-slidew=\"264\" data-slideh=\"264\" data-src=\"\/\/usimg.bjyyb.net\/sites\/64500\/64807\/20230707170846825.png\" data-webp=\"\/\/usimg.bjyyb.net\/sites\/64500\/64807\/20230707170846825.webp\" \/><\/div>\n<\/div>\n<\/div>\n<div id=\"c96i84l\" class=\"c96i84lrow_col rowcol \">\n<div id=\"cb12roj\" class=\"listTxt cb12rojA automatic \">\n<div class=\"textLineP\">\n<p>\u2022 \u00c9cran tactile HD de 5 pouces<br \/>\n\u2022 Interaction utilisateur la plus simple et affichage de l&rsquo;\u00e9tat en temps r\u00e9el<\/p>\n<\/div>\n<\/div>\n<\/div>\n<div id=\"c96o77v\" class=\"c96o77vrow_col rowcol \">\n<div class=\"rowListBg lazyloaded\" data-src=\"\"><\/div>\n<div id=\"cb1nmfv\" class=\"cb1nmfv ImghidCont \">\n<div class=\"imgHoverAn Imgbox clearfix \"><img decoding=\"async\" class=\"cb1nmfvImg img ls-is-cached lazyloaded\" src=\"https:\/\/usimg.bjyyb.net\/sites\/64500\/64807\/20230707171121619.webp\" width=\"264\" height=\"264\" data-slidew=\"264\" data-slideh=\"264\" data-src=\"\/\/usimg.bjyyb.net\/sites\/64500\/64807\/20230707171121619.png\" data-webp=\"\/\/usimg.bjyyb.net\/sites\/64500\/64807\/20230707171121619.webp\" \/><\/div>\n<\/div>\n<\/div>\n<div id=\"c96dtlf\" class=\"c96dtlfrow_col rowcol \">\n<div id=\"cb1ssvf\" class=\"listTxt cb1ssvfA automatic \">\n<div class=\"textLineP\">\n<p>\u2022 Capteur RFID<br \/>\n\u2022 Solution d&rsquo;identification et de paiement<\/p>\n<\/div>\n<\/div>\n<\/div>\n<div id=\"c96s2s3\" class=\"c96s2s3row_col rowcol \">\n<div class=\"rowListBg lazyloaded\" data-src=\"\"><\/div>\n<div id=\"cb1bgpl\" class=\"cb1bgpl ImghidCont \">\n<div class=\"imgHoverAn Imgbox clearfix \"><img decoding=\"async\" class=\"cb1bgplImg img ls-is-cached lazyloaded\" src=\"https:\/\/usimg.bjyyb.net\/sites\/64500\/64807\/20230707171210763.webp\" width=\"264\" height=\"264\" data-slidew=\"264\" data-slideh=\"264\" data-src=\"\/\/usimg.bjyyb.net\/sites\/64500\/64807\/20230707171210763.png\" data-webp=\"\/\/usimg.bjyyb.net\/sites\/64500\/64807\/20230707171210763.webp\" \/><\/div>\n<\/div>\n<\/div>\n<div id=\"c96o07p\" class=\"c96o07prow_col rowcol \">\n<div id=\"cb138rp\" class=\"listTxt cb138rpA automatic \">\n<div class=\"textLineP\">\n<p>\u2022 Voyant lumineux<br \/>\n\u2022 Affichage de l&rsquo;\u00e9tat du bo\u00eetier mural en temps r\u00e9el<\/p>\n<\/div>\n<\/div>\n<\/div>\n<\/div>\n<div id=\"c96jj2q\" class=\"c96jj2q row_line \">\n<div id=\"c962ojt\" class=\"c962ojtrow_col rowcol \"><\/div>\n<\/div>\n<div id=\"csuDyle\" class=\"csuDyle row_line \" data-name=\"bottomslide\">\n<div id=\"cvQMv3Q\" class=\"cvQMv3Qrow_col rowcol \">\n<div class=\"rowListBg lazyloaded\" data-src=\"\"><\/div>\n<div id=\"ckyyi3Y\" class=\"ckyyi3Y ImghidCont \">\n<div class=\"imgHoverAn Imgbox clearfix \"><img loading=\"lazy\" decoding=\"async\" class=\"ckyyi3YImg img ls-is-cached lazyloaded\" src=\"https:\/\/usimg.bjyyb.net\/sites\/64500\/64807\/20230707171232341.webp\" width=\"264\" height=\"264\" data-slidew=\"264\" data-slideh=\"264\" data-src=\"\/\/usimg.bjyyb.net\/sites\/64500\/64807\/20230707171232341.png\" data-webp=\"\/\/usimg.bjyyb.net\/sites\/64500\/64807\/20230707171232341.webp\" \/><\/div>\n<\/div>\n<\/div>\n<div id=\"cAcF4Ro\" class=\"cAcF4Rorow_col rowcol \">\n<div id=\"cXqbjZp\" class=\"listTxt cXqbjZpA automatic \">\n<div class=\"textLineP\">\n<p>\u2022 Bouton d&rsquo;urgence<br \/>\n\u2022 Appuyer pour couper imm\u00e9diatement l&rsquo;alimentation<\/p>\n<\/div>\n<\/div>\n<\/div>\n<div id=\"cH5eKt4\" class=\"cH5eKt4row_col rowcol \">\n<div class=\"rowListBg lazyloaded\" data-src=\"\"><\/div>\n<div id=\"cQKS14L\" class=\"cQKS14L ImghidCont \">\n<div class=\"imgHoverAn Imgbox clearfix \"><img loading=\"lazy\" decoding=\"async\" class=\"cQKS14LImg img lazyloaded\" src=\"https:\/\/usimg.bjyyb.net\/sites\/64500\/64807\/20230707171312419.webp\" width=\"264\" height=\"264\" data-slidew=\"264\" data-slideh=\"264\" data-src=\"\/\/usimg.bjyyb.net\/sites\/64500\/64807\/20230707171312419.png\" data-webp=\"\/\/usimg.bjyyb.net\/sites\/64500\/64807\/20230707171312419.webp\" \/><\/div>\n<\/div>\n<\/div>\n<div id=\"c62x115\" class=\"c62x115row_col rowcol \">\n<div id=\"cXM6pFj\" class=\"listTxt cXM6pFjA automatic \">\n<div class=\"textLineP\">\n<p>\u2022 C\u00e2ble TPU<br \/>\n\u2022 C\u00e2ble de 4 m\u00e8tres avec excellente durabilit\u00e9 et r\u00e9sistance optimale au froid jusqu&rsquo;\u00e0 -30\u00b0C<\/p>\n<\/div>\n<\/div>\n<\/div>\n<div id=\"cJyEIzH\" class=\"cJyEIzHrow_col rowcol \">\n<div class=\"rowListBg lazyloaded\" data-src=\"\"><\/div>\n<div id=\"cDuC8VS\" class=\"cDuC8VS ImghidCont \">\n<div class=\"imgHoverAn Imgbox clearfix \"><img loading=\"lazy\" decoding=\"async\" class=\"cDuC8VSImg img ls-is-cached lazyloaded\" src=\"https:\/\/usimg.bjyyb.net\/sites\/64500\/64807\/20230707171354733.webp\" width=\"264\" height=\"264\" data-slidew=\"264\" data-slideh=\"264\" data-src=\"\/\/usimg.bjyyb.net\/sites\/64500\/64807\/20230707171354733.png\" data-webp=\"\/\/usimg.bjyyb.net\/sites\/64500\/64807\/20230707171354733.webp\" \/><\/div>\n<\/div>\n<\/div>\n<div id=\"cBYM0fw\" class=\"cBYM0fwrow_col rowcol \">\n<div id=\"cTCgMwn\" class=\"listTxt cTCgMwnA automatic \">\n<div class=\"textLineP\">\n<p>\u2022 Connecteur approuv\u00e9 TUV<br \/>\n\u2022 Forme compl\u00e8te et facile \u00e0 tenir<br \/>\n\u2022 Bornes plaqu\u00e9es argent pour minimiser l&rsquo;usure de la prise de charge VE<\/p>\n<\/div>\n<\/div>\n<\/div>\n<\/div>\n<h2><\/h2>\n<h2>Caract\u00e9ristiques du Produit<\/h2>\n<ul>\n<li><strong>\u00c9cran tactile HD de 5 pouces<\/strong> &#8211; Interaction utilisateur la plus simple et vue en temps r\u00e9el de l&rsquo;\u00e9tat<\/li>\n<li><strong>Capteur RFID<\/strong> &#8211; Solution d&rsquo;identification et de paiement<\/li>\n<li><strong>Voyant lumineux<\/strong> &#8211; Affichage de l&rsquo;\u00e9tat du bo\u00eetier mural en temps r\u00e9el<\/li>\n<li><strong>Bouton d&rsquo;urgence<\/strong> &#8211; Appuyez pour couper imm\u00e9diatement l&rsquo;alimentation<\/li>\n<li><strong>C\u00e2ble TPU<\/strong> &#8211; C\u00e2ble de 4 m\u00e8tres avec une excellente durabilit\u00e9 et une r\u00e9sistance au froid jusqu&rsquo;\u00e0 -30\u00b0C<\/li>\n<li><strong>Connecteur approuv\u00e9 par TUV<\/strong> &#8211; Forme compl\u00e8te et prise en main facile; bornes plaqu\u00e9es argent pour minimiser l&rsquo;usure de la prise de charge EV<\/li>\n<\/ul>\n<h2>Con\u00e7u pour le r\u00e9seau de charge intelligent du futur<\/h2>\n<ul>\n<li>Connexion Internet automatique avec la meilleure logique pour \u00e9conomiser le co\u00fbt du 4G<\/li>\n<li>Fonction compl\u00e8te OCPP1.6, prenant en charge la gestion unifi\u00e9e via la plateforme OCPP de Teison<\/li>\n<li>Logiciel enti\u00e8rement \u00e9crit pour r\u00e9pondre \u00e0 l&rsquo;\u00e9quilibrage de charge de tous types d&rsquo;applications priv\u00e9es et commerciales<\/li>\n<li>Suivi et v\u00e9rification des conditions du chargeur \u00e0 distance, mise \u00e0 jour du logiciel ou r\u00e9solution des pannes \u00e0 distance<\/li>\n<li>Syst\u00e8me de gestion des paiements du chargeur backend disponible avec des fonctions et des conceptions enti\u00e8rement install\u00e9es, RFID\/carte de cr\u00e9dit via Paypal ou Stripe via l&rsquo;application \u00ab\u00a0My Teison\u00a0\u00bb<\/li>\n<\/ul>\n<h2>Points Forts<\/h2>\n<ul>\n<li>Capacit\u00e9 de puissance : 2*11KW\/2*22KW<\/li>\n<li>C\u00e2ble de charge TPU de 4,5M (Personnalisable)<\/li>\n<li>\u00c9cran tactile LCD de 5&Prime;<\/li>\n<li>Int\u00e9gr\u00e9 avec Ethernet\/Wifi\/RFID (4G en option)<\/li>\n<li>Avec compteur certifi\u00e9 MID int\u00e9gr\u00e9<\/li>\n<li>RCD AC30mA + DC6mA<\/li>\n<li>Niveau de protection : IP55<\/li>\n<\/ul>\n<h2>AC Smart OCPP Twins<\/h2>\n<ul>\n<li>Triphas\u00e9, 2*11KW\/2*22KW<\/li>\n<li>Contr\u00f4le de l&rsquo;application MyTeison (Wi-Fi, Ethernet, 4G)<\/li>\n<li>Carte RFID avec capacit\u00e9 de valeur stock\u00e9e<\/li>\n<li>OCPP1.6J<\/li>\n<li>Liste blanche locale (Balayage de carte RFID hors ligne)<\/li>\n<li>Prise en charge des fonctionnalit\u00e9s compl\u00e8tes de la plateforme Teison<\/li>\n<li>Sortie double<\/li>\n<\/ul>\n<table style=\"border-collapse: collapse; width: 100%;\">\n<thead>\n<tr style=\"background-color: #32cd32;\">\n<th style=\"border: 1px solid black; padding: 8px;\" colspan=\"5\">Param\u00e8tres<\/th>\n<\/tr>\n<\/thead>\n<tbody>\n<tr>\n<td style=\"border: 1px solid black; padding: 8px;\">Mod\u00e8le<\/td>\n<td style=\"border: 1px solid black; padding: 8px;\">TS-EVC11-002C-002<\/td>\n<td style=\"border: 1px solid black; padding: 8px;\">TS-EVC11-002C-002S<\/td>\n<td style=\"border: 1px solid black; padding: 8px;\">TS-EVC22-002C-002<\/td>\n<td style=\"border: 1px solid black; padding: 8px;\">TS-EVC22-002C-002S<\/td>\n<\/tr>\n<tr>\n<td style=\"border: 1px solid black; padding: 8px; font-weight: bold;\" colspan=\"5\">Propri\u00e9t\u00e9s \u00c9lectriques<\/td>\n<\/tr>\n<tr>\n<td style=\"border: 1px solid black; padding: 8px;\">Tension Nominale<\/td>\n<td style=\"border: 1px solid black; padding: 8px;\" colspan=\"4\">380V\u00b110% AC<\/td>\n<\/tr>\n<tr>\n<td style=\"border: 1px solid black; padding: 8px;\">Courant de Sortie Max<\/td>\n<td style=\"border: 1px solid black; padding: 8px;\" colspan=\"2\">2*16A<\/td>\n<td style=\"border: 1px solid black; padding: 8px;\" colspan=\"2\">2*32A<\/td>\n<\/tr>\n<tr>\n<td style=\"border: 1px solid black; padding: 8px;\">Fr\u00e9quence<\/td>\n<td style=\"border: 1px solid black; padding: 8px;\" colspan=\"4\">50\/60HZ<\/td>\n<\/tr>\n<tr>\n<td style=\"border: 1px solid black; padding: 8px;\">Puissance de Sortie Max<\/td>\n<td style=\"border: 1px solid black; padding: 8px;\" colspan=\"2\">2*11kW<\/td>\n<td style=\"border: 1px solid black; padding: 8px;\" colspan=\"2\">2*22kW<\/td>\n<\/tr>\n<tr>\n<td style=\"border: 1px solid black; padding: 8px; font-weight: bold;\" colspan=\"5\">Design<\/td>\n<\/tr>\n<tr>\n<td style=\"border: 1px solid black; padding: 8px;\">Bouton d&rsquo;Arr\u00eat d&rsquo;Urgence<\/td>\n<td style=\"border: 1px solid black; padding: 8px;\" colspan=\"4\">OUI<\/td>\n<\/tr>\n<tr>\n<td style=\"border: 1px solid black; padding: 8px;\">\u00c9cran<\/td>\n<td style=\"border: 1px solid black; padding: 8px;\" colspan=\"4\">\u00c9cran tactile LCD<\/td>\n<\/tr>\n<tr>\n<td style=\"border: 1px solid black; padding: 8px;\">Indication de Statut<\/td>\n<td style=\"border: 1px solid black; padding: 8px;\" colspan=\"4\">Voyant lumineux<\/td>\n<\/tr>\n<tr>\n<td style=\"border: 1px solid black; padding: 8px;\">Fonction RFID<\/td>\n<td style=\"border: 1px solid black; padding: 8px;\" colspan=\"4\">OUI<\/td>\n<\/tr>\n<tr>\n<td style=\"border: 1px solid black; padding: 8px;\">Compteur d&rsquo;\u00c9nergie<\/td>\n<td style=\"border: 1px solid black; padding: 8px;\" colspan=\"4\">Compteur de puissance embarqu\u00e9<br \/>\nOption : Compteur de puissance MID<\/td>\n<\/tr>\n<tr>\n<td style=\"border: 1px solid black; padding: 8px;\">RCD<\/td>\n<td style=\"border: 1px solid black; padding: 8px;\" colspan=\"4\">30mA AC + DC 6mA<\/td>\n<\/tr>\n<tr>\n<td style=\"border: 1px solid black; padding: 8px;\">Mat\u00e9riau du Bo\u00eetier<\/td>\n<td style=\"border: 1px solid black; padding: 8px;\" colspan=\"4\">Acier au carbone SPCC<\/td>\n<\/tr>\n<tr>\n<td style=\"border: 1px solid black; padding: 8px;\">Panneau Frontal<\/td>\n<td style=\"border: 1px solid black; padding: 8px;\" colspan=\"4\">PC<\/td>\n<\/tr>\n<tr>\n<td style=\"border: 1px solid black; padding: 8px;\">M\u00e9thode d&rsquo;Installation<\/td>\n<td style=\"border: 1px solid black; padding: 8px;\" colspan=\"4\">Sur pied<\/td>\n<\/tr>\n<tr>\n<td style=\"border: 1px solid black; padding: 8px;\">Passerelle R\u00e9seau<\/td>\n<td style=\"border: 1px solid black; padding: 8px;\" colspan=\"4\">LAN<br \/>\nOption : 4G \/ Wifi<\/td>\n<\/tr>\n<tr>\n<td style=\"border: 1px solid black; padding: 8px;\">Protocole de Communication<\/td>\n<td style=\"border: 1px solid black; padding: 8px;\" colspan=\"4\">OCPP1.6 (JSON)<\/td>\n<\/tr>\n<tr>\n<td style=\"border: 1px solid black; padding: 8px;\">Norme de S\u00e9curit\u00e9<\/td>\n<td style=\"border: 1px solid black; padding: 8px;\" colspan=\"4\">EN IEC 61851-1:2019; IEC 61851-1:2017; EN IEC 61851-21-2:2021; EN IEC 61000-6-1:2019; EN IEC 61000-6-2:2019; EN IEC 61000-6-3:2021; EN IEC 61000-6-4:2019; ETSI EN 300 328 V2.2.2:2019; ETSI EN 300 330 V2.1.1:2017; ETSI EN 301 489-1 V2.2.3:2019; ETSI EN 301 489-3 V2.1.1:2019; ETSI EN 301 489-17 V3.2.4:2020; EN IEC 62311:2020<\/td>\n<\/tr>\n<tr>\n<td style=\"border: 1px solid black; padding: 8px;\">Garantie<\/td>\n<td style=\"border: 1px solid black; padding: 8px;\" colspan=\"4\">2 ans<\/td>\n<\/tr>\n<tr>\n<td style=\"border: 1px solid black; padding: 8px; font-weight: bold;\" colspan=\"5\">Performance Environnementale<\/td>\n<\/tr>\n<tr>\n<td style=\"border: 1px solid black; padding: 8px;\">Niveau de Protection<\/td>\n<td style=\"border: 1px solid black; padding: 8px;\" colspan=\"4\">IP55<\/td>\n<\/tr>\n<tr>\n<td style=\"border: 1px solid black; padding: 8px;\">Temp\u00e9rature\/Humidit\u00e9<\/td>\n<td style=\"border: 1px solid black; padding: 8px;\" colspan=\"4\">\ufe6330~50\u2103\/5%~95% sans condensation<\/td>\n<\/tr>\n<tr>\n<td style=\"border: 1px solid black; padding: 8px;\">Altitude de Travail<\/td>\n<td style=\"border: 1px solid black; padding: 8px;\" colspan=\"4\">\uff1c2000M<\/td>\n<\/tr>\n<tr>\n<td style=\"border: 1px solid black; padding: 8px;\">Site d&rsquo;Application<\/td>\n<td style=\"border: 1px solid black; padding: 8px;\" colspan=\"4\">Int\u00e9rieur\/Ext\u00e9rieur<\/td>\n<\/tr>\n<tr>\n<td style=\"border: 1px solid black; padding: 8px; font-weight: bold;\" colspan=\"5\">D\u00e9tails de l&rsquo;Emballage<\/td>\n<\/tr>\n<tr>\n<td style=\"border: 1px solid black; padding: 8px;\">Taille du Produit<\/td>\n<td style=\"border: 1px solid black; padding: 8px;\" colspan=\"4\">360*200*1510 (mm)<\/td>\n<\/tr>\n<tr>\n<td style=\"border: 1px solid black; padding: 8px;\">Taille de la Base<\/td>\n<td style=\"border: 1px solid black; padding: 8px;\" colspan=\"4\">460*300 (mm)<\/td>\n<\/tr>\n<tr>\n<td style=\"border: 1px solid black; padding: 8px; font-weight: bold;\" colspan=\"5\">Configurer Optionnel<\/td>\n<\/tr>\n<tr>\n<td style=\"border: 1px solid black; padding: 8px;\">Compteur d&rsquo;\u00c9nergie<\/td>\n<td style=\"border: 1px solid black; padding: 8px;\" colspan=\"4\">Certifi\u00e9 MID<\/td>\n<\/tr>\n<tr>\n<td style=\"border: 1px solid black; padding: 8px;\">Passerelle R\u00e9seau<\/td>\n<td style=\"border: 1px solid black; padding: 8px;\" colspan=\"4\">Ethernet\/4G<\/td>\n<\/tr>\n<\/tbody>\n<\/table>\n<p><img loading=\"lazy\" decoding=\"async\" class=\"aligncenter\" title=\"22kw03\" src=\"https:\/\/www.teisonev.com\/Content\/uploads\/2023466000\/20230512162319b64eef68ebc8464293da5d8a67e6319b.jpg?size=750x0\" alt=\"22kw03\" width=\"750\" height=\"1002\" \/><\/p>\n<p><img decoding=\"async\" class=\"aligncenter\" title=\"22kw02\" src=\"https:\/\/www.teisonev.com\/Content\/uploads\/2023466000\/202305121623329f7a3bfccf064283938d66a51d380d20.jpg?size=x0\" alt=\"22kw02\" \/><\/p>\n<p><img decoding=\"async\" class=\"aligncenter\" title=\"22kw04\" src=\"https:\/\/www.teisonev.com\/Content\/uploads\/2023466000\/202305130952290592b3a37eab4d88ad0b8b6a396dfebf.jpg?size=x0\" alt=\"22kw04\" \/><\/p>\n<p><img decoding=\"async\" class=\"aligncenter\" title=\"22kw01\" src=\"https:\/\/www.teisonev.com\/Content\/uploads\/2023466000\/20230512163325e7525711f1694512bc4b61b4a5ec0958.jpg?size=x0\" alt=\"22kw01\" \/><\/p>\n<p><img loading=\"lazy\" decoding=\"async\" class=\"aligncenter\" title=\"22kw05\" src=\"https:\/\/www.teisonev.com\/Content\/uploads\/2023466000\/20230512163344b0b89039ef4648e89c301491c62b5eb3.jpg?size=750x0\" alt=\"22kw05\" width=\"750\" height=\"1000\" \/><\/p>\n","protected":false},"excerpt":{"rendered":"<p>Borne de recharge AC \u00e0 double sortie 2x22kW version intelligente avec OCPP, LAN, WIFI, RFID, compteur MID &#8211; Permettant la recharge commerciale simultan\u00e9e de deux v\u00e9hicules.<\/p>\n","protected":false},"featured_media":30093,"comment_status":"open","ping_status":"closed","template":"","meta":{"content-type":"","rop_custom_images_group":[],"rop_custom_messages_group":[],"rop_publish_now":"yes","rop_publish_now_accounts":{"gmb_114395098992411388296_accounts\/114395098992411388296\/locations\/12006445379806666969":"","linkedin_vd11fNtDAd_vd11fNtDAd":"","gmb_107160579247662550978_accounts\/107160579247662550978\/locations\/12097786389432444087":"","gmb_107160579247662550978_accounts\/107160579247662550978\/locations\/12006445379806666969":"","gmb_107160579247662550978_accounts\/107160579247662550978\/locations\/10051390009109310933":"","twitter_1300405782383558656_1300405782383558656":"","tumblr_wattscdotcom_wattscdotcom":"","linkedin_PK5Ejlb2VU_37419926":"","facebook_1791781087687796_116085383271852":"","facebook_1791781087687796_17841456517942081":""},"rop_publish_now_history":[],"rop_publish_now_status":"pending","site-sidebar-layout":"default","site-content-layout":"","ast-site-content-layout":"default","site-content-style":"default","site-sidebar-style":"default","ast-global-header-display":"","ast-banner-title-visibility":"","ast-main-header-display":"","ast-hfb-above-header-display":"","ast-hfb-below-header-display":"","ast-hfb-mobile-header-display":"","site-post-title":"","ast-breadcrumbs-content":"","ast-featured-img":"","footer-sml-layout":"","ast-disable-related-posts":"","theme-transparent-header-meta":"","adv-header-id-meta":"","stick-header-meta":"","header-above-stick-meta":"","header-main-stick-meta":"","header-below-stick-meta":"","astra-migrate-meta-layouts":"default","ast-page-background-enabled":"default","ast-page-background-meta":{"desktop":{"background-color":"var(--ast-global-color-5)","background-image":"","background-repeat":"repeat","background-position":"center center","background-size":"auto","background-attachment":"scroll","background-type":"","background-media":"","overlay-type":"","overlay-color":"","overlay-opacity":"","overlay-gradient":""},"tablet":{"background-color":"","background-image":"","background-repeat":"repeat","background-position":"center center","background-size":"auto","background-attachment":"scroll","background-type":"","background-media":"","overlay-type":"","overlay-color":"","overlay-opacity":"","overlay-gradient":""},"mobile":{"background-color":"","background-image":"","background-repeat":"repeat","background-position":"center center","background-size":"auto","background-attachment":"scroll","background-type":"","background-media":"","overlay-type":"","overlay-color":"","overlay-opacity":"","overlay-gradient":""}},"ast-content-background-meta":{"desktop":{"background-color":"var(--ast-global-color-4)","background-image":"","background-repeat":"repeat","background-position":"center center","background-size":"auto","background-attachment":"scroll","background-type":"","background-media":"","overlay-type":"","overlay-color":"","overlay-opacity":"","overlay-gradient":""},"tablet":{"background-color":"var(--ast-global-color-4)","background-image":"","background-repeat":"repeat","background-position":"center center","background-size":"auto","background-attachment":"scroll","background-type":"","background-media":"","overlay-type":"","overlay-color":"","overlay-opacity":"","overlay-gradient":""},"mobile":{"background-color":"var(--ast-global-color-4)","background-image":"","background-repeat":"repeat","background-position":"center center","background-size":"auto","background-attachment":"scroll","background-type":"","background-media":"","overlay-type":"","overlay-color":"","overlay-opacity":"","overlay-gradient":""}}},"product_brand":[255],"product_cat":[146,152,144],"product_tag":[256],"class_list":{"0":"post-30092","1":"product","2":"type-product","3":"status-publish","4":"has-post-thumbnail","6":"product_brand-teison","7":"product_cat-bornes-de-recharge-public","8":"product_cat-borne-double","9":"product_cat-bornes-de-recharge-entreprise","10":"product_tag-teison","11":"desktop-align-left","12":"tablet-align-left","13":"mobile-align-left","15":"first","16":"instock","17":"taxable","18":"shipping-taxable","19":"purchasable","20":"product-type-simple"},"_links":{"self":[{"href":"https:\/\/store.wattsc.com\/index.php?rest_route=\/wp\/v2\/product\/30092","targetHints":{"allow":["GET"]}}],"collection":[{"href":"https:\/\/store.wattsc.com\/index.php?rest_route=\/wp\/v2\/product"}],"about":[{"href":"https:\/\/store.wattsc.com\/index.php?rest_route=\/wp\/v2\/types\/product"}],"replies":[{"embeddable":true,"href":"https:\/\/store.wattsc.com\/index.php?rest_route=%2Fwp%2Fv2%2Fcomments&post=30092"}],"version-history":[{"count":5,"href":"https:\/\/store.wattsc.com\/index.php?rest_route=\/wp\/v2\/product\/30092\/revisions"}],"predecessor-version":[{"id":30099,"href":"https:\/\/store.wattsc.com\/index.php?rest_route=\/wp\/v2\/product\/30092\/revisions\/30099"}],"wp:featuredmedia":[{"embeddable":true,"href":"https:\/\/store.wattsc.com\/index.php?rest_route=\/wp\/v2\/media\/30093"}],"wp:attachment":[{"href":"https:\/\/store.wattsc.com\/index.php?rest_route=%2Fwp%2Fv2%2Fmedia&parent=30092"}],"wp:term":[{"taxonomy":"product_brand","embeddable":true,"href":"https:\/\/store.wattsc.com\/index.php?rest_route=%2Fwp%2Fv2%2Fproduct_brand&post=30092"},{"taxonomy":"product_cat","embeddable":true,"href":"https:\/\/store.wattsc.com\/index.php?rest_route=%2Fwp%2Fv2%2Fproduct_cat&post=30092"},{"taxonomy":"product_tag","embeddable":true,"href":"https:\/\/store.wattsc.com\/index.php?rest_route=%2Fwp%2Fv2%2Fproduct_tag&post=30092"}],"curies":[{"name":"wp","href":"https:\/\/api.w.org\/{rel}","templated":true}]}}