{"id":30025,"date":"2024-07-15T04:04:43","date_gmt":"2024-07-15T04:04:43","guid":{"rendered":"https:\/\/store.wattsc.com\/?post_type=product&#038;p=30025"},"modified":"2024-07-15T21:24:45","modified_gmt":"2024-07-15T21:24:45","slug":"chargeur-portable-mobile-pour-voiture-electrique-avec-prise-schuko","status":"publish","type":"product","link":"https:\/\/store.wattsc.com\/?product=chargeur-portable-mobile-pour-voiture-electrique-avec-prise-schuko","title":{"rendered":"Chargeur Portable Mobile pour Voiture \u00c9lectrique avec prise Schuko"},"content":{"rendered":"<div>\n<p><strong>Chargeur portable mobile pour voiture \u00e9lectrique avec prise Schuko<\/strong><\/p>\n<p><strong>Vid\u00e9o du produit<\/strong><\/p>\n<p><iframe title=\"YouTube video player\" src=\"https:\/\/www.youtube.com\/embed\/if5lWh0mJpI\" width=\"560\" height=\"315\" frameborder=\"0\" allowfullscreen=\"allowfullscreen\" data-dashlane-rid=\"1a735996de620f72\" data-dashlane-frameid=\"328\" data-form-type=\"other\" data-mce-fragment=\"1\"><\/iframe><\/p>\n<table style=\"border-collapse: collapse; width: 100%;\">\n<thead>\n<tr style=\"background-color: #32cd32;\">\n<th style=\"border: 1px solid black; padding: 8px;\" colspan=\"2\">Param\u00e8tres du produit<\/th>\n<\/tr>\n<\/thead>\n<tbody>\n<tr>\n<td style=\"border: 1px solid black; padding: 8px; font-weight: bold; text-align: center;\" colspan=\"2\">Sp\u00e9cification<\/td>\n<\/tr>\n<tr>\n<td style=\"border: 1px solid black; padding: 8px;\">Mod\u00e8le<\/td>\n<td style=\"border: 1px solid black; padding: 8px;\">TS-PEC-003<\/td>\n<\/tr>\n<tr>\n<td style=\"border: 1px solid black; padding: 8px; font-weight: bold; text-align: center;\" colspan=\"2\">Propri\u00e9t\u00e9s \u00e9lectriques<\/td>\n<\/tr>\n<tr>\n<td style=\"border: 1px solid black; padding: 8px;\">Tension<\/td>\n<td style=\"border: 1px solid black; padding: 8px;\">230V CA\u00b110%<\/td>\n<\/tr>\n<tr>\n<td style=\"border: 1px solid black; padding: 8px;\">Courant de sortie max<\/td>\n<td style=\"border: 1px solid black; padding: 8px;\">16A(6\/8\/10\/13\/16 Optionnel)<\/td>\n<\/tr>\n<tr>\n<td style=\"border: 1px solid black; padding: 8px;\">Fr\u00e9quence<\/td>\n<td style=\"border: 1px solid black; padding: 8px;\">50\/60Hz<\/td>\n<\/tr>\n<tr>\n<td style=\"border: 1px solid black; padding: 8px;\">Puissance de sortie max<\/td>\n<td style=\"border: 1px solid black; padding: 8px;\">3.5kw<\/td>\n<\/tr>\n<tr>\n<td style=\"border: 1px solid black; padding: 8px;\">Protection contre le courant r\u00e9siduel<\/td>\n<td style=\"border: 1px solid black; padding: 8px;\">30mA par d\u00e9faut, 6mA en option<\/td>\n<\/tr>\n<tr>\n<td style=\"border: 1px solid black; padding: 8px; font-weight: bold; text-align: center;\" colspan=\"2\">Conception structurelle<\/td>\n<\/tr>\n<tr>\n<td style=\"border: 1px solid black; padding: 8px;\">Indicateur LED<\/td>\n<td style=\"border: 1px solid black; padding: 8px;\">5 Indicateurs<\/td>\n<\/tr>\n<tr>\n<td style=\"border: 1px solid black; padding: 8px;\">Prise de charge<\/td>\n<td style=\"border: 1px solid black; padding: 8px;\">TYPE1\/2 c\u00e2ble de charge 4.5M<\/td>\n<\/tr>\n<tr>\n<td style=\"border: 1px solid black; padding: 8px;\">Ligne d&rsquo;alimentation entrante<\/td>\n<td style=\"border: 1px solid black; padding: 8px;\">0.7M<\/td>\n<\/tr>\n<tr>\n<td style=\"border: 1px solid black; padding: 8px;\">Longueur totale du c\u00e2ble<\/td>\n<td style=\"border: 1px solid black; padding: 8px;\">&gt;5M<\/td>\n<\/tr>\n<tr>\n<td style=\"border: 1px solid black; padding: 8px;\">Mat\u00e9riau du bo\u00eetier<\/td>\n<td style=\"border: 1px solid black; padding: 8px;\">PC+GF10%<\/td>\n<\/tr>\n<tr>\n<td style=\"border: 1px solid black; padding: 8px;\">Panneau avant<\/td>\n<td style=\"border: 1px solid black; padding: 8px;\">PC<\/td>\n<\/tr>\n<tr>\n<td style=\"border: 1px solid black; padding: 8px; font-weight: bold;\" colspan=\"2\">Protection de s\u00e9curit\u00e9<\/td>\n<\/tr>\n<tr>\n<td style=\"border: 1px solid black; padding: 8px;\">Norme de s\u00e9curit\u00e9<\/td>\n<td style=\"border: 1px solid black; padding: 8px;\">IEC\/EN 61000-6-1:2019;EN 61000-6-3:2007+AI;IEC61000-6-1:2016; IEC 61000-6-3:2006+A1;CISPR 14-1:2016;IEC\/EN62752:2016+A1<\/td>\n<\/tr>\n<tr>\n<td style=\"border: 1px solid black; padding: 8px;\">Protections multiples<\/td>\n<td style=\"border: 1px solid black; padding: 8px;\">Protection contre les surtensions\/sous-tensions, Protection contre les surtensions, Protection contre la surchauffe, Protection contre les surintensit\u00e9s, Protection contre les fuites, Protection contre les courts-circuits, Protection EFT<\/td>\n<\/tr>\n<tr>\n<td style=\"border: 1px solid black; padding: 8px;\">Garantie<\/td>\n<td style=\"border: 1px solid black; padding: 8px;\">1 an<\/td>\n<\/tr>\n<tr>\n<td style=\"border: 1px solid black; padding: 8px; font-weight: bold;\" colspan=\"2\">Performance environnementale<\/td>\n<\/tr>\n<tr>\n<td style=\"border: 1px solid black; padding: 8px;\">Temp\u00e9rature de fonctionnement<\/td>\n<td style=\"border: 1px solid black; padding: 8px;\">-30\u2103-+50\u2103<\/td>\n<\/tr>\n<tr>\n<td style=\"border: 1px solid black; padding: 8px;\">Humidit\u00e9 de fonctionnement<\/td>\n<td style=\"border: 1px solid black; padding: 8px;\">5%-95%. Sans condensation<\/td>\n<\/tr>\n<tr>\n<td style=\"border: 1px solid black; padding: 8px;\">Niveau de protection (bo\u00eetier de commande)<\/td>\n<td style=\"border: 1px solid black; padding: 8px;\">IP65<\/td>\n<\/tr>\n<tr>\n<td style=\"border: 1px solid black; padding: 8px;\">Altitude<\/td>\n<td style=\"border: 1px solid black; padding: 8px;\">\u22642000m<\/td>\n<\/tr>\n<tr>\n<td style=\"border: 1px solid black; padding: 8px;\">Site d&rsquo;application<\/td>\n<td style=\"border: 1px solid black; padding: 8px;\">Int\u00e9rieur\/Ext\u00e9rieur<\/td>\n<\/tr>\n<tr>\n<td style=\"border: 1px solid black; padding: 8px;\">M\u00e9thode de refroidissement<\/td>\n<td style=\"border: 1px solid black; padding: 8px;\">Refroidissement naturel<\/td>\n<\/tr>\n<tr>\n<td style=\"border: 1px solid black; padding: 8px; font-weight: bold;\" colspan=\"2\">D\u00e9tails d&#8217;emballage<\/td>\n<\/tr>\n<tr>\n<td style=\"border: 1px solid black; padding: 8px;\">Dimensions du produit<\/td>\n<td style=\"border: 1px solid black; padding: 8px;\">180*81*45mm<\/td>\n<\/tr>\n<\/tbody>\n<\/table>\n<p><img fetchpriority=\"high\" decoding=\"async\" src=\"https:\/\/www.teisonev.com\/Content\/uploads\/2023466000\/20230131134148db7ed4ac8fc749978cd46e45bbce333d.jpg\" alt=\"2.0\" width=\"750\" height=\"1000\" \/><\/p>\n<p><strong>Structure Produit<\/strong><\/p>\n<p><strong><img decoding=\"async\" src=\"https:\/\/www.teisonev.com\/Content\/uploads\/2022466000\/2022100515493438d5e5b20d124bd596cae91f587155e7.png\" alt=\"1\" width=\"730\" height=\"1172\" \/><\/strong><\/p>\n<p><strong>Caract\u00e9ristiques du produit<\/strong><\/p>\n<p><img decoding=\"async\" src=\"https:\/\/www.teisonev.com\/Content\/uploads\/2020466000\/20201030151108ba397ca9f8fd4d0e94278440596e1cb3.jpg\" alt=\"2_02\" \/><\/p>\n<p>Protection de s\u00e9curit\u00e9<\/p>\n<p><strong><img decoding=\"async\" src=\"https:\/\/www.teisonev.com\/Content\/uploads\/2022466000\/2022100515540350c0af75e3c34285abb5bf737e80c5fc.jpg\" alt=\"3\" width=\"730\" height=\"1173\" \/><\/strong><\/p>\n<p><strong><img decoding=\"async\" src=\"https:\/\/www.teisonev.com\/Content\/uploads\/2021466000\/20211007140443e1f5d628eb2143c2901b9c32c91de962.jpg\" alt=\"3\" \/><\/strong><\/p>\n<p class=\"whitespace-pre-wrap break-words\"><strong>Attention<\/strong><\/p>\n<ul class=\"-mt-1 list-disc space-y-2 pl-8\">\n<li class=\"whitespace-normal break-words\">Ceci est un connecteur de charge EV Mode 2 pour les VE avec prises de Type 1. Ne l&rsquo;utilisez pas pour les VE avec d&rsquo;autres types de prises ;<\/li>\n<li class=\"whitespace-normal break-words\">Ce c\u00e2ble a une structure interne pr\u00e9cise. Pour toute question, veuillez contacter notre responsable du service client imm\u00e9diatement. Veuillez ne pas le d\u00e9monter sans support technique professionnel ;<\/li>\n<li class=\"whitespace-normal break-words\">Ne l&rsquo;utilisez pas dans l&rsquo;eau ;<\/li>\n<li class=\"whitespace-normal break-words\">Le produit est uniquement destin\u00e9 \u00e0 la charge des VE. Veuillez ne pas l&rsquo;utiliser dans d&rsquo;autres circonstances, y compris le remorquage, l&rsquo;arrimage, etc.<\/li>\n<\/ul>\n<p><img loading=\"lazy\" decoding=\"async\" src=\"https:\/\/www.teisonev.com\/Content\/uploads\/2022466000\/2022100515543208786c1808624029b533ee32eba588f2.jpg\" alt=\"7\" width=\"730\" height=\"1173\" \/><\/p>\n<\/div>\n<p class=\"productsTags\"><a href=\"http:\/\/store.wattsc.com\/wp-content\/uploads\/2024\/07\/Teison-Portable-EV-Charger.pdf\">Teison-Portable-EV-Charger<\/a><\/p>\n","protected":false},"excerpt":{"rendered":"<ul>\n<li>Pr\u00eat \u00e0 l&#8217;emploi<\/li>\n<li>Charge maximale 3,6 kW<\/li>\n<li>R\u00e9glable de 6 \u00e0 16A<\/li>\n<li>Protection contre les fuites CA 30 mA + CC 6 mA<\/li>\n<\/ul>\n","protected":false},"featured_media":30026,"comment_status":"open","ping_status":"closed","template":"","meta":{"content-type":"","rop_custom_images_group":[],"rop_custom_messages_group":[],"rop_publish_now":"yes","rop_publish_now_accounts":{"gmb_114395098992411388296_accounts\/114395098992411388296\/locations\/12006445379806666969":"","linkedin_vd11fNtDAd_vd11fNtDAd":"","gmb_107160579247662550978_accounts\/107160579247662550978\/locations\/12097786389432444087":"","gmb_107160579247662550978_accounts\/107160579247662550978\/locations\/12006445379806666969":"","gmb_107160579247662550978_accounts\/107160579247662550978\/locations\/10051390009109310933":"","twitter_1300405782383558656_1300405782383558656":"","tumblr_wattscdotcom_wattscdotcom":"","linkedin_PK5Ejlb2VU_37419926":"","facebook_1791781087687796_116085383271852":"","facebook_1791781087687796_17841456517942081":""},"rop_publish_now_history":[],"rop_publish_now_status":"pending","site-sidebar-layout":"default","site-content-layout":"","ast-site-content-layout":"default","site-content-style":"default","site-sidebar-style":"default","ast-global-header-display":"","ast-banner-title-visibility":"","ast-main-header-display":"","ast-hfb-above-header-display":"","ast-hfb-below-header-display":"","ast-hfb-mobile-header-display":"","site-post-title":"","ast-breadcrumbs-content":"","ast-featured-img":"","footer-sml-layout":"","ast-disable-related-posts":"","theme-transparent-header-meta":"","adv-header-id-meta":"","stick-header-meta":"","header-above-stick-meta":"","header-main-stick-meta":"","header-below-stick-meta":"","astra-migrate-meta-layouts":"default","ast-page-background-enabled":"default","ast-page-background-meta":{"desktop":{"background-color":"var(--ast-global-color-5)","background-image":"","background-repeat":"repeat","background-position":"center center","background-size":"auto","background-attachment":"scroll","background-type":"","background-media":"","overlay-type":"","overlay-color":"","overlay-opacity":"","overlay-gradient":""},"tablet":{"background-color":"","background-image":"","background-repeat":"repeat","background-position":"center center","background-size":"auto","background-attachment":"scroll","background-type":"","background-media":"","overlay-type":"","overlay-color":"","overlay-opacity":"","overlay-gradient":""},"mobile":{"background-color":"","background-image":"","background-repeat":"repeat","background-position":"center center","background-size":"auto","background-attachment":"scroll","background-type":"","background-media":"","overlay-type":"","overlay-color":"","overlay-opacity":"","overlay-gradient":""}},"ast-content-background-meta":{"desktop":{"background-color":"var(--ast-global-color-4)","background-image":"","background-repeat":"repeat","background-position":"center center","background-size":"auto","background-attachment":"scroll","background-type":"","background-media":"","overlay-type":"","overlay-color":"","overlay-opacity":"","overlay-gradient":""},"tablet":{"background-color":"var(--ast-global-color-4)","background-image":"","background-repeat":"repeat","background-position":"center center","background-size":"auto","background-attachment":"scroll","background-type":"","background-media":"","overlay-type":"","overlay-color":"","overlay-opacity":"","overlay-gradient":""},"mobile":{"background-color":"var(--ast-global-color-4)","background-image":"","background-repeat":"repeat","background-position":"center center","background-size":"auto","background-attachment":"scroll","background-type":"","background-media":"","overlay-type":"","overlay-color":"","overlay-opacity":"","overlay-gradient":""}}},"product_brand":[255],"product_cat":[135],"product_tag":[263,256],"class_list":{"0":"post-30025","1":"product","2":"type-product","3":"status-publish","4":"has-post-thumbnail","6":"product_brand-teison","7":"product_cat-bornes-de-recharge","8":"product_tag-schuko","9":"product_tag-teison","10":"desktop-align-left","11":"tablet-align-left","12":"mobile-align-left","14":"first","15":"instock","16":"taxable","17":"shipping-taxable","18":"purchasable","19":"product-type-simple"},"_links":{"self":[{"href":"https:\/\/store.wattsc.com\/index.php?rest_route=\/wp\/v2\/product\/30025","targetHints":{"allow":["GET"]}}],"collection":[{"href":"https:\/\/store.wattsc.com\/index.php?rest_route=\/wp\/v2\/product"}],"about":[{"href":"https:\/\/store.wattsc.com\/index.php?rest_route=\/wp\/v2\/types\/product"}],"replies":[{"embeddable":true,"href":"https:\/\/store.wattsc.com\/index.php?rest_route=%2Fwp%2Fv2%2Fcomments&post=30025"}],"version-history":[{"count":1,"href":"https:\/\/store.wattsc.com\/index.php?rest_route=\/wp\/v2\/product\/30025\/revisions"}],"predecessor-version":[{"id":30034,"href":"https:\/\/store.wattsc.com\/index.php?rest_route=\/wp\/v2\/product\/30025\/revisions\/30034"}],"wp:featuredmedia":[{"embeddable":true,"href":"https:\/\/store.wattsc.com\/index.php?rest_route=\/wp\/v2\/media\/30026"}],"wp:attachment":[{"href":"https:\/\/store.wattsc.com\/index.php?rest_route=%2Fwp%2Fv2%2Fmedia&parent=30025"}],"wp:term":[{"taxonomy":"product_brand","embeddable":true,"href":"https:\/\/store.wattsc.com\/index.php?rest_route=%2Fwp%2Fv2%2Fproduct_brand&post=30025"},{"taxonomy":"product_cat","embeddable":true,"href":"https:\/\/store.wattsc.com\/index.php?rest_route=%2Fwp%2Fv2%2Fproduct_cat&post=30025"},{"taxonomy":"product_tag","embeddable":true,"href":"https:\/\/store.wattsc.com\/index.php?rest_route=%2Fwp%2Fv2%2Fproduct_tag&post=30025"}],"curies":[{"name":"wp","href":"https:\/\/api.w.org\/{rel}","templated":true}]}}