{"id":27783,"date":"2023-11-03T20:21:04","date_gmt":"2023-11-03T20:21:04","guid":{"rendered":"https:\/\/store.wattsc.com\/panneau-de-signalisation-2-voitures-electriques\/"},"modified":"2025-04-30T17:32:16","modified_gmt":"2025-04-30T17:32:16","slug":"panneau-de-signalisation-2-voitures-electriques","status":"publish","type":"product","link":"https:\/\/store.wattsc.com\/?product=panneau-de-signalisation-2-voitures-electriques","title":{"rendered":"Panneau de signalisation voiture \u00e9lectrique\u00a0"},"content":{"rendered":"<h2>Panneau de signalisation voiture \u00e9lectrique<\/h2>\n<p class=\"page-title\">Ce\u00a0<strong>panneau de signalisation <\/strong>est fourni avec un kit d&rsquo;installation murale.<\/p>\n","protected":false},"excerpt":{"rendered":"<p><strong>Indiquez votre Place de Parking pour V\u00e9hicule \u00c9lectrique<\/strong><\/p>\n<p>R\u00e9servez votre emplacement de stationnement exclusif pour votre voiture \u00e9lectrique en commandant notre panneau de signalisation d\u00e9di\u00e9. Inclus dans votre commande, vous trouverez un ensemble de supports con\u00e7us pour une fixation murale facile et s\u00e9curis\u00e9e.<\/p>\n<p><strong>Les Avantages de Notre Panneau de Signalisation<\/strong><\/p>\n<ul>\n<li><strong>Montage Mural :<\/strong> Installation simple et rapide sur n&rsquo;importe quel mur.<\/li>\n<li><strong>Montage sur Poteau :<\/strong> Flexibilit\u00e9 d&rsquo;installation avec la possibilit\u00e9 de fixer sur un poteau existant.<\/li>\n<li><strong>Pr\u00e9vention du Stationnement Ill\u00e9gal :<\/strong> Marquez clairement votre espace pour \u00e9viter toute utilisation non autoris\u00e9e.<\/li>\n<\/ul>\n","protected":false},"featured_media":27784,"comment_status":"open","ping_status":"closed","template":"","meta":{"content-type":"","rop_custom_images_group":[],"rop_custom_messages_group":[],"rop_publish_now":"yes","rop_publish_now_accounts":{"gmb_114395098992411388296_accounts\/114395098992411388296\/locations\/12006445379806666969":"","linkedin_vd11fNtDAd_vd11fNtDAd":"","twitter_1300405782383558656_1300405782383558656":"","tumblr_wattscdotcom_wattscdotcom":"","linkedin_PK5Ejlb2VU_37419926":"","facebook_1791781087687796_116085383271852":"","gmb_107160579247662550978_accounts\/107160579247662550978\/locations\/12097786389432444087":"","gmb_107160579247662550978_accounts\/107160579247662550978\/locations\/10051390009109310933":"","gmb_107160579247662550978_accounts\/107160579247662550978\/locations\/12006445379806666969":"","facebook_1791781087687796_17841456517942081":""},"rop_publish_now_history":[],"rop_publish_now_status":"pending","site-sidebar-layout":"default","site-content-layout":"","ast-site-content-layout":"default","site-content-style":"default","site-sidebar-style":"default","ast-global-header-display":"","ast-banner-title-visibility":"","ast-main-header-display":"","ast-hfb-above-header-display":"","ast-hfb-below-header-display":"","ast-hfb-mobile-header-display":"","site-post-title":"","ast-breadcrumbs-content":"","ast-featured-img":"","footer-sml-layout":"","ast-disable-related-posts":"","theme-transparent-header-meta":"default","adv-header-id-meta":"","stick-header-meta":"","header-above-stick-meta":"","header-main-stick-meta":"","header-below-stick-meta":"","astra-migrate-meta-layouts":"set","ast-page-background-enabled":"default","ast-page-background-meta":{"desktop":{"background-color":"var(--ast-global-color-5)","background-image":"","background-repeat":"repeat","background-position":"center center","background-size":"auto","background-attachment":"scroll","background-type":"","background-media":"","overlay-type":"","overlay-color":"","overlay-opacity":"","overlay-gradient":""},"tablet":{"background-color":"","background-image":"","background-repeat":"repeat","background-position":"center center","background-size":"auto","background-attachment":"scroll","background-type":"","background-media":"","overlay-type":"","overlay-color":"","overlay-opacity":"","overlay-gradient":""},"mobile":{"background-color":"","background-image":"","background-repeat":"repeat","background-position":"center center","background-size":"auto","background-attachment":"scroll","background-type":"","background-media":"","overlay-type":"","overlay-color":"","overlay-opacity":"","overlay-gradient":""}},"ast-content-background-meta":{"desktop":{"background-color":"var(--ast-global-color-4)","background-image":"","background-repeat":"repeat","background-position":"center center","background-size":"auto","background-attachment":"scroll","background-type":"","background-media":"","overlay-type":"","overlay-color":"","overlay-opacity":"","overlay-gradient":""},"tablet":{"background-color":"var(--ast-global-color-4)","background-image":"","background-repeat":"repeat","background-position":"center center","background-size":"auto","background-attachment":"scroll","background-type":"","background-media":"","overlay-type":"","overlay-color":"","overlay-opacity":"","overlay-gradient":""},"mobile":{"background-color":"var(--ast-global-color-4)","background-image":"","background-repeat":"repeat","background-position":"center center","background-size":"auto","background-attachment":"scroll","background-type":"","background-media":"","overlay-type":"","overlay-color":"","overlay-opacity":"","overlay-gradient":""}}},"product_brand":[],"product_cat":[139,174],"product_tag":[],"class_list":{"0":"post-27783","1":"product","2":"type-product","3":"status-publish","4":"has-post-thumbnail","6":"product_cat-accessoires","7":"product_cat-signaletique","8":"desktop-align-left","9":"tablet-align-left","10":"mobile-align-left","12":"first","13":"instock","14":"sold-individually","15":"taxable","16":"shipping-taxable","17":"purchasable","18":"product-type-simple"},"_links":{"self":[{"href":"https:\/\/store.wattsc.com\/index.php?rest_route=\/wp\/v2\/product\/27783","targetHints":{"allow":["GET"]}}],"collection":[{"href":"https:\/\/store.wattsc.com\/index.php?rest_route=\/wp\/v2\/product"}],"about":[{"href":"https:\/\/store.wattsc.com\/index.php?rest_route=\/wp\/v2\/types\/product"}],"replies":[{"embeddable":true,"href":"https:\/\/store.wattsc.com\/index.php?rest_route=%2Fwp%2Fv2%2Fcomments&post=27783"}],"version-history":[{"count":4,"href":"https:\/\/store.wattsc.com\/index.php?rest_route=\/wp\/v2\/product\/27783\/revisions"}],"predecessor-version":[{"id":27838,"href":"https:\/\/store.wattsc.com\/index.php?rest_route=\/wp\/v2\/product\/27783\/revisions\/27838"}],"wp:featuredmedia":[{"embeddable":true,"href":"https:\/\/store.wattsc.com\/index.php?rest_route=\/wp\/v2\/media\/27784"}],"wp:attachment":[{"href":"https:\/\/store.wattsc.com\/index.php?rest_route=%2Fwp%2Fv2%2Fmedia&parent=27783"}],"wp:term":[{"taxonomy":"product_brand","embeddable":true,"href":"https:\/\/store.wattsc.com\/index.php?rest_route=%2Fwp%2Fv2%2Fproduct_brand&post=27783"},{"taxonomy":"product_cat","embeddable":true,"href":"https:\/\/store.wattsc.com\/index.php?rest_route=%2Fwp%2Fv2%2Fproduct_cat&post=27783"},{"taxonomy":"product_tag","embeddable":true,"href":"https:\/\/store.wattsc.com\/index.php?rest_route=%2Fwp%2Fv2%2Fproduct_tag&post=27783"}],"curies":[{"name":"wp","href":"https:\/\/api.w.org\/{rel}","templated":true}]}}