{"id":27780,"date":"2023-11-03T20:21:04","date_gmt":"2023-11-03T20:21:04","guid":{"rendered":"https:\/\/store.wattsc.com\/panneau-de-signalisation-de-voiture-electrique\/"},"modified":"2023-11-03T21:15:37","modified_gmt":"2023-11-03T21:15:37","slug":"panneau-de-signalisation-de-voiture-electrique","status":"publish","type":"product","link":"https:\/\/store.wattsc.com\/?product=panneau-de-signalisation-de-voiture-electrique","title":{"rendered":"Panneau de signalisation de voiture \u00e9lectrique"},"content":{"rendered":"<h2>Panneau de signalisation voiture \u00e9lectrique 60x40cm<\/h2>\n<p class=\"page-title\">Ce\u00a0<strong>panneau de signalisation 60x40cm <\/strong>est fourni avec un kit d&rsquo;installation murale.<\/p>\n<h2>Caract\u00e9ristiques techniques<\/h2>\n<ul>\n<li>Taille: 60&#215;40 cm<\/li>\n<li>Surface prot\u00e9g\u00e9e: r\u00e9siste \u00e0 la pluie et aux griffures<\/li>\n<li>Kit de montage mural inclus<\/li>\n<\/ul>\n","protected":false},"excerpt":{"rendered":"<div class=\"flex-1 overflow-hidden\">\n<div class=\"react-scroll-to-bottom--css-zjuyc-79elbk h-full\">\n<div class=\"react-scroll-to-bottom--css-zjuyc-1n7m0yu\">\n<div class=\"flex flex-col text-sm gizmo:pb-9 dark:bg-gray-800 gizmo:dark:bg-transparent\">\n<div class=\"group w-full text-token-text-primary border-b border-black\/10 gizmo:border-0 dark:border-gray-900\/50 gizmo:dark:border-0 bg-gray-50 gizmo:bg-transparent dark:bg-[#444654] gizmo:dark:bg-transparent\" data-testid=\"conversation-turn-11\">\n<div class=\"p-4 gizmo:py-2 justify-center text-base md:gap-6 md:py-6 m-auto\">\n<div class=\"flex flex-1 gap-4 text-base mx-auto md:gap-6 gizmo:gap-3 gizmo:md:px-5 gizmo:lg:px-1 gizmo:xl:px-5 md:max-w-2xl lg:max-w-[38rem] gizmo:md:max-w-3xl gizmo:lg:max-w-[40rem] gizmo:xl:max-w-[48rem] xl:max-w-3xl }\">\n<div class=\"relative flex w-[calc(100%-50px)] flex-col gizmo:w-full lg:w-[calc(100%-115px)] agent-turn\">\n<div class=\"flex-col gap-1 md:gap-3\">\n<div class=\"flex flex-grow flex-col gap-3 max-w-full\">\n<div class=\"min-h-[20px] flex flex-col items-start gap-3 whitespace-pre-wrap break-words overflow-x-auto\" data-message-author-role=\"assistant\" data-message-id=\"5f964c47-3326-4096-8dbd-c0e8428ac482\">\n<div class=\"markdown prose w-full break-words dark:prose-invert light\">\n<p><strong>Indiquez votre Place de Parking pour V\u00e9hicule \u00c9lectrique<\/strong><\/p>\n<p>R\u00e9servez votre emplacement de stationnement exclusif pour votre voiture \u00e9lectrique en commandant notre panneau de signalisation d\u00e9di\u00e9. Inclus dans votre commande, vous trouverez un ensemble de supports con\u00e7us pour une fixation murale facile et s\u00e9curis\u00e9e.<\/p>\n<p><strong>Les Avantages de Notre Panneau de Signalisation<\/strong><\/p>\n<ul>\n<li><strong>Montage Mural :<\/strong> Installation simple et rapide sur n&rsquo;importe quel mur.<\/li>\n<li><strong>Montage sur Poteau :<\/strong> Flexibilit\u00e9 d&rsquo;installation avec la possibilit\u00e9 de fixer sur un poteau existant.<\/li>\n<li><strong>Pr\u00e9vention du Stationnement Ill\u00e9gal :<\/strong> Marquez clairement votre espace pour \u00e9viter toute utilisation non autoris\u00e9e.<\/li>\n<\/ul>\n<hr \/>\n<p>Ce texte est pr\u00eat \u00e0 \u00eatre utilis\u00e9 dans vos supports marketing ou sur votre site web. Si vous avez besoin d&rsquo;une assistance suppl\u00e9mentaire pour la mise en forme ou la personnalisation de ce contenu, n&rsquo;h\u00e9sitez pas \u00e0 me le faire savoir.<\/p>\n<\/div>\n<\/div>\n<\/div>\n<\/div>\n<\/div>\n<\/div>\n<\/div>\n<\/div>\n<\/div>\n<\/div>\n<\/div>\n<\/div>\n","protected":false},"featured_media":27781,"comment_status":"open","ping_status":"closed","template":"","meta":{"content-type":"","rop_custom_images_group":[],"rop_custom_messages_group":[],"rop_publish_now":"initial","rop_publish_now_accounts":{"gmb_114395098992411388296_accounts\/114395098992411388296\/locations\/12006445379806666969":"","linkedin_vd11fNtDAd_vd11fNtDAd":"","twitter_1300405782383558656_1300405782383558656":"","tumblr_wattscdotcom_wattscdotcom":"","facebook_1791781087687796_116085383271852":"","gmb_107160579247662550978_accounts\/107160579247662550978\/locations\/12097786389432444087":"","gmb_107160579247662550978_accounts\/107160579247662550978\/locations\/10051390009109310933":"","gmb_107160579247662550978_accounts\/107160579247662550978\/locations\/12006445379806666969":"","facebook_1791781087687796_17841456517942081":"","linkedin_PK5Ejlb2VU_105025086":"","linkedin_PK5Ejlb2VU_37419926":""},"rop_publish_now_history":[],"rop_publish_now_status":"pending","site-sidebar-layout":"default","site-content-layout":"","ast-site-content-layout":"default","site-content-style":"default","site-sidebar-style":"default","ast-global-header-display":"","ast-banner-title-visibility":"","ast-main-header-display":"","ast-hfb-above-header-display":"","ast-hfb-below-header-display":"","ast-hfb-mobile-header-display":"","site-post-title":"","ast-breadcrumbs-content":"","ast-featured-img":"","footer-sml-layout":"","ast-disable-related-posts":"","theme-transparent-header-meta":"","adv-header-id-meta":"","stick-header-meta":"","header-above-stick-meta":"","header-main-stick-meta":"","header-below-stick-meta":"","astra-migrate-meta-layouts":"default","ast-page-background-enabled":"default","ast-page-background-meta":{"desktop":{"background-color":"var(--ast-global-color-5)","background-image":"","background-repeat":"repeat","background-position":"center center","background-size":"auto","background-attachment":"scroll","background-type":"","background-media":"","overlay-type":"","overlay-color":"","overlay-opacity":"","overlay-gradient":""},"tablet":{"background-color":"","background-image":"","background-repeat":"repeat","background-position":"center center","background-size":"auto","background-attachment":"scroll","background-type":"","background-media":"","overlay-type":"","overlay-color":"","overlay-opacity":"","overlay-gradient":""},"mobile":{"background-color":"","background-image":"","background-repeat":"repeat","background-position":"center center","background-size":"auto","background-attachment":"scroll","background-type":"","background-media":"","overlay-type":"","overlay-color":"","overlay-opacity":"","overlay-gradient":""}},"ast-content-background-meta":{"desktop":{"background-color":"var(--ast-global-color-4)","background-image":"","background-repeat":"repeat","background-position":"center center","background-size":"auto","background-attachment":"scroll","background-type":"","background-media":"","overlay-type":"","overlay-color":"","overlay-opacity":"","overlay-gradient":""},"tablet":{"background-color":"var(--ast-global-color-4)","background-image":"","background-repeat":"repeat","background-position":"center center","background-size":"auto","background-attachment":"scroll","background-type":"","background-media":"","overlay-type":"","overlay-color":"","overlay-opacity":"","overlay-gradient":""},"mobile":{"background-color":"var(--ast-global-color-4)","background-image":"","background-repeat":"repeat","background-position":"center center","background-size":"auto","background-attachment":"scroll","background-type":"","background-media":"","overlay-type":"","overlay-color":"","overlay-opacity":"","overlay-gradient":""}}},"product_brand":[],"product_cat":[139,174],"product_tag":[],"class_list":{"0":"post-27780","1":"product","2":"type-product","3":"status-publish","4":"has-post-thumbnail","6":"product_cat-accessoires","7":"product_cat-signaletique","8":"desktop-align-left","9":"tablet-align-left","10":"mobile-align-left","12":"first","13":"instock","14":"sold-individually","15":"taxable","16":"shipping-taxable","17":"purchasable","18":"product-type-simple"},"_links":{"self":[{"href":"https:\/\/store.wattsc.com\/index.php?rest_route=\/wp\/v2\/product\/27780","targetHints":{"allow":["GET"]}}],"collection":[{"href":"https:\/\/store.wattsc.com\/index.php?rest_route=\/wp\/v2\/product"}],"about":[{"href":"https:\/\/store.wattsc.com\/index.php?rest_route=\/wp\/v2\/types\/product"}],"replies":[{"embeddable":true,"href":"https:\/\/store.wattsc.com\/index.php?rest_route=%2Fwp%2Fv2%2Fcomments&post=27780"}],"version-history":[{"count":3,"href":"https:\/\/store.wattsc.com\/index.php?rest_route=\/wp\/v2\/product\/27780\/revisions"}],"predecessor-version":[{"id":27839,"href":"https:\/\/store.wattsc.com\/index.php?rest_route=\/wp\/v2\/product\/27780\/revisions\/27839"}],"wp:featuredmedia":[{"embeddable":true,"href":"https:\/\/store.wattsc.com\/index.php?rest_route=\/wp\/v2\/media\/27781"}],"wp:attachment":[{"href":"https:\/\/store.wattsc.com\/index.php?rest_route=%2Fwp%2Fv2%2Fmedia&parent=27780"}],"wp:term":[{"taxonomy":"product_brand","embeddable":true,"href":"https:\/\/store.wattsc.com\/index.php?rest_route=%2Fwp%2Fv2%2Fproduct_brand&post=27780"},{"taxonomy":"product_cat","embeddable":true,"href":"https:\/\/store.wattsc.com\/index.php?rest_route=%2Fwp%2Fv2%2Fproduct_cat&post=27780"},{"taxonomy":"product_tag","embeddable":true,"href":"https:\/\/store.wattsc.com\/index.php?rest_route=%2Fwp%2Fv2%2Fproduct_tag&post=27780"}],"curies":[{"name":"wp","href":"https:\/\/api.w.org\/{rel}","templated":true}]}}