{"id":27751,"date":"2023-11-03T20:20:21","date_gmt":"2023-11-03T20:20:21","guid":{"rendered":"https:\/\/store.wattsc.com\/forfait-dinstallation\/"},"modified":"2023-11-03T20:20:22","modified_gmt":"2023-11-03T20:20:22","slug":"forfait-dinstallation","status":"publish","type":"product","link":"https:\/\/store.wattsc.com\/?product=forfait-dinstallation","title":{"rendered":"Forfait d&rsquo;installation"},"content":{"rendered":"<p><select class=\"yith-wapo-option-value\" data-addon-id=\"471\" id=\"yith-wapo-471\" name=\"yith_wapo[][471]\" style=\"width: 75% !important ;\"><option value=\"default\">S\u00e9lectionner une option<\/option><option data-addon-id=\"471\" data-description=\"incl. max 10M1 4X4YMVK-AS c\u00e2ble\" data-first-free-enabled=\"no\" data-first-free-options=\"0\" data-image=\"\" data-price=\"398.09\" data-price-method=\"augmenter\" data-price-sale=\"undefined\" data-price-type=\"fixed\" data-replace-image=\"\" value=\"0\"><br \/>\nInstallation de base gagnante (+398,09\u20ac)<\/option><option data-addon-id=\"471\" data-description=\"Incl. max 10M1 4X4YMVK-AS c\u00e2ble + Datakabel \u00e0 d\u00e9terminer pour l'\u00e9quilibrage de charge\" data-first-free-enabled=\"no\" data-first-free-options=\"0\" data-image=\"\" data-price=\"607.42\" data-price-method=\"augmenter\" data-price-sale=\"undefined\" data-price-type=\"fixed\" data-replace-image=\" \" valeur=\"1\"><br \/>\nInstallation incl. \u00e9quilibrage de charge (+607,42\u20ac)<\/option><option data-addon-id=\"471\" data-description=\"Comprend max 10M1 c\u00e2ble 4X4YMVK-AS + 2 c\u00e2bles max 10M1 Data \u00e0 d\u00e9terminer pour l'\u00e9quilibrage de charge\" data-first-=\"\" data-first-free-enabled=\"no\" data-image=\"\" data-price=\"680.02\" data-price-method=\"augmenter\" data-price-sale=\"undefined\" data-price-type=\"fixed\" data-replace=\"\" free-options=\"0\" valeur=\"2\"><br \/>\nInstallation incl. \u00e9quilibrage de charge + prise Ethernet (+680,02\u20ac)<\/option><\/select><\/p>\n<p><select class=\"yith-wapo-option-value\" data-addon-id=\"468\" id=\"yith-wapo-468\" name=\"yith_wapo[][468]\" style=\"width: 75% !important ;\"><option value=\"default\">S\u00e9lectionner une option<\/option><option data-addon-id=\"468\" data-description=\"\" data-first-free-enabled=\"no\" data-first-free-options=\"0\" data-image=\"\" data-price=\" 0\" data-price-method=\"diminuer\" data-price-type=\"fixed\" data-replace-image=\"\" value=\"0\"><br \/>\nmontage de baguette (-0,00\u20ac)<\/option><option data-addon-id=\"468\" data-description=\"\" data-first-free-enabled=\"no\" data-first-free-options=\"0\" data-image=\"\" data-price=\" 90,75\" data-price-method=\"augmenter\" data-price-sale=\"undefined\" data-price-type=\"fixed\" data-replace-image=\"\" value=\"1\"><br \/>\nMontage op paal (hors montagepaal) (+\u20ac90,75)<\/option><\/select><\/p>\n<p><select class=\"yith-wapo-option-value\" data-addon-id=\"469\" id=\"yith-wapo-469\" name=\"yith_wapo[][469]\" style=\"width\u00a0: 75% !important ;\"><option value=\"default\">S\u00e9lectionner une option<\/option><option data-addon-id=\"469\" data-description=\"\" data-first-free-enabled=\"no\" data-first-free-options=\"0\" data-image=\"\" data-price=\" 0\" data-price-method=\"diminuer\" data-price-type=\"fixed\" data-replace-image=\"\" value=\"0\"><br \/>\nNVT (-0,00\u20ac)<\/option><option data-addon-id=\"469\" data-description=\"\" data-first-free-enabled=\"no\" data-first-free-options=\"0\" data-image=\"\" data-price=\" 121\" data-price-method=\"augmenter\" data-price-sale=\"undefined\" data-price-type=\"fixed\" data-replace-image=\"\" value=\"1\"><br \/>\nInstallation sur les Waddeneilanden (+\u20ac121,00)<\/option><option data-addon-id=\"469\" data-description=\"\" data-first-free-enabled=\"no\" data-first-free-options=\"0\" data-image=\"\" data-price=\" 363\" data-price-method=\"augmenter\" data-price-sale=\"undefined\" data-price-type=\"fixed\" data-replace-image=\"\" value=\"2\"><br \/>\nInstallation en Belgique (+\u20ac363,00)<\/option><\/select><\/p>\n<table class=\"table table-striped table-bordered table-hover\">\n<tbody>\n<tr>\n<td>Montant total du cr\u00e9dit<\/td>\n<td>D\u00e9p\u00f4t<\/td>\n<td>Valeur de rachat<\/td>\n<td>Pourcentage du co\u00fbt annuel<\/td>\n<td>Taux d&rsquo;int\u00e9r\u00eat d\u00e9biteur sur une base annuelle (fixe)<\/td>\n<td>Montant du versement par mois<\/td>\n<td>Dur\u00e9e du contrat de cr\u00e9dit<\/td>\n<td>Montant total \u00e0 payer par le consommateur<\/td>\n<\/tr>\n<tr>\n<td>339,01\u00a0\u20ac<\/td>\n<td>0\u00a0\u20ac<\/td>\n<td>339,01\u00a0\u20ac<\/td>\n<td>10\u00a0%<\/td>\n<td>10\u00a0%<\/td>\n<td>6,21\u00a0\u20ac<\/td>\n<td>72\u00a0mois<\/td>\n<td>446,84\u00a0\u20ac<\/td>\n<\/tr>\n<\/tbody>\n<\/table>\n","protected":false},"excerpt":{"rendered":"<p>Installation et assemblage\u00a0:<br \/>\nComprend : les frais d&rsquo;intervention, les frais de main d&rsquo;\u0153uvre, le raccordement dans l&rsquo;armoire \u00e0 compteurs. 1er 10 m\u00e8tres de c\u00e2ble d&rsquo;alimentation, 2 travers\u00e9es murales incluses, diam\u00e8tre maximum 28mm, max 4 m\u00e8tres de tube 19mm. petit mat\u00e9riel, travaux de pavage max 1\/2 m\u00e8tre le long du c\u00f4t\u00e9 de la maison 5 m\u00e8tres de travaux d&rsquo;excavation (en sable ou terre) toujours inclus en suppl\u00e9ment hors travaux de voirie\/gravier. test d&rsquo;installation et mise en service.<br \/>\nL&rsquo;installation command\u00e9e sera effectu\u00e9e par un technicien certifi\u00e9 \u00e0 n&rsquo;importe quel endroit souhait\u00e9 aux Pays-Bas. Il y a un suppl\u00e9ment pour les frais de ferry pour les \u00eeles Wadden.<br \/>\nLire la pr\u00e9paration ici<br \/>\nInstallation d&rsquo;informations et services suppl\u00e9mentaires<br \/>\nPoints positifs<br \/>\nComprend\u00a0:\u00a0Frais d&rsquo;intervention<br \/>\nRaccordement dans l&rsquo;armoire \u00e0 compteurs<br \/>\n1er 10 m\u00e8tres de c\u00e2ble d&rsquo;alimentation<\/p>\n","protected":false},"featured_media":27752,"comment_status":"open","ping_status":"open","template":"","meta":{"content-type":"","rop_custom_images_group":[],"rop_custom_messages_group":[],"rop_publish_now":"initial","rop_publish_now_accounts":{"gmb_114395098992411388296_accounts\/114395098992411388296\/locations\/12006445379806666969":"","linkedin_vd11fNtDAd_vd11fNtDAd":"","twitter_1300405782383558656_1300405782383558656":"","tumblr_wattscdotcom_wattscdotcom":"","facebook_1791781087687796_116085383271852":"","gmb_107160579247662550978_accounts\/107160579247662550978\/locations\/12097786389432444087":"","gmb_107160579247662550978_accounts\/107160579247662550978\/locations\/10051390009109310933":"","gmb_107160579247662550978_accounts\/107160579247662550978\/locations\/12006445379806666969":"","facebook_1791781087687796_17841456517942081":"","linkedin_PK5Ejlb2VU_105025086":"","linkedin_PK5Ejlb2VU_37419926":""},"rop_publish_now_history":[],"rop_publish_now_status":"pending","site-sidebar-layout":"default","site-content-layout":"","ast-site-content-layout":"default","site-content-style":"default","site-sidebar-style":"default","ast-global-header-display":"","ast-banner-title-visibility":"","ast-main-header-display":"","ast-hfb-above-header-display":"","ast-hfb-below-header-display":"","ast-hfb-mobile-header-display":"","site-post-title":"","ast-breadcrumbs-content":"","ast-featured-img":"","footer-sml-layout":"","ast-disable-related-posts":"","theme-transparent-header-meta":"","adv-header-id-meta":"","stick-header-meta":"","header-above-stick-meta":"","header-main-stick-meta":"","header-below-stick-meta":"","astra-migrate-meta-layouts":"default","ast-page-background-enabled":"default","ast-page-background-meta":{"desktop":{"background-color":"var(--ast-global-color-5)","background-image":"","background-repeat":"repeat","background-position":"center center","background-size":"auto","background-attachment":"scroll","background-type":"","background-media":"","overlay-type":"","overlay-color":"","overlay-opacity":"","overlay-gradient":""},"tablet":{"background-color":"","background-image":"","background-repeat":"repeat","background-position":"center center","background-size":"auto","background-attachment":"scroll","background-type":"","background-media":"","overlay-type":"","overlay-color":"","overlay-opacity":"","overlay-gradient":""},"mobile":{"background-color":"","background-image":"","background-repeat":"repeat","background-position":"center center","background-size":"auto","background-attachment":"scroll","background-type":"","background-media":"","overlay-type":"","overlay-color":"","overlay-opacity":"","overlay-gradient":""}},"ast-content-background-meta":{"desktop":{"background-color":"var(--ast-global-color-4)","background-image":"","background-repeat":"repeat","background-position":"center center","background-size":"auto","background-attachment":"scroll","background-type":"","background-media":"","overlay-type":"","overlay-color":"","overlay-opacity":"","overlay-gradient":""},"tablet":{"background-color":"var(--ast-global-color-4)","background-image":"","background-repeat":"repeat","background-position":"center center","background-size":"auto","background-attachment":"scroll","background-type":"","background-media":"","overlay-type":"","overlay-color":"","overlay-opacity":"","overlay-gradient":""},"mobile":{"background-color":"var(--ast-global-color-4)","background-image":"","background-repeat":"repeat","background-position":"center center","background-size":"auto","background-attachment":"scroll","background-type":"","background-media":"","overlay-type":"","overlay-color":"","overlay-opacity":"","overlay-gradient":""}}},"product_brand":[],"product_cat":[],"product_tag":[],"class_list":{"0":"post-27751","1":"product","2":"type-product","3":"status-publish","4":"has-post-thumbnail","6":"desktop-align-left","7":"tablet-align-left","8":"mobile-align-left","10":"first","11":"instock","12":"sold-individually","13":"taxable","14":"shipping-taxable","15":"purchasable","16":"product-type-simple"},"_links":{"self":[{"href":"https:\/\/store.wattsc.com\/index.php?rest_route=\/wp\/v2\/product\/27751","targetHints":{"allow":["GET"]}}],"collection":[{"href":"https:\/\/store.wattsc.com\/index.php?rest_route=\/wp\/v2\/product"}],"about":[{"href":"https:\/\/store.wattsc.com\/index.php?rest_route=\/wp\/v2\/types\/product"}],"replies":[{"embeddable":true,"href":"https:\/\/store.wattsc.com\/index.php?rest_route=%2Fwp%2Fv2%2Fcomments&post=27751"}],"version-history":[{"count":1,"href":"https:\/\/store.wattsc.com\/index.php?rest_route=\/wp\/v2\/product\/27751\/revisions"}],"predecessor-version":[{"id":27818,"href":"https:\/\/store.wattsc.com\/index.php?rest_route=\/wp\/v2\/product\/27751\/revisions\/27818"}],"wp:featuredmedia":[{"embeddable":true,"href":"https:\/\/store.wattsc.com\/index.php?rest_route=\/wp\/v2\/media\/27752"}],"wp:attachment":[{"href":"https:\/\/store.wattsc.com\/index.php?rest_route=%2Fwp%2Fv2%2Fmedia&parent=27751"}],"wp:term":[{"taxonomy":"product_brand","embeddable":true,"href":"https:\/\/store.wattsc.com\/index.php?rest_route=%2Fwp%2Fv2%2Fproduct_brand&post=27751"},{"taxonomy":"product_cat","embeddable":true,"href":"https:\/\/store.wattsc.com\/index.php?rest_route=%2Fwp%2Fv2%2Fproduct_cat&post=27751"},{"taxonomy":"product_tag","embeddable":true,"href":"https:\/\/store.wattsc.com\/index.php?rest_route=%2Fwp%2Fv2%2Fproduct_tag&post=27751"}],"curies":[{"name":"wp","href":"https:\/\/api.w.org\/{rel}","templated":true}]}}