{"id":27672,"date":"2023-11-03T20:18:10","date_gmt":"2023-11-03T20:18:10","guid":{"rendered":"https:\/\/store.wattsc.com\/prise-simple-s-line-alfen\/"},"modified":"2023-11-10T22:53:00","modified_gmt":"2023-11-10T22:53:00","slug":"prise-simple-s-line-alfen","status":"publish","type":"product","link":"https:\/\/store.wattsc.com\/?product=prise-simple-s-line-alfen","title":{"rendered":"Prise simple S-Line Alfen"},"content":{"rendered":"<p data-sourcepos=\"1:1-1:45\"><strong>Borne de recharge Alfen Eve Single S-line<\/strong><\/p>\n<p data-sourcepos=\"3:1-3:32\"><strong>Caract\u00e9ristiques principales<\/strong><\/p>\n<ul data-sourcepos=\"5:1-10:0\">\n<li data-sourcepos=\"5:1-5:61\">Borne de recharge domestique intelligente de 3,7 kW \u00e0 11 kW<\/li>\n<li data-sourcepos=\"6:1-6:51\">Bo\u00eetier compact en polycarbonate l\u00e9ger et durable<\/li>\n<li data-sourcepos=\"7:1-7:40\">Montage mural ou sur poteau de montage<\/li>\n<li data-sourcepos=\"8:1-8:55\">Recharge Plug &amp; Charge avec indication d&rsquo;\u00e9tat LED<\/li>\n<li data-sourcepos=\"9:1-10:0\">Acc\u00e8s aux donn\u00e9es de recharge via Internet<\/li>\n<\/ul>\n<p data-sourcepos=\"11:1-11:11\"><strong>Options<\/strong><\/p>\n<ul data-sourcepos=\"13:1-22:0\">\n<li data-sourcepos=\"13:1-13:39\">Puissance de charge :\u00a03,7 kW ou 11 kW<\/li>\n<li data-sourcepos=\"14:1-14:16\">Couleur :\u00a0bleu<\/li>\n<li data-sourcepos=\"15:1-15:52\">\u00c9quilibrage de charge P1 pour compteur intelligent<\/li>\n<li data-sourcepos=\"16:1-16:36\">Energiem\u00e8tre TQ Meter + Licence LB<\/li>\n<li data-sourcepos=\"17:1-22:0\">Installation\n<ul data-sourcepos=\"18:5-22:0\">\n<li data-sourcepos=\"18:5-18:19\">Montage mural<\/li>\n<li data-sourcepos=\"19:5-19:44\">Poteau de montage m\u00e9tallique (sol dur)<\/li>\n<li data-sourcepos=\"20:5-20:44\">Poteau de montage m\u00e9tallique (sol mou)<\/li>\n<li data-sourcepos=\"21:5-22:0\">Panneau de montage en b\u00e9ton pour bornes de recharge (compatible avec Alfen)<\/li>\n<\/ul>\n<\/li>\n<\/ul>\n<p data-sourcepos=\"23:1-23:15\"><strong>Description<\/strong><\/p>\n<p data-sourcepos=\"25:1-25:162\">La borne de recharge Alfen Eve Single S-line est con\u00e7ue pour une utilisation domestique. Elle offre les avantages de la recharge intelligente \u00e0 un prix abordable.<\/p>\n<p data-sourcepos=\"27:1-27:204\">La borne de recharge est disponible en deux puissances : 3,7 kW ou 11 kW. La version 3,7 kW est suffisante pour la plupart des v\u00e9hicules \u00e9lectriques, mais la version 11 kW permet une recharge plus rapide.<\/p>\n<p data-sourcepos=\"29:1-29:144\">La borne de recharge est dot\u00e9e d&rsquo;un bo\u00eetier compact en polycarbonate l\u00e9ger et durable. Elle peut \u00eatre mont\u00e9e au mur ou sur un poteau de montage.<\/p>\n<p data-sourcepos=\"31:1-31:281\">La borne de recharge propose une recharge Plug &amp; Charge, ce qui signifie qu&rsquo;il n&rsquo;est pas n\u00e9cessaire d&rsquo;utiliser une carte ou un badge pour d\u00e9marrer la charge. La borne de recharge est \u00e9galement \u00e9quip\u00e9e d&rsquo;une indication d&rsquo;\u00e9tat LED qui permet de visualiser le statut de la charge.<\/p>\n<p data-sourcepos=\"33:1-33:109\">Les utilisateurs peuvent consulter leurs donn\u00e9es de recharge via n&rsquo;importe quel appareil connect\u00e9 \u00e0 Internet.<\/p>\n<p data-sourcepos=\"35:1-35:9\"><strong>Alfen<\/strong><\/p>\n<p data-sourcepos=\"37:1-37:175\">Alfen est une entreprise n\u00e9erlandaise sp\u00e9cialis\u00e9e dans l&rsquo;ing\u00e9nierie \u00e9lectrique. Elle est active dans le domaine de la recharge des v\u00e9hicules \u00e9lectriques depuis plus de 10 ans.<\/p>\n<p data-sourcepos=\"39:1-39:16\"><strong>Installation<\/strong><\/p>\n<p data-sourcepos=\"41:1-41:218\">Wattsc propose une installation professionnelle de la borne de recharge Alfen Eve Single S-line.<span class=\"animating\"> Les techniciens certifi\u00e9s d&rsquo;Wattsc s&rsquo;assurent que la borne de recharge est install\u00e9e correctement et en toute s\u00e9curit\u00e9.<\/span><\/p>\n<p data-sourcepos=\"45:1-45:248\"><span class=\"animating\">La borne de recharge Alfen Eve Single S-line est une solution intelligente et abordable pour la recharge des v\u00e9hicules \u00e9lectriques \u00e0 domicile.<\/span><span class=\"animating\"> Elle est disponible en deux puissances,<\/span><span class=\"animating\"> en plusieurs couleurs et avec diff\u00e9rentes options d&rsquo;installation.<\/span><\/p>\n","protected":false},"excerpt":{"rendered":"<p>La borne de recharge Alfen Eve Single S-line, sp\u00e9cialement con\u00e7ue pour un usage domestique, offre de nombreux avantages :<\/p>\n<ul>\n<li><strong>Conception pour Usage Domestique<\/strong> : Sp\u00e9cifiquement con\u00e7ue pour les maisons, combinant la recharge intelligente et l&rsquo;accessibilit\u00e9 \u00e9conomique.<\/li>\n<li><strong>Capacit\u00e9 de Recharge<\/strong> : Capacit\u00e9 variant de 3,7 kW \u00e0 11 kW.<\/li>\n<li><strong>Bo\u00eetier Compact et L\u00e9ger<\/strong> : Construction en polycarbonate compact, assurant l\u00e9g\u00e8ret\u00e9 et durabilit\u00e9.<\/li>\n<li><strong>Options d&rsquo;Installation Flexibles<\/strong> : Possibilit\u00e9 de montage mural ou sur poteau de support.<\/li>\n<li><strong>Support de Fiche Int\u00e9gr\u00e9<\/strong> : Equip\u00e9e d&rsquo;un c\u00e2ble fixe accompagn\u00e9 d&rsquo;un support de fiche int\u00e9gr\u00e9.<\/li>\n<li><strong>R\u00e9gulation Automatique<\/strong> : R\u00e9gulation g\u00e9r\u00e9e automatiquement par un tiers.<\/li>\n<li><strong>Technologie GPRS<\/strong> : Pour une connectivit\u00e9 am\u00e9lior\u00e9e.<\/li>\n<li><strong>S\u00e9curit\u00e9 RFID<\/strong> : Syst\u00e8me de carte RFID pour un contr\u00f4le d&rsquo;acc\u00e8s s\u00e9curis\u00e9.<\/li>\n<li><strong>C\u00e2ble Fixe de Type 2<\/strong> : Inclut un c\u00e2ble de 5 m\u00e8tres pour une connexion ais\u00e9e.<\/li>\n<\/ul>\n","protected":false},"featured_media":27673,"comment_status":"open","ping_status":"closed","template":"","meta":{"content-type":"","rop_custom_images_group":[],"rop_custom_messages_group":[],"rop_publish_now":"initial","rop_publish_now_accounts":{"gmb_114395098992411388296_accounts\/114395098992411388296\/locations\/12006445379806666969":"","linkedin_vd11fNtDAd_vd11fNtDAd":"","twitter_1300405782383558656_1300405782383558656":"","tumblr_wattscdotcom_wattscdotcom":"","facebook_1791781087687796_116085383271852":"","gmb_107160579247662550978_accounts\/107160579247662550978\/locations\/12097786389432444087":"","gmb_107160579247662550978_accounts\/107160579247662550978\/locations\/10051390009109310933":"","gmb_107160579247662550978_accounts\/107160579247662550978\/locations\/12006445379806666969":"","facebook_1791781087687796_17841456517942081":"","linkedin_PK5Ejlb2VU_105025086":"","linkedin_PK5Ejlb2VU_37419926":""},"rop_publish_now_history":[],"rop_publish_now_status":"pending","site-sidebar-layout":"default","site-content-layout":"","ast-site-content-layout":"default","site-content-style":"default","site-sidebar-style":"default","ast-global-header-display":"","ast-banner-title-visibility":"","ast-main-header-display":"","ast-hfb-above-header-display":"","ast-hfb-below-header-display":"","ast-hfb-mobile-header-display":"","site-post-title":"","ast-breadcrumbs-content":"","ast-featured-img":"","footer-sml-layout":"","ast-disable-related-posts":"","theme-transparent-header-meta":"","adv-header-id-meta":"","stick-header-meta":"","header-above-stick-meta":"","header-main-stick-meta":"","header-below-stick-meta":"","astra-migrate-meta-layouts":"default","ast-page-background-enabled":"default","ast-page-background-meta":{"desktop":{"background-color":"var(--ast-global-color-5)","background-image":"","background-repeat":"repeat","background-position":"center center","background-size":"auto","background-attachment":"scroll","background-type":"","background-media":"","overlay-type":"","overlay-color":"","overlay-opacity":"","overlay-gradient":""},"tablet":{"background-color":"","background-image":"","background-repeat":"repeat","background-position":"center center","background-size":"auto","background-attachment":"scroll","background-type":"","background-media":"","overlay-type":"","overlay-color":"","overlay-opacity":"","overlay-gradient":""},"mobile":{"background-color":"","background-image":"","background-repeat":"repeat","background-position":"center center","background-size":"auto","background-attachment":"scroll","background-type":"","background-media":"","overlay-type":"","overlay-color":"","overlay-opacity":"","overlay-gradient":""}},"ast-content-background-meta":{"desktop":{"background-color":"var(--ast-global-color-4)","background-image":"","background-repeat":"repeat","background-position":"center center","background-size":"auto","background-attachment":"scroll","background-type":"","background-media":"","overlay-type":"","overlay-color":"","overlay-opacity":"","overlay-gradient":""},"tablet":{"background-color":"var(--ast-global-color-4)","background-image":"","background-repeat":"repeat","background-position":"center center","background-size":"auto","background-attachment":"scroll","background-type":"","background-media":"","overlay-type":"","overlay-color":"","overlay-opacity":"","overlay-gradient":""},"mobile":{"background-color":"var(--ast-global-color-4)","background-image":"","background-repeat":"repeat","background-position":"center center","background-size":"auto","background-attachment":"scroll","background-type":"","background-media":"","overlay-type":"","overlay-color":"","overlay-opacity":"","overlay-gradient":""}}},"product_brand":[175],"product_cat":[135],"product_tag":[161],"class_list":{"0":"post-27672","1":"product","2":"type-product","3":"status-publish","4":"has-post-thumbnail","6":"product_brand-alfen","7":"product_cat-bornes-de-recharge","8":"product_tag-alfen","9":"desktop-align-left","10":"tablet-align-left","11":"mobile-align-left","13":"first","14":"instock","15":"sold-individually","16":"taxable","17":"shipping-taxable","18":"purchasable","19":"product-type-simple"},"_links":{"self":[{"href":"https:\/\/store.wattsc.com\/index.php?rest_route=\/wp\/v2\/product\/27672","targetHints":{"allow":["GET"]}}],"collection":[{"href":"https:\/\/store.wattsc.com\/index.php?rest_route=\/wp\/v2\/product"}],"about":[{"href":"https:\/\/store.wattsc.com\/index.php?rest_route=\/wp\/v2\/types\/product"}],"replies":[{"embeddable":true,"href":"https:\/\/store.wattsc.com\/index.php?rest_route=%2Fwp%2Fv2%2Fcomments&post=27672"}],"version-history":[{"count":3,"href":"https:\/\/store.wattsc.com\/index.php?rest_route=\/wp\/v2\/product\/27672\/revisions"}],"predecessor-version":[{"id":28142,"href":"https:\/\/store.wattsc.com\/index.php?rest_route=\/wp\/v2\/product\/27672\/revisions\/28142"}],"wp:featuredmedia":[{"embeddable":true,"href":"https:\/\/store.wattsc.com\/index.php?rest_route=\/wp\/v2\/media\/27673"}],"wp:attachment":[{"href":"https:\/\/store.wattsc.com\/index.php?rest_route=%2Fwp%2Fv2%2Fmedia&parent=27672"}],"wp:term":[{"taxonomy":"product_brand","embeddable":true,"href":"https:\/\/store.wattsc.com\/index.php?rest_route=%2Fwp%2Fv2%2Fproduct_brand&post=27672"},{"taxonomy":"product_cat","embeddable":true,"href":"https:\/\/store.wattsc.com\/index.php?rest_route=%2Fwp%2Fv2%2Fproduct_cat&post=27672"},{"taxonomy":"product_tag","embeddable":true,"href":"https:\/\/store.wattsc.com\/index.php?rest_route=%2Fwp%2Fv2%2Fproduct_tag&post=27672"}],"curies":[{"name":"wp","href":"https:\/\/api.w.org\/{rel}","templated":true}]}}