{"id":27625,"date":"2023-11-03T20:18:10","date_gmt":"2023-11-03T20:18:10","guid":{"rendered":"https:\/\/store.wattsc.com\/evbox-elvi-t2-6m-wifi-uniquement\/"},"modified":"2023-11-04T18:33:27","modified_gmt":"2023-11-04T18:33:27","slug":"evbox-elvi-t2-6m-wifi-uniquement","status":"publish","type":"product","link":"https:\/\/store.wattsc.com\/?product=evbox-elvi-t2-6m-wifi-uniquement","title":{"rendered":"EVBox Elvi T2 6M (WiFi uniquement)"},"content":{"rendered":"<div class=\"group w-full text-token-text-primary border-b border-black\/10 gizmo:border-0 dark:border-gray-900\/50 gizmo:dark:border-0 bg-gray-50 gizmo:bg-transparent dark:bg-[#444654] gizmo:dark:bg-transparent\" data-testid=\"conversation-turn-177\">\n<div class=\"p-4 gizmo:py-2 justify-center text-base md:gap-6 md:py-6 m-auto\">\n<div class=\"flex flex-1 gap-4 text-base mx-auto md:gap-6 gizmo:gap-3 gizmo:md:px-5 gizmo:lg:px-1 gizmo:xl:px-5 md:max-w-2xl lg:max-w-[38rem] gizmo:md:max-w-3xl gizmo:lg:max-w-[40rem] gizmo:xl:max-w-[48rem] xl:max-w-3xl }\">\n<div class=\"relative flex w-[calc(100%-50px)] flex-col gizmo:w-full lg:w-[calc(100%-115px)] agent-turn\">\n<div class=\"flex-col gap-1 md:gap-3\">\n<div class=\"flex flex-grow flex-col max-w-full gap-3 gizmo:gap-0\">\n<div class=\"min-h-[20px] flex flex-col items-start gap-3 whitespace-pre-wrap break-words overflow-x-auto\" data-message-author-role=\"assistant\" data-message-id=\"c309f2a7-8041-4105-9ab7-1b7827855711\">\n<div class=\"markdown prose w-full break-words dark:prose-invert light\">\n<p><strong>Flexibilit\u00e9 et Compatibilit\u00e9<\/strong> L&rsquo;EVBox Elvi 22kW est la solution de recharge ultime pour tous les types de v\u00e9hicules \u00e9lectriques. Sa capacit\u00e9 de charge ajustable la rend compatible avec la plupart des mod\u00e8les, y compris ceux \u00e9quip\u00e9s de chargeurs embarqu\u00e9s de 22 kW. Elle est fournie avec un c\u00e2ble de recharge fixe de type 2 de 6 m\u00e8tres pour une facilit\u00e9 de connexion maximale, ou optez pour la prise de type 2 si vous poss\u00e9dez d\u00e9j\u00e0 un c\u00e2ble.<\/p>\n<p><strong>Installation Professionnelle<\/strong> Faites confiance \u00e0 Wattsc pour une installation professionnelle et rapide. Nos techniciens certifi\u00e9s s&rsquo;assurent que votre station de recharge est op\u00e9rationnelle en un rien de temps, vous permettant de recharger votre v\u00e9hicule \u00e9lectrique en toute commodit\u00e9, directement chez vous.<\/p>\n<p><strong>\u00c9quilibrage de Charge Intelligent<\/strong> \u00c9vitez les d\u00e9sagr\u00e9ments des coupures de courant avec notre syst\u00e8me d&rsquo;\u00e9quilibrage de charge. Cette technologie ajuste la consommation de la station en fonction de la capacit\u00e9 de votre r\u00e9seau domestique, garantissant une recharge optimale sans surcharger votre syst\u00e8me \u00e9lectrique.<\/p>\n<p><strong>Personnalisation et Options<\/strong><\/p>\n<ul>\n<li><strong>Couleur<\/strong>: S\u00e9lectionnez le bleu pour une finition \u00e9l\u00e9gante sans frais suppl\u00e9mentaires.<\/li>\n<li><strong>EV-Optimizer Serie 3 phase<\/strong>: Pour une gestion avanc\u00e9e de la recharge, choisissez cette option.<\/li>\n<li><strong>Installation avec \u00c9quilibrage de Charge<\/strong>: Assurez-vous que votre syst\u00e8me est parfaitement int\u00e9gr\u00e9 \u00e0 votre r\u00e9seau domestique.<\/li>\n<li><strong>Options de Montage<\/strong>: Que ce soit sur baguette, sur sol dur ou mou, ou avec un panneau de montage en b\u00e9ton sp\u00e9cialement con\u00e7u pour EVBox, nous avons la solution.<\/li>\n<\/ul>\n<p><strong>Technologie et S\u00e9curit\u00e9<\/strong><\/p>\n<ul>\n<li><strong>UMTS + Wi-Fi + Compteur kWh<\/strong>: Le mod\u00e8le Elvi est \u00e9quip\u00e9 d&rsquo;un modem UMTS pour l&rsquo;Europe, d&rsquo;une connexion Wi-Fi\/Bluetooth et d&rsquo;un compteur kWh certifi\u00e9 (MID).<\/li>\n<li><strong>S\u00e9curit\u00e9<\/strong>: Prot\u00e9gez votre station avec un syst\u00e8me de carte RFID et optez pour le r\u00e8glement automatique.<\/li>\n<\/ul>\n<p><strong>D\u00e9couvrez Plus en Vid\u00e9o<\/strong> Pour une compr\u00e9hension approfondie de l&rsquo;installation et de l&rsquo;\u00e9quilibrage de charge, visionnez nos vid\u00e9os explicatives :<\/p>\n<ul>\n<li><a href=\"https:\/\/www.youtube.com\/embed\/MAfoN9SlMQQ?feature=oembed&amp;rel=0&amp;enablejsapi=1\" target=\"_new\" rel=\"noopener\">Installation EVBox Elvi<\/a><\/li>\n<li><a href=\"https:\/\/www.youtube.com\/embed\/MAfoN9SlMQQ?feature=oembed&amp;rel=0&amp;enablejsapi=1\" target=\"_new\" rel=\"noopener\">\u00c9quilibrage de charge EVBox Elvi<\/a><\/li>\n<\/ul>\n<p><strong>Images du Produit<\/strong> <img decoding=\"async\" src=\"https:\/\/www.elec2go.eu\/inhoud\/uploads\/Installation-Impression-2-1-1.png\" alt=\"Installation Impression\" \/> <img decoding=\"async\" src=\"https:\/\/www.elec2go.eu\/inhoud\/uploads\/load-balancing.jpg\" alt=\"Load Balancing\" \/><\/p>\n<p>Avec l&rsquo;EVBox Elvi, vous investissez dans une station de recharge qui \u00e9volue avec vos besoins et ceux de la mobilit\u00e9 \u00e9lectrique de demain.<\/p>\n<\/div>\n<\/div>\n<\/div>\n<\/div>\n<\/div>\n<\/div>\n<\/div>\n<\/div>\n","protected":false},"excerpt":{"rendered":"<p><strong>Conception Innovante et Durable<\/strong> L&rsquo;EVBox Elvi 22kW est la quintessence de la station de recharge pour v\u00e9hicules \u00e9lectriques, con\u00e7ue pour s&rsquo;adapter \u00e0 l&rsquo;\u00e9volution de vos besoins. Que vous envisagiez de passer \u00e0 l&rsquo;\u00e9lectrique ou que vous soyez d\u00e9j\u00e0 un conducteur \u00e9lectrique aguerri, cette borne repr\u00e9sente un investissement p\u00e9renne. Sa conception modulaire et sa fonctionnalit\u00e9 de clic facilitent le remplacement des pi\u00e8ces et l&rsquo;adaptation de la station \u00e0 la capacit\u00e9 de charge de votre v\u00e9hicule ainsi qu&rsquo;\u00e0 votre installation \u00e9lectrique domestique.<\/p>\n<p><strong>Avantages Cl\u00e9s<\/strong><\/p>\n<ul>\n<li><strong>C\u00e2ble Fixe de Type 2<\/strong>: La borne est \u00e9quip\u00e9e d&rsquo;un c\u00e2ble fixe de 6 m\u00e8tres de type 2, assurant une connexion ais\u00e9e et fiable pour la recharge de votre v\u00e9hicule.<\/li>\n<li><strong>S\u00e9curit\u00e9 Avanc\u00e9e<\/strong>: Un syst\u00e8me de carte RFID int\u00e9gr\u00e9 garantit que l&rsquo;acc\u00e8s \u00e0 la charge est s\u00e9curis\u00e9 et priv\u00e9.<\/li>\n<li><strong>Flexibilit\u00e9 de Paiement<\/strong>: Avec l&rsquo;option de r\u00e8glement automatique, g\u00e9rez facilement les co\u00fbts d&rsquo;utilisation sans souci.<\/li>\n<\/ul>\n<p>L&rsquo;EVBox Elvi est plus qu&rsquo;une simple borne de recharge ; c&rsquo;est une promesse de compatibilit\u00e9 future, de s\u00e9curit\u00e9 et de commodit\u00e9 pour tous les conducteurs de v\u00e9hicules \u00e9lectriques.<\/p>\n","protected":false},"featured_media":27626,"comment_status":"open","ping_status":"closed","template":"","meta":{"content-type":"","rop_custom_images_group":[],"rop_custom_messages_group":[],"rop_publish_now":"initial","rop_publish_now_accounts":{"gmb_114395098992411388296_accounts\/114395098992411388296\/locations\/12006445379806666969":"","linkedin_vd11fNtDAd_vd11fNtDAd":"","twitter_1300405782383558656_1300405782383558656":"","tumblr_wattscdotcom_wattscdotcom":"","facebook_1791781087687796_116085383271852":"","gmb_107160579247662550978_accounts\/107160579247662550978\/locations\/12097786389432444087":"","gmb_107160579247662550978_accounts\/107160579247662550978\/locations\/10051390009109310933":"","gmb_107160579247662550978_accounts\/107160579247662550978\/locations\/12006445379806666969":"","facebook_1791781087687796_17841456517942081":"","linkedin_PK5Ejlb2VU_105025086":"","linkedin_PK5Ejlb2VU_37419926":""},"rop_publish_now_history":[],"rop_publish_now_status":"pending","site-sidebar-layout":"default","site-content-layout":"","ast-site-content-layout":"default","site-content-style":"default","site-sidebar-style":"default","ast-global-header-display":"","ast-banner-title-visibility":"","ast-main-header-display":"","ast-hfb-above-header-display":"","ast-hfb-below-header-display":"","ast-hfb-mobile-header-display":"","site-post-title":"","ast-breadcrumbs-content":"","ast-featured-img":"","footer-sml-layout":"","ast-disable-related-posts":"","theme-transparent-header-meta":"","adv-header-id-meta":"","stick-header-meta":"","header-above-stick-meta":"","header-main-stick-meta":"","header-below-stick-meta":"","astra-migrate-meta-layouts":"default","ast-page-background-enabled":"default","ast-page-background-meta":{"desktop":{"background-color":"var(--ast-global-color-5)","background-image":"","background-repeat":"repeat","background-position":"center center","background-size":"auto","background-attachment":"scroll","background-type":"","background-media":"","overlay-type":"","overlay-color":"","overlay-opacity":"","overlay-gradient":""},"tablet":{"background-color":"","background-image":"","background-repeat":"repeat","background-position":"center center","background-size":"auto","background-attachment":"scroll","background-type":"","background-media":"","overlay-type":"","overlay-color":"","overlay-opacity":"","overlay-gradient":""},"mobile":{"background-color":"","background-image":"","background-repeat":"repeat","background-position":"center center","background-size":"auto","background-attachment":"scroll","background-type":"","background-media":"","overlay-type":"","overlay-color":"","overlay-opacity":"","overlay-gradient":""}},"ast-content-background-meta":{"desktop":{"background-color":"var(--ast-global-color-4)","background-image":"","background-repeat":"repeat","background-position":"center center","background-size":"auto","background-attachment":"scroll","background-type":"","background-media":"","overlay-type":"","overlay-color":"","overlay-opacity":"","overlay-gradient":""},"tablet":{"background-color":"var(--ast-global-color-4)","background-image":"","background-repeat":"repeat","background-position":"center center","background-size":"auto","background-attachment":"scroll","background-type":"","background-media":"","overlay-type":"","overlay-color":"","overlay-opacity":"","overlay-gradient":""},"mobile":{"background-color":"var(--ast-global-color-4)","background-image":"","background-repeat":"repeat","background-position":"center center","background-size":"auto","background-attachment":"scroll","background-type":"","background-media":"","overlay-type":"","overlay-color":"","overlay-opacity":"","overlay-gradient":""}}},"product_brand":[],"product_cat":[135],"product_tag":[],"class_list":{"0":"post-27625","1":"product","2":"type-product","3":"status-publish","4":"has-post-thumbnail","6":"product_cat-bornes-de-recharge","7":"desktop-align-left","8":"tablet-align-left","9":"mobile-align-left","11":"first","12":"instock","13":"sold-individually","14":"taxable","15":"shipping-taxable","16":"purchasable","17":"product-type-simple"},"_links":{"self":[{"href":"https:\/\/store.wattsc.com\/index.php?rest_route=\/wp\/v2\/product\/27625","targetHints":{"allow":["GET"]}}],"collection":[{"href":"https:\/\/store.wattsc.com\/index.php?rest_route=\/wp\/v2\/product"}],"about":[{"href":"https:\/\/store.wattsc.com\/index.php?rest_route=\/wp\/v2\/types\/product"}],"replies":[{"embeddable":true,"href":"https:\/\/store.wattsc.com\/index.php?rest_route=%2Fwp%2Fv2%2Fcomments&post=27625"}],"version-history":[{"count":3,"href":"https:\/\/store.wattsc.com\/index.php?rest_route=\/wp\/v2\/product\/27625\/revisions"}],"predecessor-version":[{"id":27920,"href":"https:\/\/store.wattsc.com\/index.php?rest_route=\/wp\/v2\/product\/27625\/revisions\/27920"}],"wp:featuredmedia":[{"embeddable":true,"href":"https:\/\/store.wattsc.com\/index.php?rest_route=\/wp\/v2\/media\/27626"}],"wp:attachment":[{"href":"https:\/\/store.wattsc.com\/index.php?rest_route=%2Fwp%2Fv2%2Fmedia&parent=27625"}],"wp:term":[{"taxonomy":"product_brand","embeddable":true,"href":"https:\/\/store.wattsc.com\/index.php?rest_route=%2Fwp%2Fv2%2Fproduct_brand&post=27625"},{"taxonomy":"product_cat","embeddable":true,"href":"https:\/\/store.wattsc.com\/index.php?rest_route=%2Fwp%2Fv2%2Fproduct_cat&post=27625"},{"taxonomy":"product_tag","embeddable":true,"href":"https:\/\/store.wattsc.com\/index.php?rest_route=%2Fwp%2Fv2%2Fproduct_tag&post=27625"}],"curies":[{"name":"wp","href":"https:\/\/api.w.org\/{rel}","templated":true}]}}