{"id":27618,"date":"2023-11-03T20:17:01","date_gmt":"2023-11-03T20:17:01","guid":{"rendered":"https:\/\/store.wattsc.com\/evbox-elvi-wifi-uniquement\/"},"modified":"2023-11-04T18:55:00","modified_gmt":"2023-11-04T18:55:00","slug":"evbox-elvi-wifi-uniquement","status":"publish","type":"product","link":"https:\/\/store.wattsc.com\/?product=evbox-elvi-wifi-uniquement","title":{"rendered":"EVBox Elvi (WiFi uniquement)"},"content":{"rendered":"<p><strong>Options de Personnalisation et Accessoires<\/strong><\/p>\n<p><strong>Couleur:<\/strong><\/p>\n<ul>\n<li>Bleu<\/li>\n<\/ul>\n<p><strong>Optimisation de la Charge:<\/strong><\/p>\n<ul>\n<li>EV-Optimizer Serie 3 phase<\/li>\n<\/ul>\n<p><strong>Installation de l&rsquo;\u00c9quilibrage de Charge:<\/strong><\/p>\n<ul>\n<li>Sans \u00e9quilibrage de charge<\/li>\n<li>Installation avec \u00e9quilibrage de charge<\/li>\n<li>Installation compl\u00e8te avec \u00e9quilibrage de charge<\/li>\n<li>Installation avanc\u00e9e avec op\u00e9ration d&rsquo;\u00e9quilibrage de charge<\/li>\n<\/ul>\n<p><strong>Options de Montage:<\/strong><\/p>\n<ul>\n<li>Montage avec baguette<\/li>\n<li>Poteau de montage pour sol dur<\/li>\n<li>Poteau de montage pour sol mou<\/li>\n<li>Panneau de montage en b\u00e9ton pour station de charge (con\u00e7u pour EVBox)<\/li>\n<\/ul>\n<p><strong>Capacit\u00e9 de Charge:<\/strong><\/p>\n<ul>\n<li>16A 11kWh<\/li>\n<li>32A 22kW<\/li>\n<\/ul>\n<p><strong>Compatibilit\u00e9 V\u00e9hicule:<\/strong> La borne de recharge Elvi 22 kW est adapt\u00e9e pour tous les types de v\u00e9hicules \u00e9lectriques, ind\u00e9pendamment de leur capacit\u00e9 de recharge. Elle est con\u00e7ue pour s&rsquo;adapter \u00e0 la capacit\u00e9 de charge de chaque v\u00e9hicule.<\/p>\n<p><strong>Installation Professionnelle:<\/strong> L&rsquo;installation est r\u00e9alis\u00e9e par des techniciens certifi\u00e9s de Wattsc, garantissant une mise en service rapide et s\u00e9curis\u00e9e \u00e0 domicile.<\/p>\n<p><strong>\u00c9quilibrage de Charge:<\/strong> Cette fonctionnalit\u00e9 pr\u00e9vient les coupures de courant en ajustant la consommation d&rsquo;\u00e9nergie de la borne en fonction de la capacit\u00e9 du r\u00e9seau \u00e9lectrique domestique, assurant une recharge efficace et s\u00fbre.<\/p>\n<p><strong>Images et Vid\u00e9os:<\/strong><\/p>\n<ul>\n<li><img decoding=\"async\" src=\"https:\/\/www.elec2go.eu\/inhoud\/uploads\/Installation-Impression-2-1-1.png\" alt=\"Installation Impression\" \/><\/li>\n<li><img decoding=\"async\" src=\"https:\/\/www.elec2go.eu\/inhoud\/uploads\/load-balancing.jpg\" alt=\"Load Balancing\" \/><\/li>\n<li><a href=\"https:\/\/www.youtube.com\/embed\/MAfoN9SlMQQ?feature=oembed&amp;rel=0&amp;enablejsapi=1\" target=\"_new\" rel=\"noopener\">Vid\u00e9o Explicative sur l&rsquo;\u00c9quilibrage de Charge<\/a><\/li>\n<\/ul>\n","protected":false},"excerpt":{"rendered":"<p>L&rsquo;EVBox Elvi 22kW est une borne de recharge visionnaire, con\u00e7ue pour accompagner l&rsquo;\u00e9volution de la mobilit\u00e9 \u00e9lectrique. Que vous envisagiez de passer \u00e0 l&rsquo;\u00e9lectrique ou que vous soyez d\u00e9j\u00e0 un conducteur \u00e9lectrique aguerri, l&rsquo;Elvi est con\u00e7ue pour \u00eatre la derni\u00e8re borne de recharge que vous aurez besoin d&rsquo;acqu\u00e9rir. Sa conception ing\u00e9nieuse permet un remplacement ais\u00e9 des composants gr\u00e2ce \u00e0 un syst\u00e8me de clic innovant. La modularit\u00e9 de l&rsquo;Elvi vous permet d&rsquo;ajuster facilement le c\u00e2ble de charge et la capacit\u00e9 de charge pour s&rsquo;adapter parfaitement aux besoins sp\u00e9cifiques de votre v\u00e9hicule et \u00e0 l&rsquo;infrastructure \u00e9lectrique de votre domicile.<\/p>\n<p>Les points forts de l&rsquo;EVBox Elvi 22kW incluent :<\/p>\n<ul>\n<li>Un syst\u00e8me de s\u00e9curit\u00e9 renforc\u00e9e gr\u00e2ce \u00e0 l&rsquo;int\u00e9gration d&rsquo;un syst\u00e8me de carte RFID, vous permettant de contr\u00f4ler l&rsquo;acc\u00e8s \u00e0 la borne de recharge.<\/li>\n<li>La possibilit\u00e9 d&rsquo;opter pour un r\u00e8glement automatique, offrant une gestion sans tracas des frais de recharge.<\/li>\n<li>Un design \u00e9l\u00e9gant qui ne manquera pas de s&rsquo;int\u00e9grer harmonieusement \u00e0 tout environnement professionnel ou r\u00e9sidentiel.<\/li>\n<\/ul>\n<p>Avec l&rsquo;EVBox Elvi, vous investissez dans une solution de recharge qui non seulement r\u00e9pond \u00e0 vos besoins actuels mais est \u00e9galement pr\u00eate \u00e0 s&rsquo;adapter aux innovations futures du march\u00e9 des v\u00e9hicules \u00e9lectriques.<\/p>\n","protected":false},"featured_media":27619,"comment_status":"open","ping_status":"closed","template":"","meta":{"content-type":"","rop_custom_images_group":[],"rop_custom_messages_group":[],"rop_publish_now":"initial","rop_publish_now_accounts":{"gmb_114395098992411388296_accounts\/114395098992411388296\/locations\/12006445379806666969":"","linkedin_vd11fNtDAd_vd11fNtDAd":"","twitter_1300405782383558656_1300405782383558656":"","tumblr_wattscdotcom_wattscdotcom":"","facebook_1791781087687796_116085383271852":"","gmb_107160579247662550978_accounts\/107160579247662550978\/locations\/12097786389432444087":"","gmb_107160579247662550978_accounts\/107160579247662550978\/locations\/10051390009109310933":"","gmb_107160579247662550978_accounts\/107160579247662550978\/locations\/12006445379806666969":"","facebook_1791781087687796_17841456517942081":"","linkedin_PK5Ejlb2VU_105025086":"","linkedin_PK5Ejlb2VU_37419926":""},"rop_publish_now_history":[],"rop_publish_now_status":"pending","site-sidebar-layout":"default","site-content-layout":"","ast-site-content-layout":"default","site-content-style":"default","site-sidebar-style":"default","ast-global-header-display":"","ast-banner-title-visibility":"","ast-main-header-display":"","ast-hfb-above-header-display":"","ast-hfb-below-header-display":"","ast-hfb-mobile-header-display":"","site-post-title":"","ast-breadcrumbs-content":"","ast-featured-img":"","footer-sml-layout":"","ast-disable-related-posts":"","theme-transparent-header-meta":"","adv-header-id-meta":"","stick-header-meta":"","header-above-stick-meta":"","header-main-stick-meta":"","header-below-stick-meta":"","astra-migrate-meta-layouts":"default","ast-page-background-enabled":"default","ast-page-background-meta":{"desktop":{"background-color":"var(--ast-global-color-5)","background-image":"","background-repeat":"repeat","background-position":"center center","background-size":"auto","background-attachment":"scroll","background-type":"","background-media":"","overlay-type":"","overlay-color":"","overlay-opacity":"","overlay-gradient":""},"tablet":{"background-color":"","background-image":"","background-repeat":"repeat","background-position":"center center","background-size":"auto","background-attachment":"scroll","background-type":"","background-media":"","overlay-type":"","overlay-color":"","overlay-opacity":"","overlay-gradient":""},"mobile":{"background-color":"","background-image":"","background-repeat":"repeat","background-position":"center center","background-size":"auto","background-attachment":"scroll","background-type":"","background-media":"","overlay-type":"","overlay-color":"","overlay-opacity":"","overlay-gradient":""}},"ast-content-background-meta":{"desktop":{"background-color":"var(--ast-global-color-4)","background-image":"","background-repeat":"repeat","background-position":"center center","background-size":"auto","background-attachment":"scroll","background-type":"","background-media":"","overlay-type":"","overlay-color":"","overlay-opacity":"","overlay-gradient":""},"tablet":{"background-color":"var(--ast-global-color-4)","background-image":"","background-repeat":"repeat","background-position":"center center","background-size":"auto","background-attachment":"scroll","background-type":"","background-media":"","overlay-type":"","overlay-color":"","overlay-opacity":"","overlay-gradient":""},"mobile":{"background-color":"var(--ast-global-color-4)","background-image":"","background-repeat":"repeat","background-position":"center center","background-size":"auto","background-attachment":"scroll","background-type":"","background-media":"","overlay-type":"","overlay-color":"","overlay-opacity":"","overlay-gradient":""}}},"product_brand":[183],"product_cat":[135],"product_tag":[],"class_list":{"0":"post-27618","1":"product","2":"type-product","3":"status-publish","4":"has-post-thumbnail","6":"product_brand-evbox","7":"product_cat-bornes-de-recharge","8":"desktop-align-left","9":"tablet-align-left","10":"mobile-align-left","12":"first","13":"instock","14":"sold-individually","15":"taxable","16":"shipping-taxable","17":"purchasable","18":"product-type-simple"},"_links":{"self":[{"href":"https:\/\/store.wattsc.com\/index.php?rest_route=\/wp\/v2\/product\/27618","targetHints":{"allow":["GET"]}}],"collection":[{"href":"https:\/\/store.wattsc.com\/index.php?rest_route=\/wp\/v2\/product"}],"about":[{"href":"https:\/\/store.wattsc.com\/index.php?rest_route=\/wp\/v2\/types\/product"}],"replies":[{"embeddable":true,"href":"https:\/\/store.wattsc.com\/index.php?rest_route=%2Fwp%2Fv2%2Fcomments&post=27618"}],"version-history":[{"count":3,"href":"https:\/\/store.wattsc.com\/index.php?rest_route=\/wp\/v2\/product\/27618\/revisions"}],"predecessor-version":[{"id":27923,"href":"https:\/\/store.wattsc.com\/index.php?rest_route=\/wp\/v2\/product\/27618\/revisions\/27923"}],"wp:featuredmedia":[{"embeddable":true,"href":"https:\/\/store.wattsc.com\/index.php?rest_route=\/wp\/v2\/media\/27619"}],"wp:attachment":[{"href":"https:\/\/store.wattsc.com\/index.php?rest_route=%2Fwp%2Fv2%2Fmedia&parent=27618"}],"wp:term":[{"taxonomy":"product_brand","embeddable":true,"href":"https:\/\/store.wattsc.com\/index.php?rest_route=%2Fwp%2Fv2%2Fproduct_brand&post=27618"},{"taxonomy":"product_cat","embeddable":true,"href":"https:\/\/store.wattsc.com\/index.php?rest_route=%2Fwp%2Fv2%2Fproduct_cat&post=27618"},{"taxonomy":"product_tag","embeddable":true,"href":"https:\/\/store.wattsc.com\/index.php?rest_route=%2Fwp%2Fv2%2Fproduct_tag&post=27618"}],"curies":[{"name":"wp","href":"https:\/\/api.w.org\/{rel}","templated":true}]}}