{"id":27611,"date":"2023-11-03T20:17:01","date_gmt":"2023-11-03T20:17:01","guid":{"rendered":"https:\/\/store.wattsc.com\/cable-zappi-v2-3f-22kw-65m-t2\/"},"modified":"2023-11-04T01:52:30","modified_gmt":"2023-11-04T01:52:30","slug":"cable-zappi-v2-3f-22kw-65m-t2","status":"publish","type":"product","link":"https:\/\/store.wattsc.com\/?product=cable-zappi-v2-3f-22kw-65m-t2","title":{"rendered":"Borne de recharge Zappi V2 3F 22kW 6,5M T2"},"content":{"rendered":"<p><strong>Options de Configuration pour la Borne de Recharge Zappi V2.1<\/strong><\/p>\n<p><strong>S\u00e9lectionnez votre configuration :<\/strong><\/p>\n<ol>\n<li><strong>Installation :<\/strong>\n<ul>\n<li>Installation standard<\/li>\n<li>Installation incluant l&rsquo;\u00e9quilibrage de charge et prise Ethernet pour une gestion optimis\u00e9e<\/li>\n<li>Installation avanc\u00e9e avec \u00e9quilibrage de charge et prise Ethernet sur poteau pour une int\u00e9gration parfaite<\/li>\n<\/ul>\n<\/li>\n<li><strong>Support de Montage :<\/strong>\n<ul>\n<li>Montage standard<\/li>\n<li>Bo\u00eete de montage m\u00e9tallique pour surfaces dures<\/li>\n<li>Panneau de montage m\u00e9tallique pour surfaces souples<\/li>\n<li>Panneau de montage en b\u00e9ton sp\u00e9cialement con\u00e7u pour Zappi, id\u00e9al pour une installation robuste et durable<\/li>\n<\/ul>\n<\/li>\n<li><strong>Accessoires :<\/strong>\n<ul>\n<li>Sans accessoire suppl\u00e9mentaire<\/li>\n<li>Avec HARVI, l&rsquo;outil de mesure intelligent sans fil pour une installation simplifi\u00e9e et une mesure pr\u00e9cise<\/li>\n<\/ul>\n<\/li>\n<\/ol>\n<p><strong>Nouveau Zappi V2.1 &#8211; Maintenant Disponible :<\/strong> Le Zappi V2.1 est une borne de recharge intelligente et esth\u00e9tique, con\u00e7ue pour une installation facile et une gestion \u00e9nerg\u00e9tique efficace. Avec la possibilit\u00e9 de charger directement \u00e0 partir de l&rsquo;\u00e9nergie solaire et une consommation \u00e9quilibr\u00e9e, vous profitez d&rsquo;une recharge verte au quotidien. Zappi int\u00e8gre des profils de charge ECO pour maximiser l&rsquo;utilisation de votre production d&rsquo;\u00e9nergie renouvelable.<\/p>\n<p><strong>HARVI :<\/strong><\/p>\n<ul>\n<li>Capteur de courant sans fil pour une installation sans tracas.<\/li>\n<li>Autonome en \u00e9nergie, ne n\u00e9cessitant ni pile ni c\u00e2ble d&rsquo;alimentation.<\/li>\n<li>Trois entr\u00e9es CT pour une mesure triphas\u00e9e pr\u00e9cise.<\/li>\n<li>Installation murale en int\u00e9rieur.<\/li>\n<\/ul>\n<p><strong>Connectivit\u00e9 :<\/strong> Le Zappi V2.1 dispose d&rsquo;un hub int\u00e9gr\u00e9, \u00e9liminant le besoin d&rsquo;un HUB externe. Il offre une connexion r\u00e9seau directe dans la station de recharge, permettant une connexion LAN filaire ou une connexion WiFi sans fil via un point d&rsquo;acc\u00e8s int\u00e9gr\u00e9.<\/p>\n<p><strong>Installation par Wattsc :<\/strong> Nos techniciens certifi\u00e9s garantissent une installation professionnelle et rapide, pour que vous puissiez profiter de votre borne de recharge sans d\u00e9lai. Nous veillons \u00e0 ce que tout soit en place pour une exp\u00e9rience sans surprise.<\/p>\n<p><strong>Images et Vid\u00e9os :<\/strong><\/p>\n<p><img decoding=\"async\" src=\"https:\/\/www.elec2go.eu\/inhoud\/uploads\/Nieuw-model-met-geintegreerd-HUB.png\" alt=\"Nouveau mod\u00e8le avec hub int\u00e9gr\u00e9\" \/><\/p>\n<p><img decoding=\"async\" src=\"https:\/\/www.elec2go.eu\/inhoud\/uploads\/harvi-draadloos-3-fasen-meter-3.png\" alt=\"HARVI - compteur sans fil triphas\u00e9\" \/><\/p>\n<p><img decoding=\"async\" src=\"https:\/\/www.elec2go.eu\/inhoud\/uploads\/Installation-Impression-2-1-1.png\" alt=\"Impression d'installation\" \/><\/p>\n<p><strong>Vid\u00e9os de d\u00e9monstration :<\/strong><\/p>\n<ul>\n<li><a href=\"https:\/\/www.youtube.com\/embed\/KyqbQdnKcmU?feature=oembed&amp;rel=0&amp;enablejsapi=1\" target=\"_new\" rel=\"noopener\">Vid\u00e9o Zappi V2.1<\/a><\/li>\n<\/ul>\n<p>Pour plus d&rsquo;informations ou pour configurer votre Zappi V2.1, contactez-nous d\u00e8s aujourd&rsquo;hui.<\/p>\n","protected":false},"excerpt":{"rendered":"<p>Les points forts de notre solution de recharge sont les suivants :<\/p>\n<ul>\n<li><strong>Chargement d&rsquo;\u00e9nergie solaire pure :<\/strong> Profitez d&rsquo;une recharge \u00e9cologique avec nos modes ECO et ECO+, qui optimisent l&rsquo;utilisation de l&rsquo;\u00e9nergie solaire directement pour la recharge de votre v\u00e9hicule \u00e9lectrique.<\/li>\n<li><strong>Application gratuite :<\/strong> G\u00e9rez et surveillez votre recharge \u00e0 distance avec notre application mobile intuitive, sans frais suppl\u00e9mentaires.<\/li>\n<li><strong>Chargement s\u00fbr :<\/strong> Notre syst\u00e8me d&rsquo;\u00e9quilibrage de charge garantit la s\u00e9curit\u00e9 de votre installation \u00e9lectrique en ajustant la charge en fonction de la consommation actuelle de votre domicile, \u00e9vitant ainsi toute surcharge.<\/li>\n<\/ul>\n<p>Ces avantages contribuent \u00e0 une exp\u00e9rience de recharge \u00e0 la fois durable et conviviale, tout en assurant la protection de votre installation \u00e9lectrique domestique.<\/p>\n","protected":false},"featured_media":27602,"comment_status":"open","ping_status":"closed","template":"","meta":{"content-type":"","rop_custom_images_group":[],"rop_custom_messages_group":[],"rop_publish_now":"initial","rop_publish_now_accounts":{"gmb_114395098992411388296_accounts\/114395098992411388296\/locations\/12006445379806666969":"","linkedin_vd11fNtDAd_vd11fNtDAd":"","twitter_1300405782383558656_1300405782383558656":"","tumblr_wattscdotcom_wattscdotcom":"","facebook_1791781087687796_116085383271852":"","gmb_107160579247662550978_accounts\/107160579247662550978\/locations\/12097786389432444087":"","gmb_107160579247662550978_accounts\/107160579247662550978\/locations\/10051390009109310933":"","gmb_107160579247662550978_accounts\/107160579247662550978\/locations\/12006445379806666969":"","facebook_1791781087687796_17841456517942081":"","linkedin_PK5Ejlb2VU_105025086":"","linkedin_PK5Ejlb2VU_37419926":""},"rop_publish_now_history":[],"rop_publish_now_status":"pending","site-sidebar-layout":"default","site-content-layout":"","ast-site-content-layout":"default","site-content-style":"default","site-sidebar-style":"default","ast-global-header-display":"","ast-banner-title-visibility":"","ast-main-header-display":"","ast-hfb-above-header-display":"","ast-hfb-below-header-display":"","ast-hfb-mobile-header-display":"","site-post-title":"","ast-breadcrumbs-content":"","ast-featured-img":"","footer-sml-layout":"","ast-disable-related-posts":"","theme-transparent-header-meta":"","adv-header-id-meta":"","stick-header-meta":"","header-above-stick-meta":"","header-main-stick-meta":"","header-below-stick-meta":"","astra-migrate-meta-layouts":"default","ast-page-background-enabled":"default","ast-page-background-meta":{"desktop":{"background-color":"var(--ast-global-color-5)","background-image":"","background-repeat":"repeat","background-position":"center center","background-size":"auto","background-attachment":"scroll","background-type":"","background-media":"","overlay-type":"","overlay-color":"","overlay-opacity":"","overlay-gradient":""},"tablet":{"background-color":"","background-image":"","background-repeat":"repeat","background-position":"center center","background-size":"auto","background-attachment":"scroll","background-type":"","background-media":"","overlay-type":"","overlay-color":"","overlay-opacity":"","overlay-gradient":""},"mobile":{"background-color":"","background-image":"","background-repeat":"repeat","background-position":"center center","background-size":"auto","background-attachment":"scroll","background-type":"","background-media":"","overlay-type":"","overlay-color":"","overlay-opacity":"","overlay-gradient":""}},"ast-content-background-meta":{"desktop":{"background-color":"var(--ast-global-color-4)","background-image":"","background-repeat":"repeat","background-position":"center center","background-size":"auto","background-attachment":"scroll","background-type":"","background-media":"","overlay-type":"","overlay-color":"","overlay-opacity":"","overlay-gradient":""},"tablet":{"background-color":"var(--ast-global-color-4)","background-image":"","background-repeat":"repeat","background-position":"center center","background-size":"auto","background-attachment":"scroll","background-type":"","background-media":"","overlay-type":"","overlay-color":"","overlay-opacity":"","overlay-gradient":""},"mobile":{"background-color":"var(--ast-global-color-4)","background-image":"","background-repeat":"repeat","background-position":"center center","background-size":"auto","background-attachment":"scroll","background-type":"","background-media":"","overlay-type":"","overlay-color":"","overlay-opacity":"","overlay-gradient":""}}},"product_brand":[179],"product_cat":[135],"product_tag":[180],"class_list":{"0":"post-27611","1":"product","2":"type-product","3":"status-publish","4":"has-post-thumbnail","6":"product_brand-zappi","7":"product_cat-bornes-de-recharge","8":"product_tag-zappi","9":"desktop-align-left","10":"tablet-align-left","11":"mobile-align-left","13":"first","14":"instock","15":"sold-individually","16":"taxable","17":"shipping-taxable","18":"purchasable","19":"product-type-simple"},"_links":{"self":[{"href":"https:\/\/store.wattsc.com\/index.php?rest_route=\/wp\/v2\/product\/27611","targetHints":{"allow":["GET"]}}],"collection":[{"href":"https:\/\/store.wattsc.com\/index.php?rest_route=\/wp\/v2\/product"}],"about":[{"href":"https:\/\/store.wattsc.com\/index.php?rest_route=\/wp\/v2\/types\/product"}],"replies":[{"embeddable":true,"href":"https:\/\/store.wattsc.com\/index.php?rest_route=%2Fwp%2Fv2%2Fcomments&post=27611"}],"version-history":[{"count":4,"href":"https:\/\/store.wattsc.com\/index.php?rest_route=\/wp\/v2\/product\/27611\/revisions"}],"predecessor-version":[{"id":27892,"href":"https:\/\/store.wattsc.com\/index.php?rest_route=\/wp\/v2\/product\/27611\/revisions\/27892"}],"wp:featuredmedia":[{"embeddable":true,"href":"https:\/\/store.wattsc.com\/index.php?rest_route=\/wp\/v2\/media\/27602"}],"wp:attachment":[{"href":"https:\/\/store.wattsc.com\/index.php?rest_route=%2Fwp%2Fv2%2Fmedia&parent=27611"}],"wp:term":[{"taxonomy":"product_brand","embeddable":true,"href":"https:\/\/store.wattsc.com\/index.php?rest_route=%2Fwp%2Fv2%2Fproduct_brand&post=27611"},{"taxonomy":"product_cat","embeddable":true,"href":"https:\/\/store.wattsc.com\/index.php?rest_route=%2Fwp%2Fv2%2Fproduct_cat&post=27611"},{"taxonomy":"product_tag","embeddable":true,"href":"https:\/\/store.wattsc.com\/index.php?rest_route=%2Fwp%2Fv2%2Fproduct_tag&post=27611"}],"curies":[{"name":"wp","href":"https:\/\/api.w.org\/{rel}","templated":true}]}}