{"id":27585,"date":"2023-11-03T20:17:01","date_gmt":"2023-11-03T20:17:01","guid":{"rendered":"https:\/\/store.wattsc.com\/boite-murale-besen\/"},"modified":"2023-11-04T00:07:48","modified_gmt":"2023-11-04T00:07:48","slug":"boite-murale-besen","status":"publish","type":"product","link":"https:\/\/store.wattsc.com\/?product=boite-murale-besen","title":{"rendered":"Bornes de recharges Wallbox Besen"},"content":{"rendered":"<p><strong>S\u00e9lectionnez la puissance de charge :<\/strong><\/p>\n<ul>\n<li>16A 11kWh (standard, sans co\u00fbt suppl\u00e9mentaire)<\/li>\n<\/ul>\n<p><strong>Options de fonctionnalit\u00e9s :<\/strong><\/p>\n<ul>\n<li>Plug &amp; Charge (standard, sans co\u00fbt suppl\u00e9mentaire)<\/li>\n<li>Surveillance RFID (pour un contr\u00f4le d&rsquo;acc\u00e8s s\u00e9curis\u00e9 via des cartes RFID)<\/li>\n<\/ul>\n<p><strong>Options d&rsquo;installation :<\/strong><\/p>\n<ul>\n<li>Installation de base (incluant les \u00e9l\u00e9ments essentiels pour une installation standard)<\/li>\n<li>Installation de base sur un support (si vous avez besoin d&rsquo;installer la station sur un support, hors co\u00fbt du support de montage)<\/li>\n<\/ul>\n<p><strong>Options de montage :<\/strong><\/p>\n<ul>\n<li>Montage mural (standard, sans co\u00fbt suppl\u00e9mentaire)<\/li>\n<li>Panneau de montage en b\u00e9ton pour wallbox (si vous avez besoin d&rsquo;une base en b\u00e9ton pour l&rsquo;installation)<\/li>\n<\/ul>\n<p>Cette unit\u00e9 de charge est con\u00e7ue pour une exp\u00e9rience de charge simple et directe avec une capacit\u00e9 de 11 kW, qui peut \u00eatre mise \u00e0 niveau \u00e0 22 kW pour une charge plus rapide. Elle est fournie avec un c\u00e2ble de charge fixe de 5 m\u00e8tres avec une prise de Type 2 ou 1 (Mennekes), adapt\u00e9e \u00e0 la plupart des v\u00e9hicules \u00e9lectriques. Notez que la capacit\u00e9 \u00e0 facturer le kWh d\u00e9pend de votre compteur \u00e9lectrique, et cette station de charge n&rsquo;inclut pas de fonctionnalit\u00e9 d&rsquo;\u00e9quilibrage de charge.<\/p>\n<p><strong>Installation :<\/strong> La station de charge est install\u00e9e par des techniciens certifi\u00e9s de Wattsc, garantissant une configuration rapide et professionnelle \u00e0 votre domicile. Il est conseill\u00e9 de pr\u00e9parer le site d&rsquo;installation pour \u00e9viter toute surprise et permettre aux installateurs de travailler efficacement.<\/p>\n<p><strong>Images et Vid\u00e9os :<\/strong><\/p>\n<ul>\n<li><img decoding=\"async\" src=\"https:\/\/www.elec2go.eu\/inhoud\/uploads\/besen-web-2-1.jpg\" alt=\"Image de la station de charge Besen\" \/><\/li>\n<li><img decoding=\"async\" src=\"https:\/\/www.elec2go.eu\/inhoud\/uploads\/Installation-Impression-2-1-1.png\" alt=\"Impression d'installation\" \/><\/li>\n<li><a href=\"https:\/\/www.youtube.com\/embed\/KyqbQdnKcmU?feature=oembed&amp;rel=0&amp;enablejsapi=1\" target=\"_new\" rel=\"noopener\">Vid\u00e9o d&rsquo;installation<\/a><\/li>\n<\/ul>\n","protected":false},"excerpt":{"rendered":"<p>Cette station de charge combine fonctionnalit\u00e9 et esth\u00e9tique, offrant une solution de recharge Plug &amp; Charge d&rsquo;une capacit\u00e9 de 11 kW. Elle est con\u00e7ue pour s&rsquo;adapter \u00e0 une alimentation monophas\u00e9e ou triphas\u00e9e, selon les besoins de recharge sp\u00e9cifiques.<\/p>\n<p><strong>Points Positifs :<\/strong><\/p>\n<ul>\n<li>Affichage clair pour une lecture facile de l&rsquo;\u00e9tat de charge.<\/li>\n<li>C\u00e2ble fixe de Type 2 de 6 m\u00e8tres, offrant une bonne port\u00e9e pour la connexion au v\u00e9hicule.<\/li>\n<li>Design \u00e9l\u00e9gant qui s&rsquo;int\u00e8gre harmonieusement \u00e0 l&rsquo;environnement domestique ou professionnel.<\/li>\n<li>Option de s\u00e9curit\u00e9 RFID pour un contr\u00f4le d&rsquo;acc\u00e8s am\u00e9lior\u00e9 (co\u00fbt additionnel de 50 \u20ac).<\/li>\n<\/ul>\n<p><strong>Points N\u00e9gatifs :<\/strong><\/p>\n<ul>\n<li>Absence d&rsquo;\u00e9quilibrage de charge, ce qui pourrait n\u00e9cessiter une gestion de charge suppl\u00e9mentaire pour optimiser l&rsquo;utilisation de l&rsquo;\u00e9nergie.<\/li>\n<li>Pas de d\u00e9tection de courant continu (DC), ce qui signifie que la station ne peut pas d\u00e9tecter ou pr\u00e9venir les fuites de courant DC potentielles.<\/li>\n<\/ul>\n","protected":false},"featured_media":27586,"comment_status":"open","ping_status":"closed","template":"","meta":{"content-type":"","rop_custom_images_group":[],"rop_custom_messages_group":[],"rop_publish_now":"initial","rop_publish_now_accounts":{"gmb_114395098992411388296_accounts\/114395098992411388296\/locations\/12006445379806666969":"","linkedin_vd11fNtDAd_vd11fNtDAd":"","twitter_1300405782383558656_1300405782383558656":"","tumblr_wattscdotcom_wattscdotcom":"","facebook_1791781087687796_116085383271852":"","gmb_107160579247662550978_accounts\/107160579247662550978\/locations\/12097786389432444087":"","gmb_107160579247662550978_accounts\/107160579247662550978\/locations\/10051390009109310933":"","gmb_107160579247662550978_accounts\/107160579247662550978\/locations\/12006445379806666969":"","facebook_1791781087687796_17841456517942081":"","linkedin_PK5Ejlb2VU_105025086":"","linkedin_PK5Ejlb2VU_37419926":""},"rop_publish_now_history":[],"rop_publish_now_status":"pending","site-sidebar-layout":"default","site-content-layout":"","ast-site-content-layout":"default","site-content-style":"default","site-sidebar-style":"default","ast-global-header-display":"","ast-banner-title-visibility":"","ast-main-header-display":"","ast-hfb-above-header-display":"","ast-hfb-below-header-display":"","ast-hfb-mobile-header-display":"","site-post-title":"","ast-breadcrumbs-content":"","ast-featured-img":"","footer-sml-layout":"","ast-disable-related-posts":"","theme-transparent-header-meta":"","adv-header-id-meta":"","stick-header-meta":"","header-above-stick-meta":"","header-main-stick-meta":"","header-below-stick-meta":"","astra-migrate-meta-layouts":"default","ast-page-background-enabled":"default","ast-page-background-meta":{"desktop":{"background-color":"var(--ast-global-color-5)","background-image":"","background-repeat":"repeat","background-position":"center center","background-size":"auto","background-attachment":"scroll","background-type":"","background-media":"","overlay-type":"","overlay-color":"","overlay-opacity":"","overlay-gradient":""},"tablet":{"background-color":"","background-image":"","background-repeat":"repeat","background-position":"center center","background-size":"auto","background-attachment":"scroll","background-type":"","background-media":"","overlay-type":"","overlay-color":"","overlay-opacity":"","overlay-gradient":""},"mobile":{"background-color":"","background-image":"","background-repeat":"repeat","background-position":"center center","background-size":"auto","background-attachment":"scroll","background-type":"","background-media":"","overlay-type":"","overlay-color":"","overlay-opacity":"","overlay-gradient":""}},"ast-content-background-meta":{"desktop":{"background-color":"var(--ast-global-color-4)","background-image":"","background-repeat":"repeat","background-position":"center center","background-size":"auto","background-attachment":"scroll","background-type":"","background-media":"","overlay-type":"","overlay-color":"","overlay-opacity":"","overlay-gradient":""},"tablet":{"background-color":"var(--ast-global-color-4)","background-image":"","background-repeat":"repeat","background-position":"center center","background-size":"auto","background-attachment":"scroll","background-type":"","background-media":"","overlay-type":"","overlay-color":"","overlay-opacity":"","overlay-gradient":""},"mobile":{"background-color":"var(--ast-global-color-4)","background-image":"","background-repeat":"repeat","background-position":"center center","background-size":"auto","background-attachment":"scroll","background-type":"","background-media":"","overlay-type":"","overlay-color":"","overlay-opacity":"","overlay-gradient":""}}},"product_brand":[177],"product_cat":[143],"product_tag":[],"class_list":{"0":"post-27585","1":"product","2":"type-product","3":"status-publish","4":"has-post-thumbnail","6":"product_brand-besen","7":"product_cat-bornes-de-recharge-maison","8":"desktop-align-left","9":"tablet-align-left","10":"mobile-align-left","12":"first","13":"instock","14":"sold-individually","15":"taxable","16":"shipping-taxable","17":"purchasable","18":"product-type-simple"},"_links":{"self":[{"href":"https:\/\/store.wattsc.com\/index.php?rest_route=\/wp\/v2\/product\/27585","targetHints":{"allow":["GET"]}}],"collection":[{"href":"https:\/\/store.wattsc.com\/index.php?rest_route=\/wp\/v2\/product"}],"about":[{"href":"https:\/\/store.wattsc.com\/index.php?rest_route=\/wp\/v2\/types\/product"}],"replies":[{"embeddable":true,"href":"https:\/\/store.wattsc.com\/index.php?rest_route=%2Fwp%2Fv2%2Fcomments&post=27585"}],"version-history":[{"count":3,"href":"https:\/\/store.wattsc.com\/index.php?rest_route=\/wp\/v2\/product\/27585\/revisions"}],"predecessor-version":[{"id":27870,"href":"https:\/\/store.wattsc.com\/index.php?rest_route=\/wp\/v2\/product\/27585\/revisions\/27870"}],"wp:featuredmedia":[{"embeddable":true,"href":"https:\/\/store.wattsc.com\/index.php?rest_route=\/wp\/v2\/media\/27586"}],"wp:attachment":[{"href":"https:\/\/store.wattsc.com\/index.php?rest_route=%2Fwp%2Fv2%2Fmedia&parent=27585"}],"wp:term":[{"taxonomy":"product_brand","embeddable":true,"href":"https:\/\/store.wattsc.com\/index.php?rest_route=%2Fwp%2Fv2%2Fproduct_brand&post=27585"},{"taxonomy":"product_cat","embeddable":true,"href":"https:\/\/store.wattsc.com\/index.php?rest_route=%2Fwp%2Fv2%2Fproduct_cat&post=27585"},{"taxonomy":"product_tag","embeddable":true,"href":"https:\/\/store.wattsc.com\/index.php?rest_route=%2Fwp%2Fv2%2Fproduct_tag&post=27585"}],"curies":[{"name":"wp","href":"https:\/\/api.w.org\/{rel}","templated":true}]}}