{"id":26900,"date":"2023-05-27T19:08:01","date_gmt":"2023-05-27T19:08:01","guid":{"rendered":"https:\/\/store.wattsc.com\/produit\/easee-charge-borne-de-recharge-22kw-triphase-wifi-4g\/"},"modified":"2024-06-07T05:31:21","modified_gmt":"2024-06-07T05:31:21","slug":"easee-charge-borne-de-recharge-22kw-triphase-wifi-4g","status":"publish","type":"product","link":"https:\/\/store.wattsc.com\/?product=easee-charge-borne-de-recharge-22kw-triphase-wifi-4g","title":{"rendered":"EASEE Charge &#8211; Borne de recharge 22kW &#8211; Triphas\u00e9 &#8211; Wifi &#8211; 4G"},"content":{"rendered":"<h2><strong>Borne de recharge EASEE Charge 22kW, mini, connect\u00e9e et intelligente &#8211; pour maison ou parking d&rsquo;entreprise ext\u00e9rieur<br \/>\n<\/strong><\/h2>\n<p>La wallbox<strong>\u00a0Borne de recharge monophas\u00e9e ou triphas\u00e9e EASEE Charge &#8211; 2,3kW \u00e0 22kW \u2013 Wi-Fi &#8211; RFID<\/strong>, s&rsquo;alimente en monophas\u00e9 ou triphas\u00e9. Son intensit\u00e9 de charge est r\u00e9glable instantan\u00e9ment et \u00e0 tout moment entre 6A et 32A, via l&rsquo;application. Elle peut donc s&rsquo;adapter \u00e0 la puissance disponible de votre maison. Sa prise\u00a0frontale<strong>\u00a0T2<\/strong>\u00a0est verrouillable pour vous assurer une\u00a0<strong>recharge s\u00e9curis\u00e9e<\/strong>\u00a0de votre voiture \u00e9lectrique en\u00a0<strong>mode 3<\/strong>.<\/p>\n<p>Gr\u00e2ce \u00e0 l&rsquo;<strong>application EASEE<\/strong>, vous pouvez\u00a0<strong>connecter votre borne \u00e0 votre Smartphone<\/strong>\u00a0par\u00a0<strong>Wi-Fi\u00a0<\/strong>ou<strong>\u00a04G\u00a0<\/strong>gr\u00e2ce \u00e0 la\u00a0<strong>e-Sim incluse.\u00a0<\/strong><\/p>\n<p>&nbsp;<\/p>\n<h2><strong>Caract\u00e9ristiques principales<\/strong><\/h2>\n<ul>\n<li>Alimentation en<strong>\u00a0monophas\u00e9\u00a0<\/strong>ou<strong>\u00a0triphas\u00e9<\/strong><\/li>\n<li>Mode r\u00e9glable:\u00a0<strong>Plug &amp; Charge<\/strong>\u00a0ou par\u00a0<strong>badge RFID<\/strong>\u00a0&#8211; au choix &#8211; r\u00e9glable sur le portail Web EASEE<\/li>\n<li>R\u00e9gler la<strong>\u00a0puissance de charge<\/strong>\u00a0entre<strong>\u00a02,3kW et 22kW<\/strong>, r\u00e9glable via l&rsquo;application<\/li>\n<li>Connexion\u00a0<strong>Wifi<\/strong>\u00a0local et\u00a0<strong>4G inclus<\/strong>\u00a0: acc\u00e8s \u00e0 l&rsquo;App EASEE et au portail Web de EASEE\u00a0<a href=\"https:\/\/easee.cloud\/auth\/signin\" rel=\"nofollow noopener\" data-uno-hassubmittext=\"no\" target=\"_blank\">easee.cloud<\/a><\/li>\n<li><strong>Module de charge dynamique<\/strong>\u00a0sans fils gr\u00e2ce au module\u00a0<strong>Equalizer<\/strong><\/li>\n<li>Bornier pour c\u00e2ble 10mm\u00b2 \u00e0 16 mm\u00b2<\/li>\n<li><strong>D\u00e9tecteur de fuites courant continue 6mA<\/strong>\u00a0int\u00e9gr\u00e9 dans la borne<\/li>\n<li>Protection\u00a0<strong>IP54<\/strong>\u00a0et\u00a0<strong>IK10<\/strong>\u00a0: r\u00e9siste aux fortes pluies et aux chocs<\/li>\n<li>Prise : Type 2. Compatible avec tous les v\u00e9hicules \u00e9lectriques<\/li>\n<li><strong>Gestion des panneaux solaires<\/strong><\/li>\n<li>Kit de fixation murale inclus<\/li>\n<li><strong>Activer<\/strong>\u00a0\/\u00a0<strong>D\u00e9sactiver<\/strong>\u00a0la charge \u00e0 distance<\/li>\n<li><strong>Verrouillage du c\u00e2ble<\/strong>\u00a0type 2 dans la borne<\/li>\n<li><strong>Programmer la charge\u00a0<\/strong>aux cr\u00e9neaux horaires souhait\u00e9s (pour ne recharger qu&rsquo;en heure creuse par exemple)<\/li>\n<li>Consulter l&rsquo;<strong>historique des consommations<\/strong>\u00a0et le co\u00fbt total d&rsquo;\u00e9lectricit\u00e9 consomm\u00e9e<\/li>\n<li><strong>Infrastructure \u00e9volutive<\/strong>\u00a0permet jusqu\u2019\u00e0 101 chargeurs sur un seul circuit.<\/li>\n<li><strong>Balance automatique<\/strong>\u00a0des phases<\/li>\n<li><strong>Compteur d\u2019\u00e9nergie<\/strong>\u00a0int\u00e9gr\u00e9s.<\/li>\n<li>D\u00e9velopp\u00e9 et produit en<strong>\u00a0Norv\u00e8ge<\/strong>.<\/li>\n<\/ul>\n<p>&nbsp;<\/p>\n<h2><strong>Activation Plug &amp; Charge ou par carte RFID<\/strong><\/h2>\n<p>La borne fonctionne en\u00a0<strong>Plug &amp; Charge,\u00a0<\/strong>ou par<strong>\u00a0carte RFID au choix<\/strong>.<\/p>\n<p>En Plug &amp; Charge, d\u00e8s que vous branchez le c\u00e2ble sur votre v\u00e9hicule et sur la borne, la charge d\u00e9marre. Si vous activez le mode RFID sur le portail Web EASEE, alors seules les cartes RFID encod\u00e9es dans votre borne pourront d\u00e9marrer la charge.<\/p>\n<p>&nbsp;<\/p>\n<h2><strong>Temps de Recharge<\/strong><\/h2>\n<p>De\u00a0<strong>15km (\u00e0 3,7kW)<\/strong>\u00a0\u00e0\u00a0<strong>100km (\u00e0 22kW)<\/strong>\u00a0d&rsquo;autonomie en plus\u00a0<strong>par heure de recharge<\/strong>.<\/p>\n<p>&nbsp;<\/p>\n<h2><strong>Connexion 4G incluse et gratuite \u00e0 vie<br \/>\n<\/strong><\/h2>\n<p>Toutes les bornes Easee sont \u00e9quip\u00e9es d&rsquo;une carte eSim, pour un acc\u00e8s Internet \u00e0 tout moment, m\u00eame si le Wifi n&rsquo;est pas disponible. Cette connexion permet aussi un d\u00e9pannage \u00e0 distance facilit\u00e9 en cas de probl\u00e8me.<\/p>\n<p>Aucun abonnement \u00e0 payer, la connexion 4G est gratuite \u00e0 vie.<\/p>\n<p>&nbsp;<\/p>\n<h2><strong>Design, compact et durable<br \/>\n<\/strong><\/h2>\n<p>La\u00a0<strong>Wallbox Easee Charge<\/strong>\u00a0est l&rsquo;une des plus petites bornes de recharge du march\u00e9. Discret, l\u00e9ger et pratique. Taille L193 x H256 x P106 mm. Elle p\u00e8se 1,5 kg. Elle est aussi robuste (IK10) et r\u00e9siste aux fortes pluies (IP54). Elle peut \u00eatre\u00a0<strong>install\u00e9e \u00e0 l&rsquo;ext\u00e9rieur<\/strong>\u00a0sans protection contre la pluie. Sa\u00a0<strong>conception Norv\u00e9gienne<\/strong>\u00a0lui assure une grande r\u00e9sistance contre les intemp\u00e9ries.<\/p>\n<p>&nbsp;<\/p>\n<h2><strong>Module de charge dynamique Equalizer<br \/>\n<\/strong><\/h2>\n<p>L&rsquo;<strong>Equalizer<\/strong>\u00a0de la marque EASEE permet de mesurer toutes les consommations \u00e9lectriques et de contr\u00f4ler dynamiquement la puissance de charge de la borne. Il existe deux versions pour chacun des types de r\u00e9seau : monophas\u00e9 ou triphas\u00e9.<\/p>\n<h3>Les fonctions principales de l&rsquo;Equalizer :<\/h3>\n<ul>\n<li><strong>Charge le plus rapidement possible\u00a0<\/strong>en \u00e9vitant le d\u00e9clenchement du disjoncteur principal<strong><br \/>\n<\/strong><\/li>\n<li><strong>Adapte automatiquement la puissance de charge<\/strong><\/li>\n<\/ul>\n<h3>Gr\u00e2ce \u00e0 l&rsquo;Equalizer :<\/h3>\n<ul>\n<li>Rechargez\u00a0<strong>jusqu&rsquo;\u00e0 6 fois<\/strong>\u00a0plus vite<\/li>\n<li>Activer un\u00a0<strong>partage d&rsquo;\u00e9nergie<\/strong>\u00a0pour recharger plusieurs v\u00e9hicules simultan\u00e9ment<\/li>\n<li><strong>\u00c9conomisez de l&rsquo;argent<\/strong>\u00a0en \u00e9vitant de changer d&rsquo;abonnement<\/li>\n<\/ul>\n<h3>Recharge solaire :<\/h3>\n<p>Une fois l&rsquo;Equalizer install\u00e9 vous pourrez activer la fonction de\u00a0<strong>recharge solaire<\/strong>\u00a0depuis Easee App. Vous aurez le choix entre deux modes de recharge diff\u00e9rents pour r\u00e9pondre \u00e0 vos besoins et pr\u00e9f\u00e9rences sp\u00e9cifiques.<\/p>\n<ul>\n<li><strong>Solaire\u00a0<\/strong>: rechargez votre voiture en utilisant uniquement vos panneaux solaires<\/li>\n<li><strong>R\u00e9seau + solaire<\/strong>\u00a0: rechargez votre voiture avec l\u2019\u00e9nergie \u00e0 la fois du r\u00e9seau et de vos panneaux solaires<\/li>\n<\/ul>\n<p>Tout cela est g\u00e9r\u00e9 automatiquement par le module Equalizer.<\/p>\n<p>&nbsp;<\/p>\n<h2><strong>Application Easee<br \/>\n<\/strong><\/h2>\n<p>L&rsquo;application Easee est disponible sur Iphone IOs ou Android, et\u00a0 permet de g\u00e9rer les fonctions suivantes:<\/p>\n<ul>\n<li>Modifier la puissance de charge<\/li>\n<li>Automatiser la puissance de charge gr\u00e2ce \u00e0 l&rsquo;Equalizer (charge dynamique)<\/li>\n<li>G\u00e9rer le mode d&rsquo;activation: Plug &amp; Charge ou par badge RFID<\/li>\n<\/ul>\n<ul>\n<li>Superviser et g\u00e9rer des diff\u00e9rents chargeurs<\/li>\n<li>Activer\u00a0\/\u00a0D\u00e9sactiver\u00a0la charge \u00e0 distance<\/li>\n<li>Activer le mode \u00ab\u00a0vacances\u00a0\u00bb<\/li>\n<li>Ajouter et g\u00e9rer les utilisateurs du badge RFID<\/li>\n<li>Programmer la charge\u00a0aux cr\u00e9neaux horaires souhait\u00e9s (pour ne recharger qu&rsquo;en heure creuse par exemple)<\/li>\n<li>Consulter l&rsquo;historique des consommations\u00a0et le co\u00fbt total d&rsquo;\u00e9lectricit\u00e9 consomm\u00e9e, par utilisateur<\/li>\n<li>G\u00e9rer des panneaux solaires (100% solaire ou mixte \u00e9nerg\u00e9tique)<\/li>\n<li>Verrouiller le c\u00e2ble type 2 dans la borne<\/li>\n<\/ul>\n<h2><strong>Protections \u00e9lectriques<\/strong><\/h2>\n<p>Les protections \u00e9lectriques sont obligatoires, et sont \u00e0 installer sur une ligne d\u00e9di\u00e9e.<\/p>\n<p>Protections \u00e9lectriques \u00e0 installer pour une installation en\u00a0<strong>monophas\u00e9<\/strong>\u00a0:<\/p>\n<ul>\n<li>Un interrupteur diff\u00e9rentiel 40A Type A 30mA (ex:\u00a0<a href=\"https:\/\/wattsc.com\/shop\/hager\/hager-bdh240f-interrupteur-differentiel-40a-type-a-hi-1pn-30ma-2\/\" data-uno-hassubmittext=\"no\" target=\"_blank\" rel=\"noopener\">HAGER BDH240F<\/a>)- non inclus<\/li>\n<li>Un disjoncteur 40A Courbe C (ex :\u00a0<a href=\"https:\/\/wattsc.com\/shop\/disjoncteur-monophase\/hager-mjt740-disjoncteur-40a-1pn-courbe-c-pdc-6ka\/\" data-uno-hassubmittext=\"no\" target=\"_blank\" rel=\"noopener\">HAGER MJT740<\/a>) &#8211; non inclus<\/li>\n<\/ul>\n<p>Protections \u00e9lectriques \u00e0 installer pour une installation en\u00a0<strong>triphas\u00e9<\/strong>\u00a0:<\/p>\n<ul>\n<li>Interrupteur diff\u00e9rentiel 40A Type A 30mA (ex :\u00a0<a href=\"https:\/\/wattsc.com\/shop\/interrupteur-differentiel\/hager-bdh440f-interrupteur-differentiel-40a-type-a-hi-3pn-30ma\/\" data-uno-hassubmittext=\"no\" target=\"_blank\" rel=\"noopener\">HAGER BDH440F<\/a>) &#8211; non inclus<\/li>\n<\/ul>\n<p><em>Note : le type B n&rsquo;est pas obligatoire car la borne poss\u00e8de un d\u00e9tecteur de fuites de courant continue 6mA<\/em><\/p>\n<ul>\n<li>Disjoncteur 16A \u00e0 40A Courbe C (en fonction du r\u00e9glage de la borne) (ex:\u00a0<a href=\"https:\/\/wattsc.com\/shop\/hager\/hager-ngt840-disjoncteur-40a-3pn-courbe-d-pdc-10ka2-avisreference-hag-ngt840-marque-hager\/\" data-uno-hassubmittext=\"no\" target=\"_blank\" rel=\"noopener\">HAGER NGT840<\/a>\u00a0pour 40A) &#8211; non inclus<\/li>\n<\/ul>\n<p>&nbsp;<\/p>\n<h2><strong>C\u00e2ble de recharge PHOENIX CONTACT 5m :<\/strong><\/h2>\n<p>Le\u00a0<strong>C\u00e2ble de recharge<\/strong>\u00a0pour\u00a0<strong>v\u00e9hicule \u00e9lectrique Phoenix Contact &#8211; type 2 vers type 2 &#8211; 7,4kW ou 22kW &#8211; 5m\u00a0<\/strong>est id\u00e9al pour recharger votre voiture \u00e9lectrique de\u00a0<strong>type 2.<\/strong><\/p>\n<p>Puissance des c\u00e2bles :<\/p>\n<p>Version 7,4kW :\u00a0<a href=\"https:\/\/wattsc.com\/shop\/stations-de-charge\/cable-de-recharge\/phoenix-contact-cable-de-recharge-type2-type2-5m-74kw-monophase-32a-sac4-avisreference-phx-1627801-marque-phoenix-contact\/\" data-uno-hassubmittext=\"no\" target=\"_blank\" rel=\"noopener\">R\u00e9f.\u00a01627801<\/a><\/p>\n<p>Version 22kW :\u00a0<a href=\"https:\/\/wattsc.com\/shop\/cable-de-recharge-2\/phoenix-contact-cable-de-recharge-type2-type2-5m-22kw-triphase-32a-sacreference-phx-1627692-marque-phoenix-contact\/\" data-uno-hassubmittext=\"no\" target=\"_blank\" rel=\"noopener\">R\u00e9f. 1627692<\/a><\/p>\n<p>Nous vous conseillons de choisir le c\u00e2ble adapt\u00e9 \u00e0 la configuration de votre borne. Pour une installation en monophas\u00e9, vous pouvez choisir un c\u00e2ble de 7,4kW et pour une installation en triphas\u00e9 vous pouvez choisir un c\u00e2ble de 22kW. Veuillez v\u00e9rifier aussi le chargeur embarqu\u00e9 de votre v\u00e9hicule pour connaitre la puissance maximum accept\u00e9 par celui-ci.<\/p>\n<p>&nbsp;<\/p>\n<h2><strong>Test WATTSC<\/strong><\/h2>\n<p>L&rsquo;\u00e9quipe Wattsc a test\u00e9 avec succ\u00e8s la borne de recharge EASEE Charge. Le branchement de l&rsquo;alimentation est simple gr\u00e2ce au bornier 10mm\u00b2 \u00e0 acc\u00e8s facile. Les protections \u00e9lectriques s\u00e9lectionn\u00e9es par Wattsc sont compatibles et assurent une mise en route en toute s\u00e9curit\u00e9.<\/p>\n<p>La borne s&rsquo;allume rapidement, et est pr\u00eate \u00e0 charger en moins d&rsquo;une minute environ. Nous avons t\u00e9l\u00e9charg\u00e9 l&rsquo;appli EASEE et cr\u00e9\u00e9 notre compte, associ\u00e9 la borne de recharge, la connexion s&rsquo;est faite sans probl\u00e8me gr\u00e2ce \u00e0 la connexion en WiFi Local. Le 4G remplace automatiquement le Wifi en cas de coupure. Nous avons ensuite branch\u00e9 le c\u00e2ble : la charge a d\u00e9marr\u00e9 toute seule \u00e0 l&rsquo;intensit\u00e9 r\u00e9gl\u00e9e sur l&rsquo;application. Si on change l&rsquo;intensit\u00e9 sur l&rsquo;application, l&rsquo;intensit\u00e9 de charge change instantan\u00e9ment sur la voiture.<\/p>\n<p>Bilan : Tr\u00e8s positif. Borne id\u00e9ale pour un garage ou une maison en int\u00e9rieur ou en ext\u00e9rieur, pour une personne souhaitant suivre ses consommations, g\u00e9rer ses cr\u00e9neaux de charge, et parfois modifier l&rsquo;intensit\u00e9 de recharge.<\/p>\n<p>&nbsp;<\/p>\n<h2>Vous souhaitez en savoir plus \u00e0 propos des wallboxes ?<\/h2>\n<p>Wattsc met \u00e0 disposition des particuliers un large choix de <strong>wallbox<\/strong>\u00a0au sein de cette gamme. Les\u00a0<strong>bornes<\/strong>\u00a0propos\u00e9es au sein de cette rubrique sont des mod\u00e8les parfaitement adapt\u00e9s \u00e0 une utilisation domestique. Vous retrouverez des produits aux diff\u00e9rentes capacit\u00e9s, pouvant supporter et distribuer plusieurs puissances :\u00a0<strong>wallbox 7kw<\/strong>\u00a0et\u00a0<strong>wallbox 22kw<\/strong>\u00a0majoritairement. Pour un usage priv\u00e9, domestique, chaque\u00a0<strong>wallbox pour voiture \u00e9lectrique<\/strong>\u00a0est enti\u00e8rement s\u00e9curis\u00e9e. V\u00e9rifiez la puissance support\u00e9e par votre v\u00e9hicule et la capacit\u00e9 de votre compteur afin de s\u00e9lectionner la\u00a0<strong>wallbox monophas\u00e9e<\/strong>\u00a0ou\u00a0<strong>triphas\u00e9e<\/strong>\u00a0qui vous convient. Une\u00a0<strong>wallbox triphas\u00e9e<\/strong>\u00a0pourra supporter davantage de tension et d\u00e9livrer une plus forte puissance. En fonction de votre consommation \u00e9lectrique et de votre logement, une\u00a0<strong>borne wallbox monophas\u00e9es<\/strong> pourra suffire \u00e0 vos besoins ou un mod\u00e8le triphas\u00e9 sera plus adapt\u00e9. Des prises et des solutions de protection pour \u00e9viter les dangers li\u00e9s \u00e0 la surcharge \u00e9lectrique d\u2019un domicile sont \u00e9galement disponibles. Retrouvez toutes les caract\u00e9ristiques au sein des fiches produits. Si un doute persiste, les professionnels Wattsc\u00a0se tiennent \u00e0 votre disposition pour vous conseiller et vous guider parmi ces\u00a0<strong>wallboxes<\/strong>\u00a0vers le mod\u00e8le qui r\u00e9pondra parfaitement \u00e0 vos attentes.<\/p>\n<div id=\"gtx-trans\" style=\"position: absolute; left: 697px; top: 96.3262px;\">\n<div class=\"gtx-trans-icon\"><\/div>\n<\/div>\n","protected":false},"excerpt":{"rendered":"<p>Borne de recharge EASEE Charge 22kW, mini, connect\u00e9e et intelligente &#8211; pour maison ou parking d&rsquo;entreprise ext\u00e9rieur La wallbox\u00a0Borne de [&hellip;]<\/p>\n","protected":false},"featured_media":27286,"comment_status":"open","ping_status":"closed","template":"","meta":{"content-type":"","rop_custom_images_group":[],"rop_custom_messages_group":[],"rop_publish_now":"yes","rop_publish_now_accounts":{"gmb_114395098992411388296_accounts\/114395098992411388296\/locations\/12006445379806666969":"","linkedin_vd11fNtDAd_vd11fNtDAd":"","gmb_107160579247662550978_accounts\/107160579247662550978\/locations\/12097786389432444087":"","gmb_107160579247662550978_accounts\/107160579247662550978\/locations\/12006445379806666969":"","gmb_107160579247662550978_accounts\/107160579247662550978\/locations\/10051390009109310933":"","twitter_1300405782383558656_1300405782383558656":"","tumblr_wattscdotcom_wattscdotcom":"","linkedin_PK5Ejlb2VU_37419926":"","facebook_1791781087687796_17841456517942081":""},"rop_publish_now_history":[],"rop_publish_now_status":"pending","site-sidebar-layout":"default","site-content-layout":"","ast-site-content-layout":"default","site-content-style":"default","site-sidebar-style":"default","ast-global-header-display":"","ast-banner-title-visibility":"","ast-main-header-display":"","ast-hfb-above-header-display":"","ast-hfb-below-header-display":"","ast-hfb-mobile-header-display":"","site-post-title":"","ast-breadcrumbs-content":"","ast-featured-img":"","footer-sml-layout":"","ast-disable-related-posts":"","theme-transparent-header-meta":"","adv-header-id-meta":"","stick-header-meta":"","header-above-stick-meta":"","header-main-stick-meta":"","header-below-stick-meta":"","astra-migrate-meta-layouts":"default","ast-page-background-enabled":"default","ast-page-background-meta":{"desktop":{"background-color":"var(--ast-global-color-5)","background-image":"","background-repeat":"repeat","background-position":"center center","background-size":"auto","background-attachment":"scroll","background-type":"","background-media":"","overlay-type":"","overlay-color":"","overlay-opacity":"","overlay-gradient":""},"tablet":{"background-color":"","background-image":"","background-repeat":"repeat","background-position":"center center","background-size":"auto","background-attachment":"scroll","background-type":"","background-media":"","overlay-type":"","overlay-color":"","overlay-opacity":"","overlay-gradient":""},"mobile":{"background-color":"","background-image":"","background-repeat":"repeat","background-position":"center center","background-size":"auto","background-attachment":"scroll","background-type":"","background-media":"","overlay-type":"","overlay-color":"","overlay-opacity":"","overlay-gradient":""}},"ast-content-background-meta":{"desktop":{"background-color":"var(--ast-global-color-4)","background-image":"","background-repeat":"repeat","background-position":"center center","background-size":"auto","background-attachment":"scroll","background-type":"","background-media":"","overlay-type":"","overlay-color":"","overlay-opacity":"","overlay-gradient":""},"tablet":{"background-color":"var(--ast-global-color-4)","background-image":"","background-repeat":"repeat","background-position":"center center","background-size":"auto","background-attachment":"scroll","background-type":"","background-media":"","overlay-type":"","overlay-color":"","overlay-opacity":"","overlay-gradient":""},"mobile":{"background-color":"var(--ast-global-color-4)","background-image":"","background-repeat":"repeat","background-position":"center center","background-size":"auto","background-attachment":"scroll","background-type":"","background-media":"","overlay-type":"","overlay-color":"","overlay-opacity":"","overlay-gradient":""}}},"product_brand":[],"product_cat":[135,149],"product_tag":[157],"class_list":{"0":"post-26900","1":"product","2":"type-product","3":"status-publish","4":"has-post-thumbnail","6":"product_cat-bornes-de-recharge","7":"product_cat-borne-triphasee","8":"product_tag-easee","9":"desktop-align-left","10":"tablet-align-left","11":"mobile-align-left","13":"first","14":"instock","15":"sale","16":"taxable","17":"shipping-taxable","18":"purchasable","19":"product-type-simple"},"_links":{"self":[{"href":"https:\/\/store.wattsc.com\/index.php?rest_route=\/wp\/v2\/product\/26900","targetHints":{"allow":["GET"]}}],"collection":[{"href":"https:\/\/store.wattsc.com\/index.php?rest_route=\/wp\/v2\/product"}],"about":[{"href":"https:\/\/store.wattsc.com\/index.php?rest_route=\/wp\/v2\/types\/product"}],"replies":[{"embeddable":true,"href":"https:\/\/store.wattsc.com\/index.php?rest_route=%2Fwp%2Fv2%2Fcomments&post=26900"}],"version-history":[{"count":2,"href":"https:\/\/store.wattsc.com\/index.php?rest_route=\/wp\/v2\/product\/26900\/revisions"}],"predecessor-version":[{"id":27402,"href":"https:\/\/store.wattsc.com\/index.php?rest_route=\/wp\/v2\/product\/26900\/revisions\/27402"}],"wp:featuredmedia":[{"embeddable":true,"href":"https:\/\/store.wattsc.com\/index.php?rest_route=\/wp\/v2\/media\/27286"}],"wp:attachment":[{"href":"https:\/\/store.wattsc.com\/index.php?rest_route=%2Fwp%2Fv2%2Fmedia&parent=26900"}],"wp:term":[{"taxonomy":"product_brand","embeddable":true,"href":"https:\/\/store.wattsc.com\/index.php?rest_route=%2Fwp%2Fv2%2Fproduct_brand&post=26900"},{"taxonomy":"product_cat","embeddable":true,"href":"https:\/\/store.wattsc.com\/index.php?rest_route=%2Fwp%2Fv2%2Fproduct_cat&post=26900"},{"taxonomy":"product_tag","embeddable":true,"href":"https:\/\/store.wattsc.com\/index.php?rest_route=%2Fwp%2Fv2%2Fproduct_tag&post=26900"}],"curies":[{"name":"wp","href":"https:\/\/api.w.org\/{rel}","templated":true}]}}