{"id":26786,"date":"2023-05-27T18:59:29","date_gmt":"2023-05-27T18:59:29","guid":{"rendered":"https:\/\/store.wattsc.com\/produit\/cartes-rfid-compatibles-wallbox-uniquement-pack-de-5-cartes\/"},"modified":"2023-08-02T19:42:08","modified_gmt":"2023-08-02T19:42:08","slug":"cartes-rfid-compatibles-wallbox-uniquement-pack-de-5-cartes","status":"publish","type":"product","link":"https:\/\/store.wattsc.com\/?product=cartes-rfid-compatibles-wallbox-uniquement-pack-de-5-cartes","title":{"rendered":"Cartes RFID &#8211; compatibles WALLBOX uniquement &#8211; pack de 5 cartes"},"content":{"rendered":"<p class=\"product-data-heading\"><span style=\"color: #2c2c2c; font-family: Poppins, sans-serif; font-size: 45px; font-weight: 600; letter-spacing: 0px;\">Cartes RFID &#8211; compatible pour les bornes WALLBOX uniquement<\/span><\/p>\n<div class=\"rte clearfix\">\n<p>Les<strong> Cartes RFID<\/strong> &#8211; compatibles avec des\u00a0<a href=\"https:\/\/wattsc.com\/shop\/bornes-de-recharges\/wallbox-bornes-de-recharges\/wallbox-borne-de-recharge-pulsar-plus-cable-attache-7m-type-2-14-a-22kw-triphase-bluetooth-wifireference-wbx-plp-22kw-7m-marque-wallbox\/\" target=\"_blank\" rel=\"noopener\">bornes de recharge Wallbox<\/a> uniquement &#8211; vous permettront de cr\u00e9er des acc\u00e8s pour diff\u00e9rents utilisateurs dans votre espace administrateur MyWallbox.<\/p>\n<p>Epaisseur de chaque carte: 0.85mm.<\/p>\n<p>Taille de chaque carte: L85xH54cmxP1 mm<\/p>\n<p>&nbsp;<\/p>\n<p style=\"text-align: center;\">\n<\/div>\n<p>&nbsp;<\/p>\n<div id=\"gtx-trans\" style=\"position: absolute; left: -1px; top: 262.43px;\">\n<div class=\"gtx-trans-icon\"><\/div>\n<\/div>\n","protected":false},"excerpt":{"rendered":"<p>Cartes RFID &#8211; compatible pour les bornes WALLBOX uniquement Les Cartes RFID &#8211; compatibles avec des\u00a0bornes de recharge Wallbox uniquement [&hellip;]<\/p>\n","protected":false},"featured_media":27290,"comment_status":"closed","ping_status":"closed","template":"","meta":{"content-type":"","rop_custom_images_group":[],"rop_custom_messages_group":[],"rop_publish_now":"initial","rop_publish_now_accounts":{"gmb_114395098992411388296_accounts\/114395098992411388296\/locations\/12006445379806666969":"","linkedin_vd11fNtDAd_vd11fNtDAd":"","twitter_1300405782383558656_1300405782383558656":"","tumblr_wattscdotcom_wattscdotcom":"","facebook_1791781087687796_116085383271852":"","gmb_107160579247662550978_accounts\/107160579247662550978\/locations\/12097786389432444087":"","gmb_107160579247662550978_accounts\/107160579247662550978\/locations\/10051390009109310933":"","gmb_107160579247662550978_accounts\/107160579247662550978\/locations\/12006445379806666969":"","facebook_1791781087687796_17841456517942081":"","linkedin_PK5Ejlb2VU_105025086":"","linkedin_PK5Ejlb2VU_37419926":""},"rop_publish_now_history":[],"rop_publish_now_status":"pending","site-sidebar-layout":"default","site-content-layout":"","ast-site-content-layout":"default","site-content-style":"default","site-sidebar-style":"default","ast-global-header-display":"","ast-banner-title-visibility":"","ast-main-header-display":"","ast-hfb-above-header-display":"","ast-hfb-below-header-display":"","ast-hfb-mobile-header-display":"","site-post-title":"","ast-breadcrumbs-content":"","ast-featured-img":"","footer-sml-layout":"","ast-disable-related-posts":"","theme-transparent-header-meta":"","adv-header-id-meta":"","stick-header-meta":"","header-above-stick-meta":"","header-main-stick-meta":"","header-below-stick-meta":"","astra-migrate-meta-layouts":"default","ast-page-background-enabled":"default","ast-page-background-meta":{"desktop":{"background-color":"var(--ast-global-color-5)","background-image":"","background-repeat":"repeat","background-position":"center center","background-size":"auto","background-attachment":"scroll","background-type":"","background-media":"","overlay-type":"","overlay-color":"","overlay-opacity":"","overlay-gradient":""},"tablet":{"background-color":"","background-image":"","background-repeat":"repeat","background-position":"center center","background-size":"auto","background-attachment":"scroll","background-type":"","background-media":"","overlay-type":"","overlay-color":"","overlay-opacity":"","overlay-gradient":""},"mobile":{"background-color":"","background-image":"","background-repeat":"repeat","background-position":"center center","background-size":"auto","background-attachment":"scroll","background-type":"","background-media":"","overlay-type":"","overlay-color":"","overlay-opacity":"","overlay-gradient":""}},"ast-content-background-meta":{"desktop":{"background-color":"var(--ast-global-color-4)","background-image":"","background-repeat":"repeat","background-position":"center center","background-size":"auto","background-attachment":"scroll","background-type":"","background-media":"","overlay-type":"","overlay-color":"","overlay-opacity":"","overlay-gradient":""},"tablet":{"background-color":"var(--ast-global-color-4)","background-image":"","background-repeat":"repeat","background-position":"center center","background-size":"auto","background-attachment":"scroll","background-type":"","background-media":"","overlay-type":"","overlay-color":"","overlay-opacity":"","overlay-gradient":""},"mobile":{"background-color":"var(--ast-global-color-4)","background-image":"","background-repeat":"repeat","background-position":"center center","background-size":"auto","background-attachment":"scroll","background-type":"","background-media":"","overlay-type":"","overlay-color":"","overlay-opacity":"","overlay-gradient":""}}},"product_brand":[],"product_cat":[139],"product_tag":[],"class_list":{"0":"post-26786","1":"product","2":"type-product","3":"status-publish","4":"has-post-thumbnail","6":"product_cat-accessoires","7":"desktop-align-left","8":"tablet-align-left","9":"mobile-align-left","11":"first","12":"instock","13":"taxable","14":"shipping-taxable","15":"purchasable","16":"product-type-simple"},"_links":{"self":[{"href":"https:\/\/store.wattsc.com\/index.php?rest_route=\/wp\/v2\/product\/26786","targetHints":{"allow":["GET"]}}],"collection":[{"href":"https:\/\/store.wattsc.com\/index.php?rest_route=\/wp\/v2\/product"}],"about":[{"href":"https:\/\/store.wattsc.com\/index.php?rest_route=\/wp\/v2\/types\/product"}],"replies":[{"embeddable":true,"href":"https:\/\/store.wattsc.com\/index.php?rest_route=%2Fwp%2Fv2%2Fcomments&post=26786"}],"version-history":[{"count":1,"href":"https:\/\/store.wattsc.com\/index.php?rest_route=\/wp\/v2\/product\/26786\/revisions"}],"predecessor-version":[{"id":26787,"href":"https:\/\/store.wattsc.com\/index.php?rest_route=\/wp\/v2\/product\/26786\/revisions\/26787"}],"wp:featuredmedia":[{"embeddable":true,"href":"https:\/\/store.wattsc.com\/index.php?rest_route=\/wp\/v2\/media\/27290"}],"wp:attachment":[{"href":"https:\/\/store.wattsc.com\/index.php?rest_route=%2Fwp%2Fv2%2Fmedia&parent=26786"}],"wp:term":[{"taxonomy":"product_brand","embeddable":true,"href":"https:\/\/store.wattsc.com\/index.php?rest_route=%2Fwp%2Fv2%2Fproduct_brand&post=26786"},{"taxonomy":"product_cat","embeddable":true,"href":"https:\/\/store.wattsc.com\/index.php?rest_route=%2Fwp%2Fv2%2Fproduct_cat&post=26786"},{"taxonomy":"product_tag","embeddable":true,"href":"https:\/\/store.wattsc.com\/index.php?rest_route=%2Fwp%2Fv2%2Fproduct_tag&post=26786"}],"curies":[{"name":"wp","href":"https:\/\/api.w.org\/{rel}","templated":true}]}}