{"id":26558,"date":"2023-05-27T18:18:09","date_gmt":"2023-05-27T18:18:09","guid":{"rendered":"https:\/\/store.wattsc.com\/produit\/wallbox-support-de-cable-mural-noir\/"},"modified":"2025-09-29T10:57:14","modified_gmt":"2025-09-29T10:57:14","slug":"wallbox-support-de-cable-mural-noir","status":"publish","type":"product","link":"https:\/\/store.wattsc.com\/?product=wallbox-support-de-cable-mural-noir","title":{"rendered":"WALLBOX Support de c\u00e2ble mural noir"},"content":{"rendered":"<p class=\"product-data-heading\"><span style=\"letter-spacing: 0px;\">Le <\/span><strong style=\"letter-spacing: 0px;\">Support Mural\u00a0Wallbox<\/strong><span style=\"letter-spacing: 0px;\">\u00a0permet d&rsquo;accrocher votre c\u00e2ble de recharge\u00a0sur n&rsquo;importe quel mur de votre garage ou maison. Lorsque le support est fix\u00e9 au mur, il est devenu un support c\u00e2ble tr\u00e8s resistant qui evitera que votre cable traine par terre. Il est compatible avec tous les c\u00e2bles du march\u00e9 y compris les spiral\u00e9s.<\/span><\/p>\n<div class=\"rte clearfix\">\n<p><strong>Fabriqu\u00e9 en aluminium\u00a0<\/strong><\/p>\n<p><strong>Dimensions <\/strong>: 165x142x75 mm<\/p>\n<p><strong>Installation\u00a0<\/strong>: \u00e0 l&rsquo;int\u00e9rieur ou \u00e0 l&rsquo;ext\u00e9rieur<\/p>\n<p><strong>Compatible<\/strong>\u00a0 : avec <span style=\"text-decoration: underline;\">Commander 2, Copper SB et Pulsar Plus<\/span><\/p>\n<p style=\"text-align: center;\">\n<\/div>\n<p>{&lsquo;Fabricant&rsquo;: &lsquo;WALLBOX&rsquo;, &lsquo;Couleur&rsquo;: &lsquo;Noir&rsquo;, &lsquo;Poids&rsquo;: &lsquo;1 Kg&rsquo;, &lsquo;Mat\u00e9riau&rsquo;: &lsquo;Aluminium 5754&rsquo;, &lsquo;Montage&rsquo;: &lsquo;Mural (kit fourni)&rsquo;, &lsquo;Installation&rsquo;: &lsquo;Murale&rsquo;}<\/p>\n<div id=\"gtx-trans\" style=\"position: absolute; left: 767px; top: 236.434px;\">\n<div class=\"gtx-trans-icon\"><\/div>\n<\/div>\n","protected":false},"excerpt":{"rendered":"<p>Le Support Mural\u00a0Wallbox\u00a0permet d&rsquo;accrocher votre c\u00e2ble de recharge\u00a0sur n&rsquo;importe quel mur de votre garage ou maison. Lorsque le support est [&hellip;]<\/p>\n","protected":false},"featured_media":27360,"comment_status":"closed","ping_status":"closed","template":"","meta":{"content-type":"","rop_custom_images_group":[],"rop_custom_messages_group":[],"rop_publish_now":"initial","rop_publish_now_accounts":{"gmb_114395098992411388296_accounts\/114395098992411388296\/locations\/12006445379806666969":"","linkedin_vd11fNtDAd_vd11fNtDAd":"","twitter_1300405782383558656_1300405782383558656":"","tumblr_wattscdotcom_wattscdotcom":"","facebook_1791781087687796_116085383271852":"","gmb_107160579247662550978_accounts\/107160579247662550978\/locations\/12097786389432444087":"","gmb_107160579247662550978_accounts\/107160579247662550978\/locations\/10051390009109310933":"","gmb_107160579247662550978_accounts\/107160579247662550978\/locations\/12006445379806666969":"","facebook_1791781087687796_17841456517942081":"","linkedin_PK5Ejlb2VU_105025086":"","linkedin_PK5Ejlb2VU_37419926":""},"rop_publish_now_history":[],"rop_publish_now_status":"pending","site-sidebar-layout":"default","site-content-layout":"","ast-site-content-layout":"default","site-content-style":"default","site-sidebar-style":"default","ast-global-header-display":"","ast-banner-title-visibility":"","ast-main-header-display":"","ast-hfb-above-header-display":"","ast-hfb-below-header-display":"","ast-hfb-mobile-header-display":"","site-post-title":"","ast-breadcrumbs-content":"","ast-featured-img":"","footer-sml-layout":"","ast-disable-related-posts":"","theme-transparent-header-meta":"","adv-header-id-meta":"","stick-header-meta":"","header-above-stick-meta":"","header-main-stick-meta":"","header-below-stick-meta":"","astra-migrate-meta-layouts":"default","ast-page-background-enabled":"default","ast-page-background-meta":{"desktop":{"background-color":"var(--ast-global-color-5)","background-image":"","background-repeat":"repeat","background-position":"center center","background-size":"auto","background-attachment":"scroll","background-type":"","background-media":"","overlay-type":"","overlay-color":"","overlay-opacity":"","overlay-gradient":""},"tablet":{"background-color":"","background-image":"","background-repeat":"repeat","background-position":"center center","background-size":"auto","background-attachment":"scroll","background-type":"","background-media":"","overlay-type":"","overlay-color":"","overlay-opacity":"","overlay-gradient":""},"mobile":{"background-color":"","background-image":"","background-repeat":"repeat","background-position":"center center","background-size":"auto","background-attachment":"scroll","background-type":"","background-media":"","overlay-type":"","overlay-color":"","overlay-opacity":"","overlay-gradient":""}},"ast-content-background-meta":{"desktop":{"background-color":"var(--ast-global-color-4)","background-image":"","background-repeat":"repeat","background-position":"center center","background-size":"auto","background-attachment":"scroll","background-type":"","background-media":"","overlay-type":"","overlay-color":"","overlay-opacity":"","overlay-gradient":""},"tablet":{"background-color":"var(--ast-global-color-4)","background-image":"","background-repeat":"repeat","background-position":"center center","background-size":"auto","background-attachment":"scroll","background-type":"","background-media":"","overlay-type":"","overlay-color":"","overlay-opacity":"","overlay-gradient":""},"mobile":{"background-color":"var(--ast-global-color-4)","background-image":"","background-repeat":"repeat","background-position":"center center","background-size":"auto","background-attachment":"scroll","background-type":"","background-media":"","overlay-type":"","overlay-color":"","overlay-opacity":"","overlay-gradient":""}}},"product_brand":[],"product_cat":[139],"product_tag":[],"class_list":{"0":"post-26558","1":"product","2":"type-product","3":"status-publish","4":"has-post-thumbnail","6":"product_cat-accessoires","7":"desktop-align-left","8":"tablet-align-left","9":"mobile-align-left","11":"first","12":"instock","13":"taxable","14":"shipping-taxable","15":"purchasable","16":"product-type-simple"},"_links":{"self":[{"href":"https:\/\/store.wattsc.com\/index.php?rest_route=\/wp\/v2\/product\/26558","targetHints":{"allow":["GET"]}}],"collection":[{"href":"https:\/\/store.wattsc.com\/index.php?rest_route=\/wp\/v2\/product"}],"about":[{"href":"https:\/\/store.wattsc.com\/index.php?rest_route=\/wp\/v2\/types\/product"}],"replies":[{"embeddable":true,"href":"https:\/\/store.wattsc.com\/index.php?rest_route=%2Fwp%2Fv2%2Fcomments&post=26558"}],"version-history":[{"count":2,"href":"https:\/\/store.wattsc.com\/index.php?rest_route=\/wp\/v2\/product\/26558\/revisions"}],"predecessor-version":[{"id":27311,"href":"https:\/\/store.wattsc.com\/index.php?rest_route=\/wp\/v2\/product\/26558\/revisions\/27311"}],"wp:featuredmedia":[{"embeddable":true,"href":"https:\/\/store.wattsc.com\/index.php?rest_route=\/wp\/v2\/media\/27360"}],"wp:attachment":[{"href":"https:\/\/store.wattsc.com\/index.php?rest_route=%2Fwp%2Fv2%2Fmedia&parent=26558"}],"wp:term":[{"taxonomy":"product_brand","embeddable":true,"href":"https:\/\/store.wattsc.com\/index.php?rest_route=%2Fwp%2Fv2%2Fproduct_brand&post=26558"},{"taxonomy":"product_cat","embeddable":true,"href":"https:\/\/store.wattsc.com\/index.php?rest_route=%2Fwp%2Fv2%2Fproduct_cat&post=26558"},{"taxonomy":"product_tag","embeddable":true,"href":"https:\/\/store.wattsc.com\/index.php?rest_route=%2Fwp%2Fv2%2Fproduct_tag&post=26558"}],"curies":[{"name":"wp","href":"https:\/\/api.w.org\/{rel}","templated":true}]}}