{"id":25868,"date":"2023-05-27T17:07:57","date_gmt":"2023-05-27T17:07:57","guid":{"rendered":"https:\/\/store.wattsc.com\/bornes-de-recharge-pour-vehicules-electriques\/"},"modified":"2023-05-27T17:07:57","modified_gmt":"2023-05-27T17:07:57","slug":"bornes-de-recharge-pour-vehicules-electriques","status":"publish","type":"page","link":"https:\/\/store.wattsc.com\/?page_id=25868","title":{"rendered":"Bornes de recharge pour v\u00e9hicules \u00e9lectriques"},"content":{"rendered":"<div id=\"particuliers\" class=\"et_pb_row et_pb_row_1 et_pb_row_3-4_1-4\">\n<div class=\"et_pb_column et_pb_column_3_4 et_pb_column_1 et_pb_css_mix_blend_mode_passthrough\">\n<div class=\"et_pb_module et_pb_text et_pb_text_1 et_pb_text_align_left et_pb_bg_layout_light et_had_animation\">\n<div class=\"et_pb_text_inner\">\n<h2><strong>Particuliers<\/strong><\/h2>\n<h3>Voiture \u00e9lectrique : pourquoi installer une borne de recharge \u00e0 domicile\u00a0?<\/h3>\n<p><strong>Charger son v\u00e9hicule \u00e9lectrique 3 fois plus vite et \u00e9viter la surchauffe des prises domestiques.<\/strong><\/p>\n<p>Il y a deux fa\u00e7ons de recharger sa voiture \u00e9lectrique \u00e0 domicile :<\/p>\n<\/div>\n<\/div>\n<\/div>\n<\/div>\n<div class=\"et_pb_row et_pb_row_2\">\n<div class=\"et_pb_column et_pb_column_1_2 et_pb_column_3 et_pb_css_mix_blend_mode_passthrough et_had_animation\">\n<div class=\"et_pb_module et_pb_blurb et_pb_blurb_0 et_pb_text_align_left et_pb_blurb_position_left et_pb_bg_layout_light\">\n<div class=\"et_pb_blurb_content\">\n<div class=\"et_pb_blurb_container\">\n<h4 class=\"et_pb_module_header\">Directement sur le r\u00e9seau domestique. En fonction du nombre d&rsquo;amp\u00e8res de la prise \u00e9lectrique domestique consid\u00e9r\u00e9e, la charge du v\u00e9hicule devrait prendre entre 12 et 19 heures.<\/h4>\n<div class=\"et_pb_blurb_description\">\n<p>Comme solution occasionnelle ou de secours, la charge sur secteur est satisfaisante. Cependant, l\u2019utilisation quotidienne et continue d\u2019une prise de courant standard n\u2019est pas recommand\u00e9e. Pour la dur\u00e9e de vie de la batterie du v\u00e9hicule et pour pr\u00e9server le lieu des risques \u00e9lectriques, il faut une installation de qualit\u00e9 et s\u00e9curis\u00e9e.<\/p>\n<\/div>\n<\/div>\n<\/div>\n<\/div>\n<\/div>\n<div class=\"et_pb_column et_pb_column_1_2 et_pb_column_4 et_pb_css_mix_blend_mode_passthrough et-last-child et_had_animation\">\n<div class=\"et_pb_module et_pb_blurb et_pb_blurb_1 et_pb_text_align_left et_pb_blurb_position_left et_pb_bg_layout_light\">\n<div class=\"et_pb_blurb_content\">\n<div class=\"et_pb_blurb_container\">\n<h4 class=\"et_pb_module_header\">Installer un chargeur sp\u00e9cialement con\u00e7u pour la recharge des voitures \u00e9lectriques. Ceux-ci deviennent de plus en plus accessibles \u00e0 mesure que la technologie se d\u00e9veloppe.<\/h4>\n<p><span class=\"et_pb_image_wrap \"><img fetchpriority=\"high\" decoding=\"async\" class=\"alignnone size-full wp-image-24101\" src=\"https:\/\/wattsc.com\/wp-content\/uploads\/2022\/11\/unknown_243517001_786020942144104_7337104812669101268_n-jpg.webp\" alt=\"\" width=\"1440\" height=\"1440\" \/><\/span><\/p>\n<div class=\"et_pb_blurb_description\">\n<p>Recharger son v\u00e9hicule 3 fois plus vite en installant une borne de recharge \u00e0 domicile.<\/p>\n<p><a href=\"https:\/\/wattsc.com\/shop\/stations-de-charge\/bornes-de-recharge\/pulsar-plus-type-2-22kw-5m\/\" target=\"_blank\" rel=\"noopener\">Les bornes de recharge \u00e9lectriques domestiques<\/a> peuvent charger un v\u00e9hicule \u00e9lectrique \u00e0 plein entre 4 et 6 heures. Et outre le gain de temps, il s\u2019agit d\u2019assurer la totale s\u00e9curit\u00e9 de son v\u00e9hicule.<\/p>\n<p>WATTSC propose la pose et la fourniture de bornes de recharge et des prises adapt\u00e9es pour les v\u00e9hicules \u00e9lectriques.<\/p>\n<\/div>\n<div class=\"et_pb_section et_pb_section_0 et_pb_with_background et_section_regular\">\n<div id=\"professionnels\" class=\"et_pb_row et_pb_row_4 et_had_animation\">\n<div class=\"et_pb_column et_pb_column_1_2 et_pb_column_7 et_pb_css_mix_blend_mode_passthrough et-last-child\">\n<div class=\"et_pb_module et_pb_text et_pb_text_2 et_pb_text_align_left et_pb_bg_layout_light\">\n<div class=\"et_pb_text_inner\">\n<h2 class=\"p1\"><strong>Professionnels<\/strong><\/h2>\n<p>Collectivit\u00e9s, centres commerciaux, gestionnaires de parc immobiliers priv\u00e9s ou sociaux, concessionnaires automobiles, WATTSC vous propose un <strong>service d\u2019installation de bornes de recharge<\/strong>\u00a0de qualit\u00e9, rapide et complet, pour vos clients ou dans le cadre de vos projets.<\/p>\n<\/div>\n<\/div>\n<\/div>\n<\/div>\n<div class=\"et_pb_row et_pb_row_5\">\n<div class=\"et_pb_column et_pb_column_4_4 et_pb_column_8 et_pb_css_mix_blend_mode_passthrough et-last-child\">\n<div class=\"et_pb_module et_pb_text et_pb_text_3 et_pb_text_align_center et_pb_bg_layout_light et_had_animation\">\n<div class=\"et_pb_text_inner\">\n<p>L\u2019installation de <a href=\"https:\/\/wattsc.com\/shop\/stations-de-charge\/bornes-de-recharge\/chargeur-wallbox-commander-2-22kw-cable-5m\/\" target=\"_blank\" rel=\"noopener\">borne de recharge<\/a> n\u00e9cessite de r\u00e9pondre \u00e0 des normes pour attester de sa conformit\u00e9 d\u2019installation, notamment d\u2019\u00eatre install\u00e9e par un installateur certifi\u00e9.<\/p>\n<\/div>\n<\/div>\n<\/div>\n<\/div>\n<div class=\"et_pb_row et_pb_row_6 et_had_animation\">\n<div class=\"et_pb_column et_pb_column_1_2 et_pb_column_9 et_pb_css_mix_blend_mode_passthrough\"><\/div>\n<\/div>\n<div class=\"et_pb_row et_pb_row_7\">\n<div class=\"et_pb_column et_pb_column_4_4 et_pb_column_11 et_pb_css_mix_blend_mode_passthrough et-last-child\">\n<div class=\"et_pb_module et_pb_text et_pb_text_4 et_pb_text_align_center et_pb_bg_layout_light et_had_animation\">\n<div class=\"et_pb_text_inner\">\n<h2 class=\"p1\">Installateur exp\u00e9riment\u00e9<\/h2>\n<\/div>\n<\/div>\n<\/div>\n<\/div>\n<\/div>\n<div class=\"et_pb_section et_pb_section_1 et_pb_with_background et_section_regular et_had_animation\">\n<div class=\"et_pb_row et_pb_row_9\">\n<div class=\"et_pb_column et_pb_column_4_4 et_pb_column_16 et_pb_css_mix_blend_mode_passthrough et-last-child\">\n<div class=\"et_pb_module et_pb_text et_pb_text_5 et_pb_text_align_center et_pb_bg_layout_light et_had_animation\">\n<div class=\"et_pb_text_inner\">\n<p>Gage suppl\u00e9mentaire de garantie d\u2019une installation de borne de recharge conforme aux normes de s\u00e9curit\u00e9, la soci\u00e9t\u00e9 WATTSC a<span style=\"letter-spacing: 0px;\">ssure la totale s\u00e9curit\u00e9 du site (commerce, habitation, bureaux) et du v\u00e9hicule; ceux sont des \u00e9l\u00e9ments essentiels avant d\u2019installer des infrastructures de recharge pour v\u00e9hicules \u00e9lectriques ou bornes de recharge.<\/span><\/p>\n<\/div>\n<\/div>\n<\/div>\n<\/div>\n<\/div>\n<div class=\"et_pb_section et_pb_section_2 et_pb_with_background et_section_regular et_had_animation\">\n<div class=\"et_pb_row et_pb_row_10\">\n<div class=\"et_pb_column et_pb_column_2_3 et_pb_column_17 et_pb_css_mix_blend_mode_passthrough\">\n<div class=\"et_pb_module et_pb_text et_pb_text_6 et_pb_text_align_left et_pb_bg_layout_light\">\n<div class=\"et_pb_text_inner\">\n<p>Pour cela, avant toute installation, l\u2019\u00e9lectricien effectuera le contr\u00f4le de l\u2019installation \u00e9lectrique existante pour s\u2019assurer de son bon fonctionnement.<\/p>\n<\/div>\n<\/div>\n<\/div>\n<div class=\"et_pb_column et_pb_column_1_3 et_pb_column_18 et_pb_css_mix_blend_mode_passthrough et-last-child\"><\/div>\n<\/div>\n<\/div>\n<\/div>\n<\/div>\n<\/div>\n<\/div>\n<\/div>\n","protected":false},"excerpt":{"rendered":"<p>Particuliers Voiture \u00e9lectrique : pourquoi installer une borne de recharge \u00e0 domicile\u00a0? Charger son v\u00e9hicule \u00e9lectrique 3 fois plus vite [&hellip;]<\/p>\n","protected":false},"author":1,"featured_media":0,"parent":0,"menu_order":0,"comment_status":"open","ping_status":"open","template":"","meta":{"content-type":"","rop_custom_images_group":[],"rop_custom_messages_group":[],"rop_publish_now":"initial","rop_publish_now_accounts":{"gmb_114395098992411388296_accounts\/114395098992411388296\/locations\/12006445379806666969":"","linkedin_vd11fNtDAd_vd11fNtDAd":"","twitter_1300405782383558656_1300405782383558656":"","tumblr_wattscdotcom_wattscdotcom":"","facebook_1791781087687796_116085383271852":"","gmb_107160579247662550978_accounts\/107160579247662550978\/locations\/12097786389432444087":"","gmb_107160579247662550978_accounts\/107160579247662550978\/locations\/10051390009109310933":"","gmb_107160579247662550978_accounts\/107160579247662550978\/locations\/12006445379806666969":"","facebook_1791781087687796_17841456517942081":"","linkedin_PK5Ejlb2VU_105025086":"","linkedin_PK5Ejlb2VU_37419926":""},"rop_publish_now_history":[],"rop_publish_now_status":"pending","site-sidebar-layout":"default","site-content-layout":"","ast-site-content-layout":"default","site-content-style":"default","site-sidebar-style":"default","ast-global-header-display":"","ast-banner-title-visibility":"","ast-main-header-display":"","ast-hfb-above-header-display":"","ast-hfb-below-header-display":"","ast-hfb-mobile-header-display":"","site-post-title":"","ast-breadcrumbs-content":"","ast-featured-img":"","footer-sml-layout":"","ast-disable-related-posts":"","theme-transparent-header-meta":"","adv-header-id-meta":"","stick-header-meta":"","header-above-stick-meta":"","header-main-stick-meta":"","header-below-stick-meta":"","astra-migrate-meta-layouts":"default","ast-page-background-enabled":"default","ast-page-background-meta":{"desktop":{"background-color":"var(--ast-global-color-5)","background-image":"","background-repeat":"repeat","background-position":"center center","background-size":"auto","background-attachment":"scroll","background-type":"","background-media":"","overlay-type":"","overlay-color":"","overlay-opacity":"","overlay-gradient":""},"tablet":{"background-color":"","background-image":"","background-repeat":"repeat","background-position":"center center","background-size":"auto","background-attachment":"scroll","background-type":"","background-media":"","overlay-type":"","overlay-color":"","overlay-opacity":"","overlay-gradient":""},"mobile":{"background-color":"","background-image":"","background-repeat":"repeat","background-position":"center center","background-size":"auto","background-attachment":"scroll","background-type":"","background-media":"","overlay-type":"","overlay-color":"","overlay-opacity":"","overlay-gradient":""}},"ast-content-background-meta":{"desktop":{"background-color":"var(--ast-global-color-4)","background-image":"","background-repeat":"repeat","background-position":"center center","background-size":"auto","background-attachment":"scroll","background-type":"","background-media":"","overlay-type":"","overlay-color":"","overlay-opacity":"","overlay-gradient":""},"tablet":{"background-color":"var(--ast-global-color-4)","background-image":"","background-repeat":"repeat","background-position":"center center","background-size":"auto","background-attachment":"scroll","background-type":"","background-media":"","overlay-type":"","overlay-color":"","overlay-opacity":"","overlay-gradient":""},"mobile":{"background-color":"var(--ast-global-color-4)","background-image":"","background-repeat":"repeat","background-position":"center center","background-size":"auto","background-attachment":"scroll","background-type":"","background-media":"","overlay-type":"","overlay-color":"","overlay-opacity":"","overlay-gradient":""}},"footnotes":""},"class_list":["post-25868","page","type-page","status-publish","hentry"],"_links":{"self":[{"href":"https:\/\/store.wattsc.com\/index.php?rest_route=\/wp\/v2\/pages\/25868","targetHints":{"allow":["GET"]}}],"collection":[{"href":"https:\/\/store.wattsc.com\/index.php?rest_route=\/wp\/v2\/pages"}],"about":[{"href":"https:\/\/store.wattsc.com\/index.php?rest_route=\/wp\/v2\/types\/page"}],"author":[{"embeddable":true,"href":"https:\/\/store.wattsc.com\/index.php?rest_route=\/wp\/v2\/users\/1"}],"replies":[{"embeddable":true,"href":"https:\/\/store.wattsc.com\/index.php?rest_route=%2Fwp%2Fv2%2Fcomments&post=25868"}],"version-history":[{"count":0,"href":"https:\/\/store.wattsc.com\/index.php?rest_route=\/wp\/v2\/pages\/25868\/revisions"}],"wp:attachment":[{"href":"https:\/\/store.wattsc.com\/index.php?rest_route=%2Fwp%2Fv2%2Fmedia&parent=25868"}],"curies":[{"name":"wp","href":"https:\/\/api.w.org\/{rel}","templated":true}]}}