{"id":25863,"date":"2023-05-27T17:07:22","date_gmt":"2023-05-27T17:07:22","guid":{"rendered":"https:\/\/store.wattsc.com\/modalites-de-livraison\/"},"modified":"2023-05-27T17:07:22","modified_gmt":"2023-05-27T17:07:22","slug":"modalites-de-livraison","status":"publish","type":"page","link":"https:\/\/store.wattsc.com\/?page_id=25863","title":{"rendered":"Modalit\u00e9s de livraison"},"content":{"rendered":"\n<p><strong>Modes de livraison<\/strong><\/p>\n\n\n\n<p>Les produits sont livr\u00e9s \u00e0 domicile par nos partenaires logistiques ( Amana Express, Aramex, SPEEDYAF\u2026)<\/p>\n\n\n\n<p>Avant la livraison vous \u00eates pr\u00e9venu par notre service et Amana vous contactera avant la livraison par t\u00e9l\u00e9phone. En cas d\u2019absence lors de la livraison le colis sera disponible au bureau de poste le plus proche<\/p>\n\n\n\n<p><strong>Adresse de livraison<\/strong><\/p>\n\n\n\n<p>Les produits sont livr\u00e9s \u00e0 l\u2019adresse indiqu\u00e9e par le Client sur le bon de commande.<\/p>\n\n\n\n<p>Le Client se doit de v\u00e9rifier l\u2019exhaustivit\u00e9 et la conformit\u00e9 des renseignements qu\u2019il fournit \u00e0 la soci\u00e9t\u00e9. Cette derni\u00e8re ne saurait \u00eatre tenue responsable d\u2019\u00e9ventuelles erreurs de saisie et des cons\u00e9quences en termes de retard ou d\u2019erreur de livraison.<\/p>\n\n\n\n<p>Dans ce contexte, tous les frais engag\u00e9s pour la r\u00e9exp\u00e9dition de la commande seront enti\u00e8rement \u00e0 la charge du Client.<\/p>\n\n\n\n<p><strong>D\u00e9lais de livraison &nbsp;<\/strong><\/p>\n\n\n\n<p>L\u2019envoi de la commande est effectu\u00e9 le jour m\u00eame de la validation du paiement, sous des d\u00e9lais garantis allant de 1 \u00e0 2 jours en fonction des destinations.<\/p>\n\n\n\n<p>Les livraisons s\u2019effectuent du lundi au samedi matin, sauf jours f\u00e9ri\u00e9s.<\/p>\n\n\n\n<p>Un courrier \u00e9lectronique est envoy\u00e9 au Client au moment de l\u2019envoi de la commande sous r\u00e9serve que l\u2019adresse \u00e9lectronique indiqu\u00e9e dans le formulaire d\u2019inscription ne comporte pas d\u2019erreur.<\/p>\n\n\n\n<p><strong>Paiement \u00e0 la livraison<\/strong><\/p>\n\n\n\n<p>Dans le cas o\u00f9 vous optez pour un paiement \u00e0 la livraison, votre colis sera exp\u00e9di\u00e9 apr\u00e8s traitement et validation par notre service commercial. une fois votre commande valid\u00e9e, vous recevrez votre colis sous 24-48h.<\/p>\n","protected":false},"excerpt":{"rendered":"<p>Modes de livraison Les produits sont livr\u00e9s \u00e0 domicile par nos partenaires logistiques ( Amana Express, Aramex, SPEEDYAF\u2026) Avant la [&hellip;]<\/p>\n","protected":false},"author":1,"featured_media":0,"parent":0,"menu_order":0,"comment_status":"open","ping_status":"open","template":"","meta":{"content-type":"","rop_custom_images_group":[],"rop_custom_messages_group":[],"rop_publish_now":"initial","rop_publish_now_accounts":{"gmb_114395098992411388296_accounts\/114395098992411388296\/locations\/12006445379806666969":"","linkedin_vd11fNtDAd_vd11fNtDAd":"","twitter_1300405782383558656_1300405782383558656":"","tumblr_wattscdotcom_wattscdotcom":"","facebook_1791781087687796_116085383271852":"","gmb_107160579247662550978_accounts\/107160579247662550978\/locations\/12097786389432444087":"","gmb_107160579247662550978_accounts\/107160579247662550978\/locations\/10051390009109310933":"","gmb_107160579247662550978_accounts\/107160579247662550978\/locations\/12006445379806666969":"","facebook_1791781087687796_17841456517942081":"","linkedin_PK5Ejlb2VU_105025086":"","linkedin_PK5Ejlb2VU_37419926":""},"rop_publish_now_history":[],"rop_publish_now_status":"pending","site-sidebar-layout":"default","site-content-layout":"","ast-site-content-layout":"default","site-content-style":"default","site-sidebar-style":"default","ast-global-header-display":"","ast-banner-title-visibility":"","ast-main-header-display":"","ast-hfb-above-header-display":"","ast-hfb-below-header-display":"","ast-hfb-mobile-header-display":"","site-post-title":"","ast-breadcrumbs-content":"","ast-featured-img":"","footer-sml-layout":"","ast-disable-related-posts":"","theme-transparent-header-meta":"","adv-header-id-meta":"","stick-header-meta":"","header-above-stick-meta":"","header-main-stick-meta":"","header-below-stick-meta":"","astra-migrate-meta-layouts":"default","ast-page-background-enabled":"default","ast-page-background-meta":{"desktop":{"background-color":"var(--ast-global-color-5)","background-image":"","background-repeat":"repeat","background-position":"center center","background-size":"auto","background-attachment":"scroll","background-type":"","background-media":"","overlay-type":"","overlay-color":"","overlay-opacity":"","overlay-gradient":""},"tablet":{"background-color":"","background-image":"","background-repeat":"repeat","background-position":"center center","background-size":"auto","background-attachment":"scroll","background-type":"","background-media":"","overlay-type":"","overlay-color":"","overlay-opacity":"","overlay-gradient":""},"mobile":{"background-color":"","background-image":"","background-repeat":"repeat","background-position":"center center","background-size":"auto","background-attachment":"scroll","background-type":"","background-media":"","overlay-type":"","overlay-color":"","overlay-opacity":"","overlay-gradient":""}},"ast-content-background-meta":{"desktop":{"background-color":"var(--ast-global-color-4)","background-image":"","background-repeat":"repeat","background-position":"center center","background-size":"auto","background-attachment":"scroll","background-type":"","background-media":"","overlay-type":"","overlay-color":"","overlay-opacity":"","overlay-gradient":""},"tablet":{"background-color":"var(--ast-global-color-4)","background-image":"","background-repeat":"repeat","background-position":"center center","background-size":"auto","background-attachment":"scroll","background-type":"","background-media":"","overlay-type":"","overlay-color":"","overlay-opacity":"","overlay-gradient":""},"mobile":{"background-color":"var(--ast-global-color-4)","background-image":"","background-repeat":"repeat","background-position":"center center","background-size":"auto","background-attachment":"scroll","background-type":"","background-media":"","overlay-type":"","overlay-color":"","overlay-opacity":"","overlay-gradient":""}},"footnotes":""},"class_list":["post-25863","page","type-page","status-publish","hentry"],"_links":{"self":[{"href":"https:\/\/store.wattsc.com\/index.php?rest_route=\/wp\/v2\/pages\/25863","targetHints":{"allow":["GET"]}}],"collection":[{"href":"https:\/\/store.wattsc.com\/index.php?rest_route=\/wp\/v2\/pages"}],"about":[{"href":"https:\/\/store.wattsc.com\/index.php?rest_route=\/wp\/v2\/types\/page"}],"author":[{"embeddable":true,"href":"https:\/\/store.wattsc.com\/index.php?rest_route=\/wp\/v2\/users\/1"}],"replies":[{"embeddable":true,"href":"https:\/\/store.wattsc.com\/index.php?rest_route=%2Fwp%2Fv2%2Fcomments&post=25863"}],"version-history":[{"count":0,"href":"https:\/\/store.wattsc.com\/index.php?rest_route=\/wp\/v2\/pages\/25863\/revisions"}],"wp:attachment":[{"href":"https:\/\/store.wattsc.com\/index.php?rest_route=%2Fwp%2Fv2%2Fmedia&parent=25863"}],"curies":[{"name":"wp","href":"https:\/\/api.w.org\/{rel}","templated":true}]}}