{"id":25862,"date":"2023-05-27T17:07:22","date_gmt":"2023-05-27T17:07:22","guid":{"rendered":"https:\/\/store.wattsc.com\/comment-acheter\/"},"modified":"2023-05-27T17:07:22","modified_gmt":"2023-05-27T17:07:22","slug":"comment-acheter","status":"publish","type":"page","link":"https:\/\/store.wattsc.com\/?page_id=25862","title":{"rendered":"Comment acheter"},"content":{"rendered":"\n<p>Un article vous int\u00e9resse et vous voulez le r\u00e9server avant que quelqu\u2019un ne le fasse avant vous? C\u2019est simple, cliquez vite sur le bouton \u00ab&nbsp;Commander&nbsp;\u00bb figurant sur l\u2019article de votre choix, cr\u00e9er votre compte en quelques secondes et validez votre commande, OU, appelez vite le le 0652825354, nos commerciaux auront le grand plaisir de vous conseiller, de vous orienter et de mettre le point avec vous sur les modalit\u00e9s d\u2019achat et de livraison selon votre ville et votre moyen de paiement.<\/p>\n\n\n\n<p><strong>Livraison et paiement \u00e0 Casablanca:<\/strong><\/p>\n\n\n\n<p>Gratuite \u00e0 partir de 500 Dhs d\u2019achats, sinon les frais de livraison sont de 30 Dhs. Le paiement se fait en esp\u00e8ce ou par carte via paiment s\u00e9curis\u00e9 assur\u00e9 par notre acqu\u00e9reur partenaire CMI.CO.MA, apr\u00e8s avoir examin\u00e9 votre produit.<\/p>\n\n\n\n<p><strong>Livraison et paiement sur les autres villes du royaume:<\/strong><\/p>\n\n\n\n<p>Pour les villes Hors Casablanca, le paiement se fait \u00e0 l\u2019avance par virement \/ versement bancaire ou en ligne (carte bancaire marocaine). Une fois le paiement re\u00e7u, nous proc\u00e9dons imm\u00e9diatement \u00e0 l\u2019envoi de votre colis.<\/p>\n\n\n\n<p>Les instructions de paiement n\u00e9cessaires pour effectuer votre paiement vous seront envoy\u00e9es par email apr\u00e8s validation de votre commande par notre \u00e9quipe commerciale. Les frais de livraison s\u2019\u00e9l\u00e8vent \u00e0 49 Dhs TTC (Option fragile + Assurance colis inclus) pour toutes commandes hors Casablanca. L\u2019envoi se fait \u00e0 travers nos partenaires Amana Express\u00ae (service de Barid Al Maghrib) ou bien Aramex\u00ae. Les d\u00e9lais de livraison varient selon la destination et la conjoncture au moment de l\u2019envoi.<\/p>\n","protected":false},"excerpt":{"rendered":"<p>Un article vous int\u00e9resse et vous voulez le r\u00e9server avant que quelqu\u2019un ne le fasse avant vous? C\u2019est simple, cliquez [&hellip;]<\/p>\n","protected":false},"author":1,"featured_media":0,"parent":0,"menu_order":0,"comment_status":"open","ping_status":"open","template":"","meta":{"content-type":"","rop_custom_images_group":[],"rop_custom_messages_group":[],"rop_publish_now":"initial","rop_publish_now_accounts":{"gmb_114395098992411388296_accounts\/114395098992411388296\/locations\/12006445379806666969":"","linkedin_vd11fNtDAd_vd11fNtDAd":"","twitter_1300405782383558656_1300405782383558656":"","tumblr_wattscdotcom_wattscdotcom":"","facebook_1791781087687796_116085383271852":"","gmb_107160579247662550978_accounts\/107160579247662550978\/locations\/12097786389432444087":"","gmb_107160579247662550978_accounts\/107160579247662550978\/locations\/10051390009109310933":"","gmb_107160579247662550978_accounts\/107160579247662550978\/locations\/12006445379806666969":"","facebook_1791781087687796_17841456517942081":"","linkedin_PK5Ejlb2VU_105025086":"","linkedin_PK5Ejlb2VU_37419926":""},"rop_publish_now_history":[],"rop_publish_now_status":"pending","site-sidebar-layout":"default","site-content-layout":"","ast-site-content-layout":"default","site-content-style":"default","site-sidebar-style":"default","ast-global-header-display":"","ast-banner-title-visibility":"","ast-main-header-display":"","ast-hfb-above-header-display":"","ast-hfb-below-header-display":"","ast-hfb-mobile-header-display":"","site-post-title":"","ast-breadcrumbs-content":"","ast-featured-img":"","footer-sml-layout":"","ast-disable-related-posts":"","theme-transparent-header-meta":"","adv-header-id-meta":"","stick-header-meta":"","header-above-stick-meta":"","header-main-stick-meta":"","header-below-stick-meta":"","astra-migrate-meta-layouts":"default","ast-page-background-enabled":"default","ast-page-background-meta":{"desktop":{"background-color":"var(--ast-global-color-5)","background-image":"","background-repeat":"repeat","background-position":"center center","background-size":"auto","background-attachment":"scroll","background-type":"","background-media":"","overlay-type":"","overlay-color":"","overlay-opacity":"","overlay-gradient":""},"tablet":{"background-color":"","background-image":"","background-repeat":"repeat","background-position":"center center","background-size":"auto","background-attachment":"scroll","background-type":"","background-media":"","overlay-type":"","overlay-color":"","overlay-opacity":"","overlay-gradient":""},"mobile":{"background-color":"","background-image":"","background-repeat":"repeat","background-position":"center center","background-size":"auto","background-attachment":"scroll","background-type":"","background-media":"","overlay-type":"","overlay-color":"","overlay-opacity":"","overlay-gradient":""}},"ast-content-background-meta":{"desktop":{"background-color":"var(--ast-global-color-4)","background-image":"","background-repeat":"repeat","background-position":"center center","background-size":"auto","background-attachment":"scroll","background-type":"","background-media":"","overlay-type":"","overlay-color":"","overlay-opacity":"","overlay-gradient":""},"tablet":{"background-color":"var(--ast-global-color-4)","background-image":"","background-repeat":"repeat","background-position":"center center","background-size":"auto","background-attachment":"scroll","background-type":"","background-media":"","overlay-type":"","overlay-color":"","overlay-opacity":"","overlay-gradient":""},"mobile":{"background-color":"var(--ast-global-color-4)","background-image":"","background-repeat":"repeat","background-position":"center center","background-size":"auto","background-attachment":"scroll","background-type":"","background-media":"","overlay-type":"","overlay-color":"","overlay-opacity":"","overlay-gradient":""}},"footnotes":""},"class_list":["post-25862","page","type-page","status-publish","hentry"],"_links":{"self":[{"href":"https:\/\/store.wattsc.com\/index.php?rest_route=\/wp\/v2\/pages\/25862","targetHints":{"allow":["GET"]}}],"collection":[{"href":"https:\/\/store.wattsc.com\/index.php?rest_route=\/wp\/v2\/pages"}],"about":[{"href":"https:\/\/store.wattsc.com\/index.php?rest_route=\/wp\/v2\/types\/page"}],"author":[{"embeddable":true,"href":"https:\/\/store.wattsc.com\/index.php?rest_route=\/wp\/v2\/users\/1"}],"replies":[{"embeddable":true,"href":"https:\/\/store.wattsc.com\/index.php?rest_route=%2Fwp%2Fv2%2Fcomments&post=25862"}],"version-history":[{"count":0,"href":"https:\/\/store.wattsc.com\/index.php?rest_route=\/wp\/v2\/pages\/25862\/revisions"}],"wp:attachment":[{"href":"https:\/\/store.wattsc.com\/index.php?rest_route=%2Fwp%2Fv2%2Fmedia&parent=25862"}],"curies":[{"name":"wp","href":"https:\/\/api.w.org\/{rel}","templated":true}]}}