{"id":25858,"date":"2023-05-27T17:07:22","date_gmt":"2023-05-27T17:07:22","guid":{"rendered":"https:\/\/store.wattsc.com\/droit-de-retractation\/"},"modified":"2023-05-27T17:07:22","modified_gmt":"2023-05-27T17:07:22","slug":"droit-de-retractation","status":"publish","type":"page","link":"https:\/\/store.wattsc.com\/?page_id=25858","title":{"rendered":"Droit de r\u00e9tractation"},"content":{"rendered":"\n<h2 class=\"wp-block-heading\" id=\"h-droit-de-retractation\">Droit de r\u00e9tractation<\/h2>\n\n\n\n<h2 class=\"wp-block-heading\" id=\"h-tout-echange-de-produit-non-debale-dans-son-etat-d-origine-et-non-utilise-est-possible-dans-un-delai-de-24h-hors-produits-en-promotions\"><strong>Tout \u00e9change de produit non d\u00e9bal\u00e9 dans son \u00e9tat d\u2019origine et non utilis\u00e9 est possible dans un d\u00e9lai de 24h (hors produits en promotions).&nbsp;<\/strong><\/h2>\n\n\n\n<p>A compter de la date de livraison de votre commande, vous disposez d\u2019un d\u00e9lais de 7 jours pour faire valoir votre droit de r\u00e9tractation, et \u00eatre int\u00e9gralement rembours\u00e9. Les frais de renvoi des marchandises restant \u00e0 votre charge. Cependant, seules les marchandises retourn\u00e9es en parfait \u00e9tat de revente, compl\u00e8tes et dans leur emballage d\u2019origine (non-ouvert) pourront \u00eatre rembours\u00e9es.<\/p>\n","protected":false},"excerpt":{"rendered":"<p>Droit de r\u00e9tractation Tout \u00e9change de produit non d\u00e9bal\u00e9 dans son \u00e9tat d\u2019origine et non utilis\u00e9 est possible dans un [&hellip;]<\/p>\n","protected":false},"author":1,"featured_media":0,"parent":0,"menu_order":0,"comment_status":"open","ping_status":"open","template":"","meta":{"content-type":"","rop_custom_images_group":[],"rop_custom_messages_group":[],"rop_publish_now":"initial","rop_publish_now_accounts":{"gmb_114395098992411388296_accounts\/114395098992411388296\/locations\/12006445379806666969":"","linkedin_vd11fNtDAd_vd11fNtDAd":"","twitter_1300405782383558656_1300405782383558656":"","tumblr_wattscdotcom_wattscdotcom":"","facebook_1791781087687796_116085383271852":"","gmb_107160579247662550978_accounts\/107160579247662550978\/locations\/12097786389432444087":"","gmb_107160579247662550978_accounts\/107160579247662550978\/locations\/10051390009109310933":"","gmb_107160579247662550978_accounts\/107160579247662550978\/locations\/12006445379806666969":"","facebook_1791781087687796_17841456517942081":"","linkedin_PK5Ejlb2VU_105025086":"","linkedin_PK5Ejlb2VU_37419926":""},"rop_publish_now_history":[],"rop_publish_now_status":"pending","site-sidebar-layout":"default","site-content-layout":"","ast-site-content-layout":"default","site-content-style":"default","site-sidebar-style":"default","ast-global-header-display":"","ast-banner-title-visibility":"","ast-main-header-display":"","ast-hfb-above-header-display":"","ast-hfb-below-header-display":"","ast-hfb-mobile-header-display":"","site-post-title":"","ast-breadcrumbs-content":"","ast-featured-img":"","footer-sml-layout":"","ast-disable-related-posts":"","theme-transparent-header-meta":"","adv-header-id-meta":"","stick-header-meta":"","header-above-stick-meta":"","header-main-stick-meta":"","header-below-stick-meta":"","astra-migrate-meta-layouts":"default","ast-page-background-enabled":"default","ast-page-background-meta":{"desktop":{"background-color":"var(--ast-global-color-5)","background-image":"","background-repeat":"repeat","background-position":"center center","background-size":"auto","background-attachment":"scroll","background-type":"","background-media":"","overlay-type":"","overlay-color":"","overlay-opacity":"","overlay-gradient":""},"tablet":{"background-color":"","background-image":"","background-repeat":"repeat","background-position":"center center","background-size":"auto","background-attachment":"scroll","background-type":"","background-media":"","overlay-type":"","overlay-color":"","overlay-opacity":"","overlay-gradient":""},"mobile":{"background-color":"","background-image":"","background-repeat":"repeat","background-position":"center center","background-size":"auto","background-attachment":"scroll","background-type":"","background-media":"","overlay-type":"","overlay-color":"","overlay-opacity":"","overlay-gradient":""}},"ast-content-background-meta":{"desktop":{"background-color":"var(--ast-global-color-4)","background-image":"","background-repeat":"repeat","background-position":"center center","background-size":"auto","background-attachment":"scroll","background-type":"","background-media":"","overlay-type":"","overlay-color":"","overlay-opacity":"","overlay-gradient":""},"tablet":{"background-color":"var(--ast-global-color-4)","background-image":"","background-repeat":"repeat","background-position":"center center","background-size":"auto","background-attachment":"scroll","background-type":"","background-media":"","overlay-type":"","overlay-color":"","overlay-opacity":"","overlay-gradient":""},"mobile":{"background-color":"var(--ast-global-color-4)","background-image":"","background-repeat":"repeat","background-position":"center center","background-size":"auto","background-attachment":"scroll","background-type":"","background-media":"","overlay-type":"","overlay-color":"","overlay-opacity":"","overlay-gradient":""}},"footnotes":""},"class_list":["post-25858","page","type-page","status-publish","hentry"],"_links":{"self":[{"href":"https:\/\/store.wattsc.com\/index.php?rest_route=\/wp\/v2\/pages\/25858","targetHints":{"allow":["GET"]}}],"collection":[{"href":"https:\/\/store.wattsc.com\/index.php?rest_route=\/wp\/v2\/pages"}],"about":[{"href":"https:\/\/store.wattsc.com\/index.php?rest_route=\/wp\/v2\/types\/page"}],"author":[{"embeddable":true,"href":"https:\/\/store.wattsc.com\/index.php?rest_route=\/wp\/v2\/users\/1"}],"replies":[{"embeddable":true,"href":"https:\/\/store.wattsc.com\/index.php?rest_route=%2Fwp%2Fv2%2Fcomments&post=25858"}],"version-history":[{"count":0,"href":"https:\/\/store.wattsc.com\/index.php?rest_route=\/wp\/v2\/pages\/25858\/revisions"}],"wp:attachment":[{"href":"https:\/\/store.wattsc.com\/index.php?rest_route=%2Fwp%2Fv2%2Fmedia&parent=25858"}],"curies":[{"name":"wp","href":"https:\/\/api.w.org\/{rel}","templated":true}]}}