{"id":25857,"date":"2023-05-27T17:07:22","date_gmt":"2023-05-27T17:07:22","guid":{"rendered":"https:\/\/store.wattsc.com\/mentions-legales\/"},"modified":"2023-05-27T17:07:22","modified_gmt":"2023-05-27T17:07:22","slug":"mentions-legales","status":"publish","type":"page","link":"https:\/\/store.wattsc.com\/?page_id=25857","title":{"rendered":"Mentions l\u00e9gales"},"content":{"rendered":"\n<h1 class=\"wp-block-heading\" id=\"h-mentions-legales\">Mentions l\u00e9gales<\/h1>\n\n\n\n<p>En visitant et en utilisant le site\u00a0www.wattsc.com\u00a0vous marquez votre accord avec les pr\u00e9sentes mentions l\u00e9gales.<\/p>\n\n\n\n<p>Celles-ci peuvent \u00eatre modifi\u00e9es \u00e0 tout moment par le responsable de publication de ce site. Le visiteur dispose de la facult\u00e9 de sauvegarder ou d\u2019\u00e9diter les pr\u00e9sentes mentions l\u00e9gales, \u00e9tant pr\u00e9cis\u00e9 que tant la sauvegarde que l\u2019\u00e9dition de ce document rel\u00e8vent de sa seule responsabilit\u00e9.<\/p>\n\n\n\n<p><strong>Editeur du site :<\/strong><\/p>\n\n\n\n<p>Le site\u00a0<a href=\"http:\/\/www.factory-3d.com\/\" target=\"_blank\" rel=\"noreferrer noopener\">www.<\/a><a href=\"http:\/\/wattsc.com\" target=\"_blank\" rel=\"noopener\">wattsc.com<\/a> est \u00e9dit\u00e9 par la soci\u00e9t\u00e9 WATTSC SARL au capital de 100.000 dirhams, dont le si\u00e8ge social est situ\u00e9 46, BD Zerktouni ETG 2 N\u00b0 6 Casablanca, Maroc, immatricul\u00e9e au registre du commerce de Casablanca sous le num\u00e9ro 456403.<\/p>\n\n\n\n<p><strong>Capital<\/strong>&nbsp;:100 000,00 MAD<\/p>\n\n\n\n<p><strong>R.C<\/strong>&nbsp;: 456403<\/p>\n\n\n\n<p><strong>Patente<\/strong>&nbsp;: 34259093<\/p>\n\n\n\n<p><strong>I.F<\/strong>&nbsp;: 42748870<\/p>\n\n\n\n<p><strong>C.N.S.S<\/strong>&nbsp;: 2426976<\/p>\n\n\n\n<p><strong>I.C.E&nbsp;<\/strong>: 002382243000042<\/p>\n\n\n\n<p><strong>RIB<\/strong>&nbsp;: 007 780 0003103000000287 80<\/p>\n\n\n\n<p><a href=\"mailto:contact@wattsc.com\">contact@wattsc.com<\/a>\u00a0<\/p>\n\n\n\n<p><strong>H\u00e9bergeur :<\/strong><\/p>\n\n\n\n<p>Namecheap.com \u2013 UK (located in the UK)<\/p>\n\n\n\n<p><strong>Engagements :<\/strong><\/p>\n\n\n\n<p>Nous ne communiquons jamais vos informations personnelles \u00e0 des tierces personnes.<br>En application du Dahir n\u00b01-09-15 du 22 Safar 1430 (18 f\u00e9vrier2009) portant promulgation de la loi n\u00b0 09-08 relative \u00e0 la protection des personnes physiques \u00e0 l\u2019\u00e9gard du traitement des donn\u00e9es \u00e0 caract\u00e8re personnel, chaque internaute dispose des droits d\u2019opposition (article 9 de la loi), d\u2019acc\u00e8s (articles 7, 30, et 53 de la loi) et de rectification (article 53 de la loi) des donn\u00e9es le concernant. Ainsi, il peut exiger que soient rectifi\u00e9es, compl\u00e9t\u00e9es, clarifi\u00e9es, mises \u00e0 jour ou effac\u00e9es les informations le concernant qui sont inexactes, incompl\u00e8tes, \u00e9quivoques, p\u00e9rim\u00e9es, ou dont la collecte ou l\u2019utilisation, la communication ou la conservation est interdite. Chaque internaute peut exercer ces droits en adressant un email \u00e0 l\u2019adresse suivante\u00a0:\u00a0<a href=\"mailto:contact@wattsc.com\">contact@wattsc.com<\/a>\u00a0<\/p>\n\n\n\n<p><strong>Propri\u00e9t\u00e9 intellectuelle :<\/strong><\/p>\n\n\n\n<p>Tous les textes, images, photographies, logos et cr\u00e9ations textuelles ou graphiques reproduits et int\u00e9gr\u00e9s sur le site\u00a0<a href=\"http:\/\/www.factory-3d.com\/\" target=\"_blank\" rel=\"noreferrer noopener\">www.<\/a><a href=\"http:\/\/wattsc.com\" target=\"_blank\" rel=\"noopener\">wattsc.com<\/a>\u00a0sont prot\u00e9g\u00e9s au titre notamment de la propri\u00e9t\u00e9 intellectuelle et du droit d\u2019auteur. Conform\u00e9ment aux dispositions du code de la propri\u00e9t\u00e9 intellectuelle, seule l\u2019utilisation pour un usage priv\u00e9 est autoris\u00e9e. Toute reproduction totale ou partielle du site\u00a0<a href=\"http:\/\/www.factory-3d.com\/\" target=\"_blank\" rel=\"noreferrer noopener\"><a href=\"http:\/\/www.factory-3d.com\/\" target=\"_blank\" rel=\"noreferrer noopener\">www.<\/a><a href=\"http:\/\/wattsc.com\" target=\"_blank\" rel=\"noopener\">wattsc.com<\/a><\/a>\u00a0est strictement interdite.<\/p>\n\n\n\n<p><strong>Cookies:<\/strong><\/p>\n\n\n\n<p>Un \u00ab\u00a0Cookie\u00a0\u00bb permet l\u2019identification de l\u2019utilisateur, la personnalisation de sa consultation du site\u00a0<a href=\"http:\/\/www.factory-3d.com\/\" target=\"_blank\" rel=\"noreferrer noopener\">www.<\/a><a href=\"http:\/\/wattsc.com\" target=\"_blank\" rel=\"noopener\">wattsc.com<\/a>\u00a0et l\u2019acc\u00e9l\u00e9ration de la mise en page du site gr\u00e2ce \u00e0 l\u2019enregistrement d\u2019un l\u00e9ger fichier de donn\u00e9es sur son ordinateur.<\/p>\n\n\n\n<p>L\u2019utilisateur reconna\u00eet \u00eatre inform\u00e9 de cette pratique et autorise WATTSC \u00e0 y proc\u00e9der.<\/p>\n\n\n\n<p>En tout \u00e9tat de cause, WATTSC s\u2019engage \u00e0 ne jamais communiquer le contenu de ces \u00ab&nbsp;cookies&nbsp;\u00bb \u00e0 des tierces personnes, sauf en cas de r\u00e9quisition l\u00e9gale.<\/p>\n","protected":false},"excerpt":{"rendered":"<p>Mentions l\u00e9gales En visitant et en utilisant le site\u00a0www.wattsc.com\u00a0vous marquez votre accord avec les pr\u00e9sentes mentions l\u00e9gales. Celles-ci peuvent \u00eatre [&hellip;]<\/p>\n","protected":false},"author":1,"featured_media":0,"parent":0,"menu_order":0,"comment_status":"open","ping_status":"open","template":"","meta":{"content-type":"","rop_custom_images_group":[],"rop_custom_messages_group":[],"rop_publish_now":"initial","rop_publish_now_accounts":{"gmb_114395098992411388296_accounts\/114395098992411388296\/locations\/12006445379806666969":"","linkedin_vd11fNtDAd_vd11fNtDAd":"","twitter_1300405782383558656_1300405782383558656":"","tumblr_wattscdotcom_wattscdotcom":"","facebook_1791781087687796_116085383271852":"","gmb_107160579247662550978_accounts\/107160579247662550978\/locations\/12097786389432444087":"","gmb_107160579247662550978_accounts\/107160579247662550978\/locations\/10051390009109310933":"","gmb_107160579247662550978_accounts\/107160579247662550978\/locations\/12006445379806666969":"","facebook_1791781087687796_17841456517942081":"","linkedin_PK5Ejlb2VU_105025086":"","linkedin_PK5Ejlb2VU_37419926":""},"rop_publish_now_history":[],"rop_publish_now_status":"pending","site-sidebar-layout":"default","site-content-layout":"","ast-site-content-layout":"default","site-content-style":"default","site-sidebar-style":"default","ast-global-header-display":"","ast-banner-title-visibility":"","ast-main-header-display":"","ast-hfb-above-header-display":"","ast-hfb-below-header-display":"","ast-hfb-mobile-header-display":"","site-post-title":"","ast-breadcrumbs-content":"","ast-featured-img":"","footer-sml-layout":"","ast-disable-related-posts":"","theme-transparent-header-meta":"","adv-header-id-meta":"","stick-header-meta":"","header-above-stick-meta":"","header-main-stick-meta":"","header-below-stick-meta":"","astra-migrate-meta-layouts":"default","ast-page-background-enabled":"default","ast-page-background-meta":{"desktop":{"background-color":"var(--ast-global-color-5)","background-image":"","background-repeat":"repeat","background-position":"center center","background-size":"auto","background-attachment":"scroll","background-type":"","background-media":"","overlay-type":"","overlay-color":"","overlay-opacity":"","overlay-gradient":""},"tablet":{"background-color":"","background-image":"","background-repeat":"repeat","background-position":"center center","background-size":"auto","background-attachment":"scroll","background-type":"","background-media":"","overlay-type":"","overlay-color":"","overlay-opacity":"","overlay-gradient":""},"mobile":{"background-color":"","background-image":"","background-repeat":"repeat","background-position":"center center","background-size":"auto","background-attachment":"scroll","background-type":"","background-media":"","overlay-type":"","overlay-color":"","overlay-opacity":"","overlay-gradient":""}},"ast-content-background-meta":{"desktop":{"background-color":"var(--ast-global-color-4)","background-image":"","background-repeat":"repeat","background-position":"center center","background-size":"auto","background-attachment":"scroll","background-type":"","background-media":"","overlay-type":"","overlay-color":"","overlay-opacity":"","overlay-gradient":""},"tablet":{"background-color":"var(--ast-global-color-4)","background-image":"","background-repeat":"repeat","background-position":"center center","background-size":"auto","background-attachment":"scroll","background-type":"","background-media":"","overlay-type":"","overlay-color":"","overlay-opacity":"","overlay-gradient":""},"mobile":{"background-color":"var(--ast-global-color-4)","background-image":"","background-repeat":"repeat","background-position":"center center","background-size":"auto","background-attachment":"scroll","background-type":"","background-media":"","overlay-type":"","overlay-color":"","overlay-opacity":"","overlay-gradient":""}},"footnotes":""},"class_list":["post-25857","page","type-page","status-publish","hentry"],"_links":{"self":[{"href":"https:\/\/store.wattsc.com\/index.php?rest_route=\/wp\/v2\/pages\/25857","targetHints":{"allow":["GET"]}}],"collection":[{"href":"https:\/\/store.wattsc.com\/index.php?rest_route=\/wp\/v2\/pages"}],"about":[{"href":"https:\/\/store.wattsc.com\/index.php?rest_route=\/wp\/v2\/types\/page"}],"author":[{"embeddable":true,"href":"https:\/\/store.wattsc.com\/index.php?rest_route=\/wp\/v2\/users\/1"}],"replies":[{"embeddable":true,"href":"https:\/\/store.wattsc.com\/index.php?rest_route=%2Fwp%2Fv2%2Fcomments&post=25857"}],"version-history":[{"count":0,"href":"https:\/\/store.wattsc.com\/index.php?rest_route=\/wp\/v2\/pages\/25857\/revisions"}],"wp:attachment":[{"href":"https:\/\/store.wattsc.com\/index.php?rest_route=%2Fwp%2Fv2%2Fmedia&parent=25857"}],"curies":[{"name":"wp","href":"https:\/\/api.w.org\/{rel}","templated":true}]}}