{"id":25845,"date":"2023-05-27T17:06:32","date_gmt":"2023-05-27T17:06:32","guid":{"rendered":"https:\/\/store.wattsc.com\/mobilite-electrique-solution-de-parc-de-velos-electriques-au-maroc\/"},"modified":"2023-05-27T17:06:32","modified_gmt":"2023-05-27T17:06:32","slug":"mobilite-electrique-solution-de-parc-de-velos-electriques-au-maroc","status":"publish","type":"page","link":"https:\/\/store.wattsc.com\/?page_id=25845","title":{"rendered":"Mobilit\u00e9 \u00e9lectrique &#8211; Solution de parc de v\u00e9los \u00e9lectriques au Maroc"},"content":{"rendered":"\n<h4 class=\"wp-block-heading\">Mobility Parc \u2013 leader de solutions de partage de v\u00e9los \u00e9lectriques<\/h4>\n\n\n\n<p>Propre, silencieux, rapide, sain, pratique\u2026<\/p>\n\n\n\n<p>Gr\u00e2ce \u00e0 toutes ces qualit\u00e9s, le v\u00e9lo \u00e9lectrique (ou V\u00e9lo \u00e0 Assistance Electrique \u2013 VAE) conna\u00eet un grand succ\u00e8s et am\u00e8ne de nombreux particuliers \u00e0 privil\u00e9gier la mobilit\u00e9 douce. Son grand m\u00e9rite : donner \u00e0 l\u2019\u00e9cologie des vertus de plaisir et d\u2019efficacit\u00e9 alors qu\u2019on a parfois tendance \u00e0 y voir un devoir ou une contrainte. Cette nouvelle mobilit\u00e9 s\u2019impose peu \u00e0 peu et s\u00e9duit de plus en plus d\u2019entreprises et de collectivit\u00e9s publiques.<\/p>\n\n\n\n<p>C\u2019est pour optimiser et g\u00e9n\u00e9raliser l\u2019emploi des v\u00e9los \u00e9lectriques que le Mobility Parc a \u00e9t\u00e9 d\u00e9velopp\u00e9. Ce concept de stations de recharge permet de regrouper les v\u00e9los en un endroit, de les s\u00e9curiser et de les utiliser en permanence sans se soucier de la recharge des batteries.<\/p>\n\n\n\n<figure class=\"wp-block-image\"><img decoding=\"async\" class=\"wp-image-1098\" src=\"https:\/\/www.wattworld.ch\/wp-content\/uploads\/2016\/03\/long.png\" alt=\"long\" \/><\/figure>\n\n\n\n<h4 class=\"wp-block-heading\">\u00ab Pour qui &amp; comment ? \u00bb<\/h4>\n\n\n\n<p>Le Mobility Parc est une solution \u00e9volutive qui s\u2019adapte au cadre d\u2019utilisation et aux infrastructures existantes. Chaque entreprise, collectivit\u00e9 ou particulier d\u00e9finit son parc par rapport \u00e0 ses besoins et \u00e0 ses caract\u00e9ristiques.<\/p>\n\n\n\n<p>Une\u00a0<strong>PME<\/strong>\u00a0pour laquelle les d\u00e9placements des collaborateurs sont fr\u00e9quents choisira une version basique du Mobility Parc avec 5 ou 6 bornes de recharge, autant de v\u00e9los et un acc\u00e8s \u00e0 l\u2019aide de porte-cl\u00e9s RFID. Les v\u00e9los \u00e9lectriques pourront d\u00e8s lors \u00eatre utilis\u00e9s en permanence.<\/p>\n\n\n\n<p>Une entreprise avec des centaines de collaborateurs sur\u00a0<strong>plusieurs sites diff\u00e9ren<\/strong>ts optera pour un syst\u00e8me plus complet avec des stations dispos\u00e9es sur chaque site, des v\u00e9los aux couleurs de la soci\u00e9t\u00e9 et reli\u00e9 au syst\u00e8me d\u2019acc\u00e8s de l\u2019entreprise. Les collaborateurs pourront consulter la disponibilit\u00e9 des v\u00e9los via internet, les r\u00e9server et passer rapidement d\u2019un site \u00e0 l\u2019autre.<\/p>\n\n\n\n<p>Dans le cadre de\u00a0<strong>V\u00e9los en Libre-service<\/strong>\u00a0(VLS), une communaut\u00e9 pourra envisager plusieurs stations, certaines munies de totems de paiement, avec de nombreux v\u00e9los en circulation. L\u2019acc\u00e8s au v\u00e9lo se fera soit \u00e0 l\u2019aide d\u2019une carte d\u2019abonn\u00e9, soit en payant par carte de cr\u00e9dit ou via smartphone. Un syst\u00e8me de gestion \u00e9labor\u00e9 sera mis en place afin de faciliter la maintenance du r\u00e9seau et proposera une application mobile pour faciliter l\u2019acc\u00e8s aux usagers.<\/p>\n\n\n\n<p>Un\u00a0<strong>h\u00f4tel ou un \u00e9tablissement touristique<\/strong>\u00a0souhaitant mettre \u00e0 disposition des v\u00e9los aux visiteurs trouvera \u00e9galement une solution adapt\u00e9e. Quelques v\u00e9los sur une station, quelques cartes d\u2019acc\u00e8s \u00e0 la r\u00e9ception et un syst\u00e8me de facturation rapide apr\u00e8s chaque utilisation permettront une gestion facile et un attrait suppl\u00e9mentaire pour ses clients.<\/p>\n\n\n\n<figure class=\"wp-block-image\"><img decoding=\"async\" class=\"wp-image-1099\" src=\"https:\/\/www.wattworld.ch\/wp-content\/uploads\/2016\/03\/long-1.png\" alt=\"long\" \/><\/figure>\n\n\n\n<h1 class=\"wp-block-heading\">Principe de fonctionnement<\/h1>\n\n\n\n<div class=\"wp-block-image\">\n<figure class=\"aligncenter\"><a href=\"https:\/\/www.wattworld.ch\/wp-content\/uploads\/2016\/03\/How-it-works-1-805x5000.jpg\" target=\"_blank\" rel=\"noopener\"><img decoding=\"async\" src=\"https:\/\/www.wattworld.ch\/wp-content\/uploads\/2016\/03\/How-it-works-1.jpg\" alt=\"\" \/><\/a><\/figure>\n<\/div>\n\n\n\n<h4 class=\"wp-block-heading\">Syst\u00e8me \u00ab 100% automatique<\/h4>\n\n\n\n<p>Avec un syst\u00e8me de recharge et un acc\u00e8s aux v\u00e9los enti\u00e8rement automatis\u00e9s, le Mobility Parc repr\u00e9sente la solution id\u00e9ale pour la gestion d\u2019une flotte de v\u00e9los \u00e9lectriques destin\u00e9s \u00e0 un usage collectif.<\/p>\n\n\n\n<h4 class=\"wp-block-heading\">Station modulable<\/h4>\n\n\n\n<p>Une station Mobility Parc est constitu\u00e9e de 2 \u00e0 64 points d\u2019accroches. Les travaux d\u2019installation n\u00e9cessaires se limitent \u00e0 l\u2019arriv\u00e9e d\u2019une gaine technique (\u00e9lectricit\u00e9, internet) jusqu\u2019\u00e0 la station et au scellement des pieds de celle-ci au sol. Les stations sont en g\u00e9n\u00e9ral connect\u00e9e au serveur central via un c\u00e2ble r\u00e9seau (LAN), un acc\u00e8s WI-FI ou un modem GPRS\/3G mais il existe \u00e9galement un mode de fonctionnement simplifi\u00e9 pour les utilisations sans outil de gestion.<\/p>\n\n\n\n<p>Une lumi\u00e8re verte ou rouge indique en un coup d\u2019\u0153il les v\u00e9los disponibles. Un affichage renseigne sur le niveau de charge de la batterie du v\u00e9lo. Chaque borne est \u00e9quip\u00e9e d\u2019un lecteur de carte RFID et d\u2019un mini clavier pour saisir un code pin.<\/p>\n\n\n\n<h4 class=\"wp-block-heading\">Gestion centralis\u00e9e<\/h4>\n\n\n\n<p>Une fois accroch\u00e9 \u00e0 une borne, le v\u00e9lo \u00e9lectrique est verrouill\u00e9 et s\u00e9curis\u00e9. La batterie est recharg\u00e9e si n\u00e9cessaire et le syst\u00e8me r\u00e9cup\u00e8re les donn\u00e9es du v\u00e9lo (identification, utilisation, \u00e9tat de charge\u2026 ). Celles-ci sont envoy\u00e9es et enregistr\u00e9es dans une base de donn\u00e9es qui permet le contr\u00f4le et la gestion du parc \u00e0 distance via internet.<\/p>\n\n\n\n<div class=\"wp-block-image\">\n<figure class=\"aligncenter\"><img decoding=\"async\" class=\"wp-image-837\" src=\"https:\/\/www.wattworld.ch\/wp-content\/uploads\/2016\/03\/MP_schema_system_3-300x153.png\" alt=\"\" \/><\/figure>\n<\/div>\n\n\n\n<h4 class=\"wp-block-heading\">Acc\u00e8s RFID ou Smartphone<\/h4>\n\n\n\n<p>L\u2019acc\u00e8s au v\u00e9lo se fait soit \u00e0 l\u2019aide d\u2019une carte de type RFID ou alors gr\u00e2ce \u00e0 un code obtenu sur son smartphone\/tablet. Une fois l\u2019utilisateur identifi\u00e9, le serveur lib\u00e8re le v\u00e9lo et enregistre les donn\u00e9es d\u2019utilisation.<\/p>\n\n\n\n<p>Toutes les informations sur les parcs (stations, v\u00e9los disponibles, \u00e9tat de charge, incidents techniques\u2026 ) sont disponibles sur une plateforme Web personnalis\u00e9e. Les utilisateurs comme les administrateurs ont acc\u00e8s en temps r\u00e9el \u00e0 ces informations. Le Mobility Parc est adapt\u00e9 aux flottes r\u00e9duites (quelques v\u00e9los) comme \u00e0 l\u2019usage en libre service (stations multiples).<\/p>\n\n\n\n<h4 class=\"wp-block-heading\">Plateforme web personnalis\u00e9e<\/h4>\n\n\n\n<p>La plateforme web du Mobility Parc donne acc\u00e8s aux utilisateurs \u00e0 toutes les informations concernant le parc. La page d\u2019accueil, disponible au public, montre l\u2019\u00e9tat des stations et donne acc\u00e8s \u00e0 un formulaire d\u2019inscription en ligne. Pour l\u2019usager inscrit : une page personnelle lui permet d\u2019acc\u00e9der aux informations de son compte (historique de ses emprunts, r\u00e9servations, cr\u00e9dit disponible\u2026 ).<\/p>\n\n\n\n<div class=\"wp-block-image\">\n<figure class=\"aligncenter\"><img decoding=\"async\" class=\"wp-image-2465\" src=\"https:\/\/www.wattworld.ch\/wp-content\/uploads\/2019\/02\/Screenshot_20190205-154057_VLS-St-Nazaire-et-Pornichet.jpg\" alt=\"\" \/><\/figure>\n<\/div>\n\n\n\n<div class=\"wp-block-image\">\n<figure class=\"aligncenter\"><img decoding=\"async\" class=\"wp-image-2467\" src=\"https:\/\/www.wattworld.ch\/wp-content\/uploads\/2019\/02\/Screenshot_20190205-154128_VLS-St-Nazaire-et-Pornichet.jpg\" alt=\"\" \/><\/figure>\n<\/div>\n\n\n\n<p>Enfin pour l\u2019administrateur, un acc\u00e8s complet \u00e0 la base de donn\u00e9es permet la gestion des usagers, un suivi d\u00e9taill\u00e9 des mouvements des v\u00e9los ainsi que divers rapports statistiques. Celui-ci peut activer diverses options sur son parc, comme par exemple la r\u00e9servation des v\u00e9los par les usagers, l\u2019acc\u00e8s \u00e0 l\u2019\u00e9tat du parc au public, les tarifs de location\u2026<\/p>\n\n\n\n<div class=\"wp-block-image\">\n<figure class=\"aligncenter\"><a href=\"https:\/\/www.mobility-parc.net\/m\/welcome.do?communityId=2\" target=\"_blank\" rel=\"noreferrer noopener\"><img decoding=\"async\" class=\"wp-image-2473\" src=\"https:\/\/www.wattworld.ch\/wp-content\/uploads\/2019\/02\/Login-MP.png\" alt=\"\" \/><\/a><\/figure>\n<\/div>\n\n\n\n<p>En quelques cliques, ces pages web sont personnalisables aux couleurs et logo de chaque projet.<\/p>\n\n\n\n<h4 class=\"wp-block-heading\">Facturation et solution de paiement<\/h4>\n\n\n\n<p>Pour les parcs de location de v\u00e9los, une borne de paiement peut \u00eatre ajout\u00e9e \u00e0 la station. Celle-ci permet \u00e0 l\u2019utilisateur occasionnel d\u2019obtenir un acc\u00e8s journalier ou de recharger un compte existant au moyen d\u2019une carte bancaire. Bien entendu, la plateforme int\u00e8gre \u00e9galement un outil de paiement en ligne (Carte de cr\u00e9dit, Paypal, \u2026) permettant ainsi des solutions de facturation soit mensuel, soit en pr\u00e9paiement.<\/p>\n\n\n\n<p>&nbsp;<\/p>\n\n\n\n<div class=\"wp-block-qubely-contactform qubely-block-a11fc8\">\n<div class=\"qubely-block-contact-form qubely-layout-classic\"><form class=\"qubely-form\">\n<div class=\"qubely-form-group\">\n<div class=\"qubely-form-group-inner\">\n<div class=\"qubely-form-message\">\u00a0<\/div>\n<\/div>\n<\/div>\n<\/form><\/div>\n<\/div>\n\n<div id=\"gtx-trans\" style=\"position: absolute; left: 162px; top: 12524.1px;\">\n<div class=\"gtx-trans-icon\">\u00a0<\/div>\n<\/div>","protected":false},"excerpt":{"rendered":"<p>Mobility Parc \u2013 leader de solutions de partage de v\u00e9los \u00e9lectriques Propre, silencieux, rapide, sain, pratique\u2026 Gr\u00e2ce \u00e0 toutes ces [&hellip;]<\/p>\n","protected":false},"author":1,"featured_media":0,"parent":0,"menu_order":0,"comment_status":"open","ping_status":"open","template":"","meta":{"content-type":"","rop_custom_images_group":[],"rop_custom_messages_group":[],"rop_publish_now":"initial","rop_publish_now_accounts":{"gmb_114395098992411388296_accounts\/114395098992411388296\/locations\/12006445379806666969":"","linkedin_vd11fNtDAd_vd11fNtDAd":"","twitter_1300405782383558656_1300405782383558656":"","tumblr_wattscdotcom_wattscdotcom":"","facebook_1791781087687796_116085383271852":"","gmb_107160579247662550978_accounts\/107160579247662550978\/locations\/12097786389432444087":"","gmb_107160579247662550978_accounts\/107160579247662550978\/locations\/10051390009109310933":"","gmb_107160579247662550978_accounts\/107160579247662550978\/locations\/12006445379806666969":"","facebook_1791781087687796_17841456517942081":"","linkedin_PK5Ejlb2VU_105025086":"","linkedin_PK5Ejlb2VU_37419926":""},"rop_publish_now_history":[],"rop_publish_now_status":"pending","site-sidebar-layout":"default","site-content-layout":"","ast-site-content-layout":"default","site-content-style":"default","site-sidebar-style":"default","ast-global-header-display":"","ast-banner-title-visibility":"","ast-main-header-display":"","ast-hfb-above-header-display":"","ast-hfb-below-header-display":"","ast-hfb-mobile-header-display":"","site-post-title":"","ast-breadcrumbs-content":"","ast-featured-img":"","footer-sml-layout":"","ast-disable-related-posts":"","theme-transparent-header-meta":"","adv-header-id-meta":"","stick-header-meta":"","header-above-stick-meta":"","header-main-stick-meta":"","header-below-stick-meta":"","astra-migrate-meta-layouts":"default","ast-page-background-enabled":"default","ast-page-background-meta":{"desktop":{"background-color":"var(--ast-global-color-5)","background-image":"","background-repeat":"repeat","background-position":"center center","background-size":"auto","background-attachment":"scroll","background-type":"","background-media":"","overlay-type":"","overlay-color":"","overlay-opacity":"","overlay-gradient":""},"tablet":{"background-color":"","background-image":"","background-repeat":"repeat","background-position":"center center","background-size":"auto","background-attachment":"scroll","background-type":"","background-media":"","overlay-type":"","overlay-color":"","overlay-opacity":"","overlay-gradient":""},"mobile":{"background-color":"","background-image":"","background-repeat":"repeat","background-position":"center center","background-size":"auto","background-attachment":"scroll","background-type":"","background-media":"","overlay-type":"","overlay-color":"","overlay-opacity":"","overlay-gradient":""}},"ast-content-background-meta":{"desktop":{"background-color":"var(--ast-global-color-4)","background-image":"","background-repeat":"repeat","background-position":"center center","background-size":"auto","background-attachment":"scroll","background-type":"","background-media":"","overlay-type":"","overlay-color":"","overlay-opacity":"","overlay-gradient":""},"tablet":{"background-color":"var(--ast-global-color-4)","background-image":"","background-repeat":"repeat","background-position":"center center","background-size":"auto","background-attachment":"scroll","background-type":"","background-media":"","overlay-type":"","overlay-color":"","overlay-opacity":"","overlay-gradient":""},"mobile":{"background-color":"var(--ast-global-color-4)","background-image":"","background-repeat":"repeat","background-position":"center center","background-size":"auto","background-attachment":"scroll","background-type":"","background-media":"","overlay-type":"","overlay-color":"","overlay-opacity":"","overlay-gradient":""}},"footnotes":""},"class_list":["post-25845","page","type-page","status-publish","hentry"],"_links":{"self":[{"href":"https:\/\/store.wattsc.com\/index.php?rest_route=\/wp\/v2\/pages\/25845","targetHints":{"allow":["GET"]}}],"collection":[{"href":"https:\/\/store.wattsc.com\/index.php?rest_route=\/wp\/v2\/pages"}],"about":[{"href":"https:\/\/store.wattsc.com\/index.php?rest_route=\/wp\/v2\/types\/page"}],"author":[{"embeddable":true,"href":"https:\/\/store.wattsc.com\/index.php?rest_route=\/wp\/v2\/users\/1"}],"replies":[{"embeddable":true,"href":"https:\/\/store.wattsc.com\/index.php?rest_route=%2Fwp%2Fv2%2Fcomments&post=25845"}],"version-history":[{"count":0,"href":"https:\/\/store.wattsc.com\/index.php?rest_route=\/wp\/v2\/pages\/25845\/revisions"}],"wp:attachment":[{"href":"https:\/\/store.wattsc.com\/index.php?rest_route=%2Fwp%2Fv2%2Fmedia&parent=25845"}],"curies":[{"name":"wp","href":"https:\/\/api.w.org\/{rel}","templated":true}]}}