{"id":25825,"date":"2023-05-27T17:06:32","date_gmt":"2023-05-27T17:06:32","guid":{"rendered":"https:\/\/store.wattsc.com\/conditions-dutilisation\/"},"modified":"2023-05-27T17:06:32","modified_gmt":"2023-05-27T17:06:32","slug":"conditions-dutilisation","status":"publish","type":"page","link":"https:\/\/store.wattsc.com\/?page_id=25825","title":{"rendered":"Conditions d&rsquo;utilisation"},"content":{"rendered":"\n<p>Derni\u00e8re mise \u00e0 jour : 28 Juin 2021<\/p>\n\n\n\n<p>Bienvenue sur Wattsc.com.<\/p>\n\n\n\n<p>Wattsc.com vous fournit des fonctionnalit\u00e9s de site Web et d&rsquo;autres produits et services lorsque vous visitez ou faites des achats sur Wattsc.com, utilisez des produits ou services WATTSC, utilisez des applications Wattsc pour mobile ou utilisez des logiciels fournis par Wattsc. En utilisant les services Wattsc, vous acceptez, au nom de vous-m\u00eame et de tous les membres de votre foyer et des autres personnes qui utilisent un Service sous votre compte, les conditions suivantes.<\/p>\n\n\n\n<p>Veuillez lire attentivement ces conditions.<\/p>\n\n\n\n<p>Nous proposons une large gamme de services Wattsc, et parfois, des conditions suppl\u00e9mentaires peuvent s&rsquo;appliquer. Lorsque vous utilisez un service Wattsc (par exemple, votre profil, une vid\u00e9o, notre m\u00e9diath\u00e8que, des appareils ou des applications Wattsc, vous serez \u00e9galement soumis aux directives, conditions et accords applicables \u00e0 ce service Wattsc (Termes de Service). Si ces conditions d&rsquo;utilisation sont incompatibles avec les conditions de service, celles-ci pr\u00e9vaudront.<\/p>\n\n\n\n<h3 class=\"wp-block-heading\">INTIMIT\u00c9<\/h3>\n\n\n\n<p>Veuillez consulter notre Avis de confidentialit\u00e9, qui r\u00e9git \u00e9galement votre utilisation des services Wattsc pour comprendre nos pratiques.<\/p>\n\n\n\n<h3 class=\"wp-block-heading\">COMMUNICATIONS \u00c9LECTRONIQUES<\/h3>\n\n\n\n<p>Lorsque vous utilisez les services Wattsc ou que vous nous envoyez des e-mails, des SMS et d&rsquo;autres communications depuis votre ordinateur de bureau ou votre appareil mobile, vous pouvez communiquer avec nous par voie \u00e9lectronique. Vous consentez \u00e0 recevoir des communications de notre part par voie \u00e9lectronique, telles que des e-mails, des SMS, des notifications push mobiles ou des notifications et messages sur ce site ou via les autres services Wattsc, tels que notre centre de messagerie, et vous pouvez conserver des copies de ces communications pour vos dossiers. Vous acceptez que tous les accords, avis, divulgations et autres communications que nous vous fournissons par voie \u00e9lectronique satisfassent \u00e0 toute exigence l\u00e9gale selon laquelle ces communications doivent \u00eatre \u00e9crites.<\/p>\n\n\n\n<h3 class=\"wp-block-heading\">DROITS D&rsquo;AUTEUR<\/h3>\n\n\n\n<p>Tout le contenu inclus ou mis \u00e0 disposition via Wattsc, tel que les textes, les graphiques, les logos, les ic\u00f4nes de boutons, les images, les clips audio, les t\u00e9l\u00e9chargements num\u00e9riques, les compilations de donn\u00e9es et les logiciels, est la propri\u00e9t\u00e9 de Wattsc ou de ses fournisseurs de contenu et prot\u00e9g\u00e9 par les lois internationales concernant les droit d&rsquo;auteur. La compilation de tout le contenu inclus ou mis \u00e0 disposition via un service Watssc est la propri\u00e9t\u00e9 exclusive de Wattsc et est prot\u00e9g\u00e9e par les lois internationales sur le droit d&rsquo;auteur.<\/p>\n\n\n\n<h3 class=\"wp-block-heading\">MARQUES DE COMMERCE<\/h3>\n\n\n\n<p>En outre, les graphiques, logos, en-t\u00eates de page, ic\u00f4nes de boutons, scripts et noms de services inclus ou mis \u00e0 disposition via tout service Wattsc sont des marques ou des habillages commerciaux de Wattsc au Maroc et dans d&rsquo;autres pays. Les marques commerciales et l&rsquo;habillage commercial de Wattsc ne peuvent \u00eatre utilis\u00e9s en relation avec un produit ou un service qui n&rsquo;est pas celui de Wattsc, une mani\u00e8re susceptible de semer la confusion parmi les clients, ou d&rsquo;une mani\u00e8re qui d\u00e9pr\u00e9cie ou discr\u00e9dite Wattsc. Toutes les autres marques commerciales n&rsquo;appartenant pas \u00e0 Wattsc et apparaissant dans un Service Wattsc sont la propri\u00e9t\u00e9 de leurs propri\u00e9taires respectifs, qui peuvent ou non \u00eatre affili\u00e9s, connect\u00e9s \u00e0 ou sponsoris\u00e9s par Wattsc.<\/p>\n\n\n\n<h3 class=\"wp-block-heading\">BREVETS<\/h3>\n\n\n\n<p>Un ou plusieurs brevets d\u00e9tenus par Wattsc s&rsquo;appliquent \u00e0 nos services et aux fonctionnalit\u00e9s et services accessibles via nos plateformes. Des parties des services Wattsc fonctionnent sous la licence d&rsquo;un ou plusieurs brevets.<\/p>\n\n\n\n<h3 class=\"wp-block-heading\">LICENCE ET ACC\u00c8S<\/h3>\n\n\n\n<p>Sous r\u00e9serve de votre respect des pr\u00e9sentes conditions d&rsquo;utilisation et de toutes les conditions de service, et de votre paiement de tous les frais applicables, Wattsc ou ses fournisseurs de contenu vous accordent une licence limit\u00e9e, non exclusive, non transf\u00e9rable et non sous-licenciable pour acc\u00e9der et rendre personnel et \u00e0 usage non commercial des services Wattsc. Cette licence n&rsquo;inclut aucune revente ou utilisation commerciale d&rsquo;un service Wattsc ou de son contenu ; toute collecte et utilisation de listes de produits, de descriptions ou de prix ; toute utilisation d\u00e9riv\u00e9e de tout service Wattsc ou de son contenu ; tout t\u00e9l\u00e9chargement, copie ou autre utilisation des informations de compte au profit d&rsquo;un tiers ; ou toute utilisation d&rsquo;exploration de donn\u00e9es, de robots ou d&rsquo;outils similaires de collecte et d&rsquo;extraction de donn\u00e9es. Tous les droits qui ne vous sont pas express\u00e9ment accord\u00e9s dans les pr\u00e9sentes Conditions d&rsquo;utilisation ou dans les Conditions de service sont r\u00e9serv\u00e9s et conserv\u00e9s par Wattsc ou ses conc\u00e9dants de licence, fournisseurs, \u00e9diteurs, titulaires de droits ou autres fournisseurs de contenu. Aucun service Wattsc, ni aucune partie d&rsquo;un service Wattsc, ne peut \u00eatre reproduit, dupliqu\u00e9, copi\u00e9, vendu, revendu, visit\u00e9 ou autrement exploit\u00e9 \u00e0 des fins commerciales sans le consentement \u00e9crit explicitement par Wattsc. Vous ne pouvez pas encadrer ou utiliser des techniques de cadrage pour inclure une marque, un logo ou d&rsquo;autres informations exclusives (y compris des images, du texte, une mise en page ou un formulaire) de Wattsc sans notre consentement \u00e9crit. Vous ne pouvez pas utiliser de balises m\u00e9ta ou tout autre \u00ab texte cach\u00e9 \u00bb utilisant le nom ou les marques de Wattsc sans notre consentement explicitement \u00e9crit. Vous ne pouvez pas abuser des services Wattsc. Vous ne pouvez utiliser les services Wattsc que dans la mesure permise par la loi. Les licences accord\u00e9es par Wattsc prennent fin si vous ne respectez pas les pr\u00e9sentes Conditions d&rsquo;utilisation ou les Conditions de service.<\/p>\n\n\n\n<h3 class=\"wp-block-heading\">PLAINTES DE PROPRI\u00c9T\u00c9 INTELLECTUELLE<\/h3>\n\n\n\n<p>Wattsc respecte la propri\u00e9t\u00e9 intellectuelle d&rsquo;autrui. Si vous pensez que vos droits de propri\u00e9t\u00e9 intellectuelle sont enfreints, veuillez suivre notre Avis et proc\u00e9dure pour faire des r\u00e9clamations pour violation du droit d&rsquo;auteur<\/p>\n\n\n\n<h3 class=\"wp-block-heading\">RISQUE DE PERTE<\/h3>\n\n\n\n<p>Tous les achats d&rsquo;articles physiques aupr\u00e8s de Wattsc sont effectu\u00e9s conform\u00e9ment \u00e0 un contrat d&rsquo;exp\u00e9dition. Cela signifie que le risque de perte et la propri\u00e9t\u00e9 de ces articles vous sont transf\u00e9r\u00e9s lors de notre livraison au transporteur.<\/p>\n\n\n\n<h3 class=\"wp-block-heading\">RETOURS, REMBOURSEMENTS ET TITRE<\/h3>\n\n\n\n<p>Wattsc ne prend pas le titre des articles retourn\u00e9s jusqu&rsquo;\u00e0 ce que l&rsquo;article arrive \u00e0 notre centre de distribution. \u00c0 notre discr\u00e9tion, un remboursement peut \u00eatre effectu\u00e9 sans exiger un retour. Dans cette situation, Wattsc ne prend pas la propri\u00e9t\u00e9 de l&rsquo;article rembours\u00e9<\/p>\n\n\n\n<h3 class=\"wp-block-heading\">DESCRIPTION DES PRODUITS<\/h3>\n\n\n\n<p>Wattsc essaie d&rsquo;\u00eatre aussi pr\u00e9cis que possible. Cependant, Wattsc ne garantit pas que les descriptions de produits ou tout autre contenu de tout service Wattsc sont exacts, complets, fiables, \u00e0 jour ou sans erreur. Si un produit propos\u00e9 par Wattsc n&rsquo;est pas conforme \u00e0 la description, votre seul recours est de le retourner dans un \u00e9tat inutilis\u00e9.<\/p>\n\n\n\n<h3 class=\"wp-block-heading\">TARIFICATION<\/h3>\n\n\n\n<p>Le prix d\u00e9signe le prix sugg\u00e9r\u00e9 d&rsquo;un produit tel que fourni par un fabricant, un fournisseur ou un vendeur. Nous v\u00e9rifions r\u00e9guli\u00e8rement les prix par rapport aux prix r\u00e9cemment trouv\u00e9s sur Wattsc et d&rsquo;autres d\u00e9taillants. Certains produits peuvent afficher un prix historique, qui est d\u00e9termin\u00e9 \u00e0 l&rsquo;aide de l&rsquo;historique des prix r\u00e9cents du produit sur Wattsc.<\/p>\n\n\n\n<p>En ce qui concerne les articles vendus par Wattsc, nous ne pouvons pas confirmer le prix d&rsquo;un article tant que vous ne l&rsquo;avez pas command\u00e9. Malgr\u00e9 tous nos efforts, un petit nombre d&rsquo;articles de notre catalogue peut \u00eatre mal \u00e9valu\u00e9. Si le prix correct d&rsquo;un article vendu par Wattsc est sup\u00e9rieur \u00e0 notre prix indiqu\u00e9, nous vous contacterons, \u00e0 notre discr\u00e9tion, pour obtenir des instructions avant l&rsquo;exp\u00e9dition ou annulerons votre commande et vous informerons de cette annulation. D&rsquo;autres marchands peuvent suivre des politiques diff\u00e9rentes en cas d&rsquo;article mal \u00e9valu\u00e9.<\/p>\n\n\n\n<p>Nous ne d\u00e9bitons g\u00e9n\u00e9ralement votre carte de cr\u00e9dit qu&rsquo;une fois que votre commande est entr\u00e9e dans le processus d&rsquo;exp\u00e9dition ou, pour les produits num\u00e9riques, jusqu&rsquo;\u00e0 ce que nous mettions le produit num\u00e9rique \u00e0 votre disposition.<\/p>\n\n\n\n<h3 class=\"wp-block-heading\">SANCTIONS ET POLITIQUE D&rsquo;EXPORTATION<\/h3>\n\n\n\n<p>Vous ne pouvez utiliser aucun service Wattsc si vous faites l&rsquo;objet de sanctions marocaines ou de sanctions conformes \u00e0 la loi marocaines impos\u00e9es par les gouvernements du pays o\u00f9 vous utilisez les services Wattsc. Vous devez vous conformer \u00e0 toutes les restrictions d&rsquo;exportation et de r\u00e9exportation marocaines ou autres qui peuvent s&rsquo;appliquer aux biens, logiciels (y compris les logiciels fournis par Wattsc), technologies et services.<\/p>\n\n\n\n<h3 class=\"wp-block-heading\">AVIS DE NON-RESPONSABILIT\u00c9 ET LIMITATION DE RESPONSABILIT\u00c9<\/h3>\n\n\n\n<p>LES SERVICES WATTSC ET TOUTES LES INFORMATIONS, CONTENUS, MAT\u00c9RIAUX, PRODUITS (Y COMPRIS LES LOGICIELS) ET AUTRES SERVICES INCLUS OU AUTREMENT MIS \u00c0 VOTRE DISPOSITION PAR L&rsquo;INTERM\u00c9DIAIRE DES SERVICES WATTSC SONT FOURNIS PAR WATTSC \u00ab TELS QU&rsquo;ILS SONT \u00bb ET \u00ab SELON LA DISPONIBILIT\u00c9 \u00bb, SAUF INDICATION CONTRAIRE SP\u00c9CIFI\u00c9 PAR \u00c9CRIT. WATTSC NE FAIT AUCUNE REPR\u00c9SENTATION OU GARANTIE D&rsquo;AUCUNE SORTE, EXPLICITE OU IMPLICITE, QUANT AU FONCTIONNEMENT DES SERVICES WATTSC, OU AUX INFORMATIONS, CONTENU, MAT\u00c9RIAUX, PRODUITS (Y COMPRIS LES LOGICIELS) OU AUTRES SERVICES INCLUS OU AUTREMENT MIS \u00c0 VOTRE DISPOSITION PAR WATTSC, SAUF INDICATION CONTRAIRE PAR \u00c9CRIT. VOUS ACCEPTEZ EXPRESS\u00c9MENT QUE VOTRE UTILISATION DES SERVICES AMAZON EST \u00c0 VOS PROPRES RISQUES.<\/p>\n\n\n\n<p>DANS TOUTE LA MESURE PERMISE PAR LA LOI, WATTSC D\u00c9CLINE TOUTE GARANTIE, EXPLICITE OU IMPLICITE, Y COMPRIS, MAIS SANS S&rsquo;Y LIMITER, LES GARANTIES IMPLICITES DE QUALIT\u00c9 MARCHANDE ET D&rsquo;ADAPTATION \u00c0 UN USAGE PARTICULIER. WATTSC NE GARANTIT PAS QUE LES SERVICES WATTSC, LES INFORMATIONS, LE CONTENU, LES MAT\u00c9RIAUX, LES PRODUITS (Y COMPRIS LES LOGICIELS) OU AUTRES SERVICES INCLUS OU AUTREMENT MIS \u00c0 VOTRE DISPOSITION PAR L&rsquo;INTERM\u00c9DIAIRE DES SERVICES WATTSC, LES SERVEURS WATTSC OU LES COMMUNICATIONS \u00c9LECTRONIQUES ENVOY\u00c9ES PAR WATTSC OU AUTRES NE CONTIENNENT PAS DE COMPOSANTS NOCIFS. DANS TOUTE LA MESURE PERMISE PAR LA LOI, WATTSC NE POURRA \u00caTRE TENU RESPONSABLE D&rsquo;AUCUN DOMMAGE DE QUELQUE NATURE QU&rsquo;IL SOIT R\u00c9SULTANT DE L&rsquo;UTILISATION DE TOUT SERVICE WATTSC, OU DE TOUTE INFORMATION, CONTENU, MAT\u00c9RIEL, PRODUIT (Y COMPRIS LES LOGICIELS) OU AUTRES SERVICES INCLUS OU AUTREMENT DISPONIBLE POUR VOUS PAR L&rsquo;INTERM\u00c9DIAIRE DE TOUT SERVICE WATTSC, Y COMPRIS, MAIS SANS S&rsquo;Y LIMITER, LES DOMMAGES DIRECTS, INDIRECTS, CIRCONSTANCIAUX, PUNITIFS ET CONS\u00c9CUTIFS, SAUF INDICATION CONTRAIRE PAR \u00c9CRIT.<\/p>\n\n\n\n<h3 class=\"wp-block-heading\">DISPUTES<\/h3>\n\n\n\n<p>Tout litige ou r\u00e9clamation li\u00e9s de quelque mani\u00e8re que ce soit \u00e0 votre utilisation de tout service WATTSC sera jug\u00e9 par les tribunaux d&rsquo;\u00c9tat, et vous consentez \u00e0 la juridiction et au lieu exclusifs de ces tribunaux. Nous renon\u00e7ons \u00e0 tout droit \u00e0 un proc\u00e8s devant le jury.<\/p>\n\n\n\n<h3 class=\"wp-block-heading\">LOI APPLICABLE<\/h3>\n\n\n\n<p>En utilisant un service Wattsc, vous acceptez que la loi applicable et les lois marocaines, sans \u00e9gard aux principes de conflit de lois, r\u00e9giront ces conditions d&rsquo;utilisation et tout litige de quelconque nature qui pourrait survenir entre vous et Wattsc.<\/p>\n\n\n\n<h3 class=\"wp-block-heading\">POLITIQUES DU SITE, MODIFICATION ET DIVISIBILITE<\/h3>\n\n\n\n<p>Veuillez consulter nos autres politiques, telles que notre politique de prix, publi\u00e9es sur ce site. Ces politiques r\u00e9gissent \u00e9galement votre utilisation des services Wattsc. Nous nous r\u00e9servons le droit d&rsquo;apporter des modifications \u00e0 notre site, \u00e0 nos politiques, \u00e0 nos conditions de service et \u00e0 ces conditions d&rsquo;utilisation \u00e0 tout moment. Si l&rsquo;une de ces conditions est jug\u00e9e invalide, nulle ou inapplicable pour quelconque raison, cette condition n&rsquo;affectera pas la validit\u00e9 et l&rsquo;applicabilit\u00e9 de toute condition restante.<\/p>\n\n\n\n<h3 class=\"wp-block-heading\">NOTRE ADRESSE<\/h3>\n\n\n\n<p>Wattsc.com<br>46, BD Zerktouni ETG 2 N\u00b0 6, Casablanca, Maroc<\/p>\n\n\n\n<h3 class=\"wp-block-heading\">CONDITIONS SUPPL\u00c9MENTAIRES DES SERVICES WATTSC<\/h3>\n\n\n\n<h4 class=\"wp-block-heading\">Utilisation du site Wattsc<\/h4>\n\n\n\n<p>Vous pouvez utiliser le site WATTSC uniquement dans le but de vous permettre d&rsquo;utiliser les services Wattsc, et comme le permettent les pr\u00e9sentes conditions d&rsquo;utilisation et les conditions de service. Vous ne pouvez incorporer aucune partie du site et autres plateformes Wattsc dans d&rsquo;autres programmes ou compiler une partie de celui-ci en combinaison avec d&rsquo;autres programmes, ou autrement copier (sauf pour exercer les droits accord\u00e9s dans cette section), modifier, cr\u00e9er des \u0153uvres d\u00e9riv\u00e9es, distribuer, c\u00e9der tout les droits ou la licence du site Wattsc en tout ou en partie. Tous les logiciels utilis\u00e9s dans une plateforme de Wattsc sont la propri\u00e9t\u00e9 de Wattsc ou de ses fournisseurs de logiciels et sont prot\u00e9g\u00e9s par les lois internationales des droits d&rsquo;auteur.<\/p>\n\n\n\n<h4 class=\"wp-block-heading\">Pas d&rsquo;ing\u00e9nierie inverse<\/h4>\n\n\n\n<p>Vous ne pouvez pas proc\u00e9der \u00e0 l&rsquo;ing\u00e9nierie inverse, d\u00e9compiler ou d\u00e9sassembler, alt\u00e9rer ou contourner toute s\u00e9curit\u00e9 associ\u00e9e aux plateformes de Wattsc, que ce soit en tout ou en partie.<\/p>\n\n\n\n<h4 class=\"wp-block-heading\">Mises \u00e0 jour<\/h4>\n\n\n\n<p>Nous pouvons proposer des mises \u00e0 jour automatiques ou manuelles aux plateformes Wattsc \u00e0 tout moment et sans pr\u00e9avis.<\/p>\n\n\n\n<h4 class=\"wp-block-heading\">Conflits<\/h4>\n\n\n\n<p>En cas de conflit entre les pr\u00e9sentes Conditions d&rsquo;utilisation et toute autre condition de Wattsc, celles-ci pr\u00e9vaudront sur cette partie de la plateforme Wattsc concern\u00e9e et dans l&rsquo;\u00e9tendue du conflit.<\/p>\n","protected":false},"excerpt":{"rendered":"<p>Derni\u00e8re mise \u00e0 jour : 28 Juin 2021 Bienvenue sur Wattsc.com. Wattsc.com vous fournit des fonctionnalit\u00e9s de site Web et [&hellip;]<\/p>\n","protected":false},"author":1,"featured_media":0,"parent":0,"menu_order":0,"comment_status":"open","ping_status":"open","template":"","meta":{"content-type":"","rop_custom_images_group":[],"rop_custom_messages_group":[],"rop_publish_now":"initial","rop_publish_now_accounts":{"gmb_114395098992411388296_accounts\/114395098992411388296\/locations\/12006445379806666969":"","linkedin_vd11fNtDAd_vd11fNtDAd":"","twitter_1300405782383558656_1300405782383558656":"","tumblr_wattscdotcom_wattscdotcom":"","facebook_1791781087687796_116085383271852":"","gmb_107160579247662550978_accounts\/107160579247662550978\/locations\/12097786389432444087":"","gmb_107160579247662550978_accounts\/107160579247662550978\/locations\/10051390009109310933":"","gmb_107160579247662550978_accounts\/107160579247662550978\/locations\/12006445379806666969":"","facebook_1791781087687796_17841456517942081":"","linkedin_PK5Ejlb2VU_105025086":"","linkedin_PK5Ejlb2VU_37419926":""},"rop_publish_now_history":[],"rop_publish_now_status":"pending","site-sidebar-layout":"default","site-content-layout":"","ast-site-content-layout":"default","site-content-style":"default","site-sidebar-style":"default","ast-global-header-display":"","ast-banner-title-visibility":"","ast-main-header-display":"","ast-hfb-above-header-display":"","ast-hfb-below-header-display":"","ast-hfb-mobile-header-display":"","site-post-title":"","ast-breadcrumbs-content":"","ast-featured-img":"","footer-sml-layout":"","ast-disable-related-posts":"","theme-transparent-header-meta":"","adv-header-id-meta":"","stick-header-meta":"","header-above-stick-meta":"","header-main-stick-meta":"","header-below-stick-meta":"","astra-migrate-meta-layouts":"default","ast-page-background-enabled":"default","ast-page-background-meta":{"desktop":{"background-color":"var(--ast-global-color-5)","background-image":"","background-repeat":"repeat","background-position":"center center","background-size":"auto","background-attachment":"scroll","background-type":"","background-media":"","overlay-type":"","overlay-color":"","overlay-opacity":"","overlay-gradient":""},"tablet":{"background-color":"","background-image":"","background-repeat":"repeat","background-position":"center center","background-size":"auto","background-attachment":"scroll","background-type":"","background-media":"","overlay-type":"","overlay-color":"","overlay-opacity":"","overlay-gradient":""},"mobile":{"background-color":"","background-image":"","background-repeat":"repeat","background-position":"center center","background-size":"auto","background-attachment":"scroll","background-type":"","background-media":"","overlay-type":"","overlay-color":"","overlay-opacity":"","overlay-gradient":""}},"ast-content-background-meta":{"desktop":{"background-color":"var(--ast-global-color-4)","background-image":"","background-repeat":"repeat","background-position":"center center","background-size":"auto","background-attachment":"scroll","background-type":"","background-media":"","overlay-type":"","overlay-color":"","overlay-opacity":"","overlay-gradient":""},"tablet":{"background-color":"var(--ast-global-color-4)","background-image":"","background-repeat":"repeat","background-position":"center center","background-size":"auto","background-attachment":"scroll","background-type":"","background-media":"","overlay-type":"","overlay-color":"","overlay-opacity":"","overlay-gradient":""},"mobile":{"background-color":"var(--ast-global-color-4)","background-image":"","background-repeat":"repeat","background-position":"center center","background-size":"auto","background-attachment":"scroll","background-type":"","background-media":"","overlay-type":"","overlay-color":"","overlay-opacity":"","overlay-gradient":""}},"footnotes":""},"class_list":["post-25825","page","type-page","status-publish","hentry"],"_links":{"self":[{"href":"https:\/\/store.wattsc.com\/index.php?rest_route=\/wp\/v2\/pages\/25825","targetHints":{"allow":["GET"]}}],"collection":[{"href":"https:\/\/store.wattsc.com\/index.php?rest_route=\/wp\/v2\/pages"}],"about":[{"href":"https:\/\/store.wattsc.com\/index.php?rest_route=\/wp\/v2\/types\/page"}],"author":[{"embeddable":true,"href":"https:\/\/store.wattsc.com\/index.php?rest_route=\/wp\/v2\/users\/1"}],"replies":[{"embeddable":true,"href":"https:\/\/store.wattsc.com\/index.php?rest_route=%2Fwp%2Fv2%2Fcomments&post=25825"}],"version-history":[{"count":0,"href":"https:\/\/store.wattsc.com\/index.php?rest_route=\/wp\/v2\/pages\/25825\/revisions"}],"wp:attachment":[{"href":"https:\/\/store.wattsc.com\/index.php?rest_route=%2Fwp%2Fv2%2Fmedia&parent=25825"}],"curies":[{"name":"wp","href":"https:\/\/api.w.org\/{rel}","templated":true}]}}